{"id":113930,"date":"2025-09-15T10:54:28","date_gmt":"2025-09-15T10:54:28","guid":{"rendered":"https:\/\/kinamihealth.com\/?post_type=product&#038;p=113930"},"modified":"2025-10-23T07:01:40","modified_gmt":"2025-10-23T07:01:40","slug":"intraline-spiral-30g-254-30-7-0","status":"publish","type":"product","link":"https:\/\/kinamihealth.com\/de\/produkt\/intraline-spiral-30g-254-30-7-0\/","title":{"rendered":"INTRALINE\u00ae SPIRAL 30G 25,4 30 7-0"},"content":{"rendered":"<p><span style=\"font-weight: 400;\"><strong>INTRALINE\u00ae SPIRAL 30G 25,4 30 7-0<\/strong> ist eine <\/span><b>verj\u00fcngende <\/b><span style=\"font-weight: 400;\">und <\/span><b>straffende Behandlung<\/b><span style=\"font-weight: 400;\">, die ein <\/span><b>medizinisches Polymer <\/b><span style=\"font-weight: 400;\">nutzt, um erschlaffte Haut anzuheben und die Produktion von <\/span><b>Kollagen <\/b><span style=\"font-weight: 400;\">und <\/span><b>Elastin <\/b><span style=\"font-weight: 400;\">zu steigern \u2013 f\u00fcr eine <\/span><b>verbesserte Gesundheit und Struktur<\/b><span style=\"font-weight: 400;\"> des Bindegewebes. Die <\/span><b>F\u00e4den <\/b><span style=\"font-weight: 400;\">bestehen aus <\/span><b>Polydioxanon (PDO)<\/b><span style=\"font-weight: 400;\">, einem <\/span><b>biologisch abbaubaren Nahtmaterial<\/b><span style=\"font-weight: 400;\">. W\u00e4hlen Sie <\/span><b>Form und L\u00e4nge <\/b><span style=\"font-weight: 400;\">passend zum Hautzustand und den Bed\u00fcrfnissen jedes Kunden. <\/span><b>Kaufen Sie INTRALINE SPIRAL 30G 25.4 30 7-0<\/b><span style=\"font-weight: 400;\"> bei <\/span><b>Kinami Health<\/b><span style=\"font-weight: 400;\"> und bestellen Sie <\/span><b>hochwertige INTRALINE-Produkte<\/b><span style=\"font-weight: 400;\">, die individuell auf die Bed\u00fcrfnisse des jeweiligen Kunden abgestimmt sind.<\/span><\/p>\n","protected":false},"excerpt":{"rendered":"<p>INTRALINE\u00ae SPIRAL 30G 25,4 30 7-0 ist eine verj\u00fcngende und straffende Behandlung, die ein medizinisches Polymer nutzt, um erschlaffte Haut anzuheben und die Produktion von Kollagen und Elastin zu steigern \u2013 f\u00fcr eine verbesserte Gesundheit und Struktur des Bindegewebes. Die F\u00e4den bestehen aus Polydioxanon (PDO), einem biologisch abbaubaren Nahtmaterial. W\u00e4hlen Sie Form und L\u00e4nge passend [&hellip;]<\/p>\n","protected":false},"featured_media":101043,"comment_status":"closed","ping_status":"closed","template":"","meta":{"_acf_changed":false,"inline_featured_image":false},"product_brand":[2067],"product_cat":[2027],"product_tag":[2144],"class_list":{"0":"post-113930","1":"product","2":"type-product","3":"status-publish","4":"has-post-thumbnail","6":"product_brand-intraline","7":"product_cat-faeden","8":"product_tag-medical-devices-de","10":"first","11":"instock","12":"taxable","13":"shipping-taxable","14":"purchasable","15":"product-type-simple","16":"add-to-wishlist-before_image"},"acf":[],"yoast_head":"<!-- This site is optimized with the Yoast SEO plugin v27.5 - https:\/\/yoast.com\/product\/yoast-seo-wordpress\/ -->\n<title>INTRALINE\u00ae SPIRAL 30G 25,4 30 7-0 F\u00e4den Online kaufen<\/title>\n<meta name=\"description\" content=\"INTRALINE SPIRAL 30G 25.4 30 7-0 online kaufen und den gefalteten, gedrehten Polymerfaden nutzen, um Kollagen anzuregen und schlaffe Haut zu liften.\" \/>\n<meta name=\"robots\" content=\"index, follow, max-snippet:-1, max-image-preview:large, max-video-preview:-1\" \/>\n<link rel=\"canonical\" href=\"https:\/\/kinamihealth.com\/de\/wp-json\/wp\/v2\/product\/113930\" \/>\n<meta property=\"og:locale\" content=\"de_DE\" \/>\n<meta property=\"og:type\" content=\"article\" \/>\n<meta property=\"og:title\" content=\"INTRALINE\u00ae SPIRAL 30G 25,4 30 7-0 F\u00e4den Online kaufen\" \/>\n<meta property=\"og:description\" content=\"INTRALINE SPIRAL 30G 25.4 30 7-0 online kaufen und den gefalteten, gedrehten Polymerfaden nutzen, um Kollagen anzuregen und schlaffe Haut zu liften.\" \/>\n<meta property=\"og:url\" content=\"https:\/\/kinamihealth.com\/de\/produkt\/intraline-spiral-30g-254-30-7-0\/\" \/>\n<meta property=\"og:site_name\" content=\"Kinami Health\" \/>\n<meta property=\"article:modified_time\" content=\"2025-10-23T07:01:40+00:00\" \/>\n<meta property=\"og:image\" content=\"https:\/\/kinamihealth.com\/wp-content\/uploads\/2025\/02\/INTRALINE-SPIRAL-30G25-01.jpg\" \/>\n\t<meta property=\"og:image:width\" content=\"800\" \/>\n\t<meta property=\"og:image:height\" content=\"800\" \/>\n\t<meta property=\"og:image:type\" content=\"image\/jpeg\" \/>\n<meta name=\"twitter:card\" content=\"summary_large_image\" \/>\n<meta name=\"twitter:label1\" content=\"Gesch\u00e4tzte Lesezeit\" \/>\n\t<meta name=\"twitter:data1\" content=\"1\u00a0Minute\" \/>\n<!-- \/ Yoast SEO plugin. -->","yoast_head_json":{"title":"INTRALINE\u00ae SPIRAL 30G 25,4 30 7-0 F\u00e4den Online kaufen","description":"INTRALINE SPIRAL 30G 25.4 30 7-0 online kaufen und den gefalteten, gedrehten Polymerfaden nutzen, um Kollagen anzuregen und schlaffe Haut zu liften.","robots":{"index":"index","follow":"follow","max-snippet":"max-snippet:-1","max-image-preview":"max-image-preview:large","max-video-preview":"max-video-preview:-1"},"canonical":"https:\/\/kinamihealth.com\/de\/wp-json\/wp\/v2\/product\/113930","og_locale":"de_DE","og_type":"article","og_title":"INTRALINE\u00ae SPIRAL 30G 25,4 30 7-0 F\u00e4den Online kaufen","og_description":"INTRALINE SPIRAL 30G 25.4 30 7-0 online kaufen und den gefalteten, gedrehten Polymerfaden nutzen, um Kollagen anzuregen und schlaffe Haut zu liften.","og_url":"https:\/\/kinamihealth.com\/de\/produkt\/intraline-spiral-30g-254-30-7-0\/","og_site_name":"Kinami Health","article_modified_time":"2025-10-23T07:01:40+00:00","og_image":[{"width":800,"height":800,"url":"https:\/\/kinamihealth.com\/wp-content\/uploads\/2025\/02\/INTRALINE-SPIRAL-30G25-01.jpg","type":"image\/jpeg"}],"twitter_card":"summary_large_image","twitter_misc":{"Gesch\u00e4tzte Lesezeit":"1\u00a0Minute"},"schema":{"@context":"https:\/\/schema.org","@graph":[{"@type":"WebPage","@id":"https:\/\/kinamihealth.com\/de\/produkt\/intraline-spiral-30g-254-30-7-0\/","url":"https:\/\/kinamihealth.com\/de\/produkt\/intraline-spiral-30g-254-30-7-0\/","name":"INTRALINE\u00ae SPIRAL 30G 25,4 30 7-0 F\u00e4den Online kaufen","isPartOf":{"@id":"https:\/\/kinamihealth.com\/#website"},"primaryImageOfPage":{"@id":"https:\/\/kinamihealth.com\/de\/produkt\/intraline-spiral-30g-254-30-7-0\/#primaryimage"},"image":{"@id":"https:\/\/kinamihealth.com\/de\/produkt\/intraline-spiral-30g-254-30-7-0\/#primaryimage"},"thumbnailUrl":"https:\/\/kinamihealth.com\/wp-content\/uploads\/2025\/02\/INTRALINE-SPIRAL-30G25-01.jpg","datePublished":"2025-09-15T10:54:28+00:00","dateModified":"2025-10-23T07:01:40+00:00","description":"INTRALINE SPIRAL 30G 25.4 30 7-0 online kaufen und den gefalteten, gedrehten Polymerfaden nutzen, um Kollagen anzuregen und schlaffe Haut zu liften.","breadcrumb":{"@id":"https:\/\/kinamihealth.com\/de\/produkt\/intraline-spiral-30g-254-30-7-0\/#breadcrumb"},"inLanguage":"de","potentialAction":[{"@type":"ReadAction","target":["https:\/\/kinamihealth.com\/de\/produkt\/intraline-spiral-30g-254-30-7-0\/"]}]},{"@type":"ImageObject","inLanguage":"de","@id":"https:\/\/kinamihealth.com\/de\/produkt\/intraline-spiral-30g-254-30-7-0\/#primaryimage","url":"https:\/\/kinamihealth.com\/wp-content\/uploads\/2025\/02\/INTRALINE-SPIRAL-30G25-01.jpg","contentUrl":"https:\/\/kinamihealth.com\/wp-content\/uploads\/2025\/02\/INTRALINE-SPIRAL-30G25-01.jpg","width":800,"height":800},{"@type":"BreadcrumbList","@id":"https:\/\/kinamihealth.com\/de\/produkt\/intraline-spiral-30g-254-30-7-0\/#breadcrumb","itemListElement":[{"@type":"ListItem","position":1,"name":"Startseite","item":"https:\/\/kinamihealth.com\/"},{"@type":"ListItem","position":2,"name":"Shop","item":"https:\/\/kinamihealth.com\/shop\/"},{"@type":"ListItem","position":3,"name":"INTRALINE\u00ae SPIRAL 30G 25,4 30 7-0"}]},{"@type":"WebSite","@id":"https:\/\/kinamihealth.com\/#website","url":"https:\/\/kinamihealth.com\/","name":"Kinami Health","description":"","publisher":{"@id":"https:\/\/kinamihealth.com\/#organization"},"potentialAction":[{"@type":"SearchAction","target":{"@type":"EntryPoint","urlTemplate":"https:\/\/kinamihealth.com\/?s={search_term_string}"},"query-input":{"@type":"PropertyValueSpecification","valueRequired":true,"valueName":"search_term_string"}}],"inLanguage":"de"},{"@type":"Organization","@id":"https:\/\/kinamihealth.com\/#organization","name":"Kinami Health","url":"https:\/\/kinamihealth.com\/","logo":{"@type":"ImageObject","inLanguage":"de","@id":"https:\/\/kinamihealth.com\/#\/schema\/logo\/image\/","url":"https:\/\/kinamihealth.com\/wp-content\/uploads\/2025\/01\/KH_logo_black_2-1.png","contentUrl":"https:\/\/kinamihealth.com\/wp-content\/uploads\/2025\/01\/KH_logo_black_2-1.png","width":339,"height":34,"caption":"Kinami Health"},"image":{"@id":"https:\/\/kinamihealth.com\/#\/schema\/logo\/image\/"}}]}},"_links":{"self":[{"href":"https:\/\/kinamihealth.com\/de\/wp-json\/wp\/v2\/product\/113930","targetHints":{"allow":["GET"]}}],"collection":[{"href":"https:\/\/kinamihealth.com\/de\/wp-json\/wp\/v2\/product"}],"about":[{"href":"https:\/\/kinamihealth.com\/de\/wp-json\/wp\/v2\/types\/product"}],"replies":[{"embeddable":true,"href":"https:\/\/kinamihealth.com\/de\/wp-json\/wp\/v2\/comments?post=113930"}],"version-history":[{"count":0,"href":"https:\/\/kinamihealth.com\/de\/wp-json\/wp\/v2\/product\/113930\/revisions"}],"wp:featuredmedia":[{"embeddable":true,"href":"https:\/\/kinamihealth.com\/de\/wp-json\/wp\/v2\/media\/101043"}],"wp:attachment":[{"href":"https:\/\/kinamihealth.com\/de\/wp-json\/wp\/v2\/media?parent=113930"}],"wp:term":[{"taxonomy":"product_brand","embeddable":true,"href":"https:\/\/kinamihealth.com\/de\/wp-json\/wp\/v2\/product_brand?post=113930"},{"taxonomy":"product_cat","embeddable":true,"href":"https:\/\/kinamihealth.com\/de\/wp-json\/wp\/v2\/product_cat?post=113930"},{"taxonomy":"product_tag","embeddable":true,"href":"https:\/\/kinamihealth.com\/de\/wp-json\/wp\/v2\/product_tag?post=113930"}],"curies":[{"name":"wp","href":"https:\/\/api.w.org\/{rel}","templated":true}]}}