{"id":113917,"date":"2025-09-15T10:30:30","date_gmt":"2025-09-15T10:30:30","guid":{"rendered":"https:\/\/kinamihealth.com\/?post_type=product&#038;p=113917"},"modified":"2025-10-23T07:05:14","modified_gmt":"2025-10-23T07:05:14","slug":"intraline-triple-tr2650-26g-50mm-70mm","status":"publish","type":"product","link":"https:\/\/kinamihealth.com\/de\/produkt\/intraline-triple-tr2650-26g-50mm-70mm\/","title":{"rendered":"INTRALINE\u00ae TRIPLE TR2650 &#8211; 26G 50mm\/70mm"},"content":{"rendered":"<p><span style=\"font-weight: 400;\">INTRALINE\u00ae TRIPLE TR2650 &#8211; 26G 50mm\/70mm ist eine effektive, nicht-invasive Methode zur Hautstraffung und -verj\u00fcngung. Drei speziell entwickelte, glatte PDO-F\u00e4den regen die k\u00f6rpereigene Kollagenbildung an, verbessern nachhaltig Hautstruktur und -elastizit\u00e4t und reduzieren feine Linien sowie F\u00e4ltchen. Ob im Gesicht oder am K\u00f6rper \u2013 Intraline Triple TR2650 sorgt sofort f\u00fcr ein sichtbar strafferes Hautbild und liefert lang anhaltende Resultate. Kaufen Sie Intraline Triple TR2650 jetzt f\u00fcr eine sichere, zuverl\u00e4ssige Behandlung und gewinnen Sie jugendliche Ausstrahlung zur\u00fcck.<\/span><\/p>\n","protected":false},"excerpt":{"rendered":"<p>INTRALINE\u00ae TRIPLE TR2650 &#8211; 26G 50mm\/70mm ist eine effektive, nicht-invasive Methode zur Hautstraffung und -verj\u00fcngung. Drei speziell entwickelte, glatte PDO-F\u00e4den regen die k\u00f6rpereigene Kollagenbildung an, verbessern nachhaltig Hautstruktur und -elastizit\u00e4t und reduzieren feine Linien sowie F\u00e4ltchen. Ob im Gesicht oder am K\u00f6rper \u2013 Intraline Triple TR2650 sorgt sofort f\u00fcr ein sichtbar strafferes Hautbild und liefert [&hellip;]<\/p>\n","protected":false},"featured_media":101049,"comment_status":"closed","ping_status":"closed","template":"","meta":{"_acf_changed":false,"inline_featured_image":false},"product_brand":[2067],"product_cat":[2027],"product_tag":[2144],"class_list":{"0":"post-113917","1":"product","2":"type-product","3":"status-publish","4":"has-post-thumbnail","6":"product_brand-intraline","7":"product_cat-faeden","8":"product_tag-medical-devices-de","10":"first","11":"instock","12":"taxable","13":"shipping-taxable","14":"purchasable","15":"product-type-simple","16":"add-to-wishlist-before_image"},"acf":[],"yoast_head":"<!-- This site is optimized with the Yoast SEO plugin v27.5 - https:\/\/yoast.com\/product\/yoast-seo-wordpress\/ -->\n<title>INTRALINE\u00ae TRIPLE TR2650 online kaufen \u2013 PDO-F\u00e4den<\/title>\n<meta name=\"description\" content=\"Intraline Triple TR2650 online kaufen \u2013 die nicht-invasive L\u00f6sung f\u00fcr Hautlifting und -verj\u00fcngung, die die Kollagenproduktion anregt und langfristige Ergebnisse liefert.\" \/>\n<meta name=\"robots\" content=\"index, follow, max-snippet:-1, max-image-preview:large, max-video-preview:-1\" \/>\n<link rel=\"canonical\" href=\"https:\/\/kinamihealth.com\/de\/wp-json\/wp\/v2\/product\/113917\" \/>\n<meta property=\"og:locale\" content=\"de_DE\" \/>\n<meta property=\"og:type\" content=\"article\" \/>\n<meta property=\"og:title\" content=\"INTRALINE\u00ae TRIPLE TR2650 online kaufen \u2013 PDO-F\u00e4den\" \/>\n<meta property=\"og:description\" content=\"Intraline Triple TR2650 online kaufen \u2013 die nicht-invasive L\u00f6sung f\u00fcr Hautlifting und -verj\u00fcngung, die die Kollagenproduktion anregt und langfristige Ergebnisse liefert.\" \/>\n<meta property=\"og:url\" content=\"https:\/\/kinamihealth.com\/de\/produkt\/intraline-triple-tr2650-26g-50mm-70mm\/\" \/>\n<meta property=\"og:site_name\" content=\"Kinami Health\" \/>\n<meta property=\"article:modified_time\" content=\"2025-10-23T07:05:14+00:00\" \/>\n<meta property=\"og:image\" content=\"https:\/\/kinamihealth.com\/wp-content\/uploads\/2025\/02\/INTRALINE-PDOTRIPLE-TR2650-26G50MM70MM-01.jpg\" \/>\n\t<meta property=\"og:image:width\" content=\"800\" \/>\n\t<meta property=\"og:image:height\" content=\"800\" \/>\n\t<meta property=\"og:image:type\" content=\"image\/jpeg\" \/>\n<meta name=\"twitter:card\" content=\"summary_large_image\" \/>\n<meta name=\"twitter:label1\" content=\"Gesch\u00e4tzte Lesezeit\" \/>\n\t<meta name=\"twitter:data1\" content=\"1\u00a0Minute\" \/>\n<!-- \/ Yoast SEO plugin. -->","yoast_head_json":{"title":"INTRALINE\u00ae TRIPLE TR2650 online kaufen \u2013 PDO-F\u00e4den","description":"Intraline Triple TR2650 online kaufen \u2013 die nicht-invasive L\u00f6sung f\u00fcr Hautlifting und -verj\u00fcngung, die die Kollagenproduktion anregt und langfristige Ergebnisse liefert.","robots":{"index":"index","follow":"follow","max-snippet":"max-snippet:-1","max-image-preview":"max-image-preview:large","max-video-preview":"max-video-preview:-1"},"canonical":"https:\/\/kinamihealth.com\/de\/wp-json\/wp\/v2\/product\/113917","og_locale":"de_DE","og_type":"article","og_title":"INTRALINE\u00ae TRIPLE TR2650 online kaufen \u2013 PDO-F\u00e4den","og_description":"Intraline Triple TR2650 online kaufen \u2013 die nicht-invasive L\u00f6sung f\u00fcr Hautlifting und -verj\u00fcngung, die die Kollagenproduktion anregt und langfristige Ergebnisse liefert.","og_url":"https:\/\/kinamihealth.com\/de\/produkt\/intraline-triple-tr2650-26g-50mm-70mm\/","og_site_name":"Kinami Health","article_modified_time":"2025-10-23T07:05:14+00:00","og_image":[{"width":800,"height":800,"url":"https:\/\/kinamihealth.com\/wp-content\/uploads\/2025\/02\/INTRALINE-PDOTRIPLE-TR2650-26G50MM70MM-01.jpg","type":"image\/jpeg"}],"twitter_card":"summary_large_image","twitter_misc":{"Gesch\u00e4tzte Lesezeit":"1\u00a0Minute"},"schema":{"@context":"https:\/\/schema.org","@graph":[{"@type":"WebPage","@id":"https:\/\/kinamihealth.com\/de\/produkt\/intraline-triple-tr2650-26g-50mm-70mm\/","url":"https:\/\/kinamihealth.com\/de\/produkt\/intraline-triple-tr2650-26g-50mm-70mm\/","name":"INTRALINE\u00ae TRIPLE TR2650 online kaufen \u2013 PDO-F\u00e4den","isPartOf":{"@id":"https:\/\/kinamihealth.com\/#website"},"primaryImageOfPage":{"@id":"https:\/\/kinamihealth.com\/de\/produkt\/intraline-triple-tr2650-26g-50mm-70mm\/#primaryimage"},"image":{"@id":"https:\/\/kinamihealth.com\/de\/produkt\/intraline-triple-tr2650-26g-50mm-70mm\/#primaryimage"},"thumbnailUrl":"https:\/\/kinamihealth.com\/wp-content\/uploads\/2025\/02\/INTRALINE-PDOTRIPLE-TR2650-26G50MM70MM-01.jpg","datePublished":"2025-09-15T10:30:30+00:00","dateModified":"2025-10-23T07:05:14+00:00","description":"Intraline Triple TR2650 online kaufen \u2013 die nicht-invasive L\u00f6sung f\u00fcr Hautlifting und -verj\u00fcngung, die die Kollagenproduktion anregt und langfristige Ergebnisse liefert.","breadcrumb":{"@id":"https:\/\/kinamihealth.com\/de\/produkt\/intraline-triple-tr2650-26g-50mm-70mm\/#breadcrumb"},"inLanguage":"de","potentialAction":[{"@type":"ReadAction","target":["https:\/\/kinamihealth.com\/de\/produkt\/intraline-triple-tr2650-26g-50mm-70mm\/"]}]},{"@type":"ImageObject","inLanguage":"de","@id":"https:\/\/kinamihealth.com\/de\/produkt\/intraline-triple-tr2650-26g-50mm-70mm\/#primaryimage","url":"https:\/\/kinamihealth.com\/wp-content\/uploads\/2025\/02\/INTRALINE-PDOTRIPLE-TR2650-26G50MM70MM-01.jpg","contentUrl":"https:\/\/kinamihealth.com\/wp-content\/uploads\/2025\/02\/INTRALINE-PDOTRIPLE-TR2650-26G50MM70MM-01.jpg","width":800,"height":800},{"@type":"BreadcrumbList","@id":"https:\/\/kinamihealth.com\/de\/produkt\/intraline-triple-tr2650-26g-50mm-70mm\/#breadcrumb","itemListElement":[{"@type":"ListItem","position":1,"name":"Startseite","item":"https:\/\/kinamihealth.com\/"},{"@type":"ListItem","position":2,"name":"Shop","item":"https:\/\/kinamihealth.com\/shop\/"},{"@type":"ListItem","position":3,"name":"INTRALINE\u00ae TRIPLE TR2650 &#8211; 26G 50mm\/70mm"}]},{"@type":"WebSite","@id":"https:\/\/kinamihealth.com\/#website","url":"https:\/\/kinamihealth.com\/","name":"Kinami Health","description":"","publisher":{"@id":"https:\/\/kinamihealth.com\/#organization"},"potentialAction":[{"@type":"SearchAction","target":{"@type":"EntryPoint","urlTemplate":"https:\/\/kinamihealth.com\/?s={search_term_string}"},"query-input":{"@type":"PropertyValueSpecification","valueRequired":true,"valueName":"search_term_string"}}],"inLanguage":"de"},{"@type":"Organization","@id":"https:\/\/kinamihealth.com\/#organization","name":"Kinami Health","url":"https:\/\/kinamihealth.com\/","logo":{"@type":"ImageObject","inLanguage":"de","@id":"https:\/\/kinamihealth.com\/#\/schema\/logo\/image\/","url":"https:\/\/kinamihealth.com\/wp-content\/uploads\/2025\/01\/KH_logo_black_2-1.png","contentUrl":"https:\/\/kinamihealth.com\/wp-content\/uploads\/2025\/01\/KH_logo_black_2-1.png","width":339,"height":34,"caption":"Kinami Health"},"image":{"@id":"https:\/\/kinamihealth.com\/#\/schema\/logo\/image\/"}}]}},"_links":{"self":[{"href":"https:\/\/kinamihealth.com\/de\/wp-json\/wp\/v2\/product\/113917","targetHints":{"allow":["GET"]}}],"collection":[{"href":"https:\/\/kinamihealth.com\/de\/wp-json\/wp\/v2\/product"}],"about":[{"href":"https:\/\/kinamihealth.com\/de\/wp-json\/wp\/v2\/types\/product"}],"replies":[{"embeddable":true,"href":"https:\/\/kinamihealth.com\/de\/wp-json\/wp\/v2\/comments?post=113917"}],"version-history":[{"count":0,"href":"https:\/\/kinamihealth.com\/de\/wp-json\/wp\/v2\/product\/113917\/revisions"}],"wp:featuredmedia":[{"embeddable":true,"href":"https:\/\/kinamihealth.com\/de\/wp-json\/wp\/v2\/media\/101049"}],"wp:attachment":[{"href":"https:\/\/kinamihealth.com\/de\/wp-json\/wp\/v2\/media?parent=113917"}],"wp:term":[{"taxonomy":"product_brand","embeddable":true,"href":"https:\/\/kinamihealth.com\/de\/wp-json\/wp\/v2\/product_brand?post=113917"},{"taxonomy":"product_cat","embeddable":true,"href":"https:\/\/kinamihealth.com\/de\/wp-json\/wp\/v2\/product_cat?post=113917"},{"taxonomy":"product_tag","embeddable":true,"href":"https:\/\/kinamihealth.com\/de\/wp-json\/wp\/v2\/product_tag?post=113917"}],"curies":[{"name":"wp","href":"https:\/\/api.w.org\/{rel}","templated":true}]}}