{"id":113914,"date":"2025-09-15T09:37:10","date_gmt":"2025-09-15T09:37:10","guid":{"rendered":"https:\/\/kinamihealth.com\/?post_type=product&#038;p=113914"},"modified":"2025-10-23T07:07:32","modified_gmt":"2025-10-23T07:07:32","slug":"mediderma-hylanses-md-cleanser-mousse-foamy-cream","status":"publish","type":"product","link":"https:\/\/kinamihealth.com\/de\/produkt\/mediderma-hylanses-md-cleanser-mousse-foamy-cream\/","title":{"rendered":"MEDIDERMA\u00ae HYLANSES MD CLEANSER MOUSSE 200ml"},"content":{"rendered":"<p><span style=\"font-weight: 400;\"><strong>MEDIDERMA\u00ae HYLANSES MD CLEANSER MOUSSE 200ml<\/strong> ist ein <\/span><b>seifenfreier Schaumreiniger<\/b><span style=\"font-weight: 400;\">, der speziell <\/span><b>f\u00fcr alle Hauttypen<\/b><span style=\"font-weight: 400;\"> entwickelt wurde \u2013 selbst f\u00fcr <\/span><b>empfindliche<\/b><span style=\"font-weight: 400;\">, <\/span><b>zu Unreinheiten neigende Haut<\/b><span style=\"font-weight: 400;\">. Die kraftvolle <\/span><b>antibakterielle Formel<\/b> <b>reinigt <\/b><span style=\"font-weight: 400;\">das Gesicht gr\u00fcndlich, ohne dem Feuchtigkeitshaushalt zu schaden oder das nat\u00fcrliche Gleichgewicht der Haut zu st\u00f6ren. <\/span><b>Entfernen Sie Make-up-Reste<\/b><span style=\"font-weight: 400;\">, <\/span><b>\u00fcbersch\u00fcssigen Talg<\/b><span style=\"font-weight: 400;\">, <\/span><b>Verunreinigungen <\/b><span style=\"font-weight: 400;\">und <\/span><b>Bakterien <\/b><span style=\"font-weight: 400;\">ganz leicht morgens und abends. Bestellen Sie die<\/span><b> HYLANSES MD CLEANSER MOUSSE 200<\/b><span style=\"font-weight: 400;\"> ml bei Kinami Health und erg\u00e4nzen Sie Ihr Sortiment mit weiteren <\/span><b>Mediderma-Produkten<\/b><span style=\"font-weight: 400;\">, die genau auf die Bed\u00fcrfnisse Ihrer Kunden abgestimmt sind.<\/span><\/p>\n","protected":false},"excerpt":{"rendered":"<p>MEDIDERMA\u00ae HYLANSES MD CLEANSER MOUSSE 200ml ist ein seifenfreier Schaumreiniger, der speziell f\u00fcr alle Hauttypen entwickelt wurde \u2013 selbst f\u00fcr empfindliche, zu Unreinheiten neigende Haut. Die kraftvolle antibakterielle Formel reinigt das Gesicht gr\u00fcndlich, ohne dem Feuchtigkeitshaushalt zu schaden oder das nat\u00fcrliche Gleichgewicht der Haut zu st\u00f6ren. Entfernen Sie Make-up-Reste, \u00fcbersch\u00fcssigen Talg, Verunreinigungen und Bakterien ganz [&hellip;]<\/p>\n","protected":false},"featured_media":101003,"comment_status":"closed","ping_status":"closed","template":"","meta":{"_acf_changed":false,"inline_featured_image":false},"product_brand":[2161],"product_cat":[2026],"product_tag":[2144],"class_list":{"0":"post-113914","1":"product","2":"type-product","3":"status-publish","4":"has-post-thumbnail","6":"product_brand-mediderma-de","7":"product_cat-hautpflege","8":"product_tag-medical-devices-de","10":"first","11":"instock","12":"taxable","13":"shipping-taxable","14":"purchasable","15":"product-type-simple","16":"add-to-wishlist-before_image"},"acf":[],"yoast_head":"<!-- This site is optimized with the Yoast SEO plugin v27.5 - https:\/\/yoast.com\/product\/yoast-seo-wordpress\/ -->\n<title>MEDIDERMA\u00ae HYLANSES MD CLEANSER MOUSSE 200ml online kaufen<\/title>\n<meta name=\"description\" content=\"HYLANSES MD CLEANSER MOUSSE 200 ml online kaufen und diese antibakterielle, sch\u00e4umende Creme f\u00fcr die t\u00e4gliche Gesichtsreinigung verwenden.\" \/>\n<meta name=\"robots\" content=\"index, follow, max-snippet:-1, max-image-preview:large, max-video-preview:-1\" \/>\n<link rel=\"canonical\" href=\"https:\/\/kinamihealth.com\/de\/wp-json\/wp\/v2\/product\/113914\" \/>\n<meta property=\"og:locale\" content=\"de_DE\" \/>\n<meta property=\"og:type\" content=\"article\" \/>\n<meta property=\"og:title\" content=\"MEDIDERMA\u00ae HYLANSES MD CLEANSER MOUSSE 200ml online kaufen\" \/>\n<meta property=\"og:description\" content=\"HYLANSES MD CLEANSER MOUSSE 200 ml online kaufen und diese antibakterielle, sch\u00e4umende Creme f\u00fcr die t\u00e4gliche Gesichtsreinigung verwenden.\" \/>\n<meta property=\"og:url\" content=\"https:\/\/kinamihealth.com\/de\/produkt\/mediderma-hylanses-md-cleanser-mousse-foamy-cream\/\" \/>\n<meta property=\"og:site_name\" content=\"Kinami Health\" \/>\n<meta property=\"article:modified_time\" content=\"2025-10-23T07:07:32+00:00\" \/>\n<meta property=\"og:image\" content=\"https:\/\/kinamihealth.com\/wp-content\/uploads\/2025\/02\/MEDIDERMA-HYLANSES-MD-CLEANSER-MOUSSE-01.jpg\" \/>\n\t<meta property=\"og:image:width\" content=\"800\" \/>\n\t<meta property=\"og:image:height\" content=\"800\" \/>\n\t<meta property=\"og:image:type\" content=\"image\/jpeg\" \/>\n<meta name=\"twitter:card\" content=\"summary_large_image\" \/>\n<meta name=\"twitter:label1\" content=\"Gesch\u00e4tzte Lesezeit\" \/>\n\t<meta name=\"twitter:data1\" content=\"1\u00a0Minute\" \/>\n<!-- \/ Yoast SEO plugin. -->","yoast_head_json":{"title":"MEDIDERMA\u00ae HYLANSES MD CLEANSER MOUSSE 200ml online kaufen","description":"HYLANSES MD CLEANSER MOUSSE 200 ml online kaufen und diese antibakterielle, sch\u00e4umende Creme f\u00fcr die t\u00e4gliche Gesichtsreinigung verwenden.","robots":{"index":"index","follow":"follow","max-snippet":"max-snippet:-1","max-image-preview":"max-image-preview:large","max-video-preview":"max-video-preview:-1"},"canonical":"https:\/\/kinamihealth.com\/de\/wp-json\/wp\/v2\/product\/113914","og_locale":"de_DE","og_type":"article","og_title":"MEDIDERMA\u00ae HYLANSES MD CLEANSER MOUSSE 200ml online kaufen","og_description":"HYLANSES MD CLEANSER MOUSSE 200 ml online kaufen und diese antibakterielle, sch\u00e4umende Creme f\u00fcr die t\u00e4gliche Gesichtsreinigung verwenden.","og_url":"https:\/\/kinamihealth.com\/de\/produkt\/mediderma-hylanses-md-cleanser-mousse-foamy-cream\/","og_site_name":"Kinami Health","article_modified_time":"2025-10-23T07:07:32+00:00","og_image":[{"width":800,"height":800,"url":"https:\/\/kinamihealth.com\/wp-content\/uploads\/2025\/02\/MEDIDERMA-HYLANSES-MD-CLEANSER-MOUSSE-01.jpg","type":"image\/jpeg"}],"twitter_card":"summary_large_image","twitter_misc":{"Gesch\u00e4tzte Lesezeit":"1\u00a0Minute"},"schema":{"@context":"https:\/\/schema.org","@graph":[{"@type":"WebPage","@id":"https:\/\/kinamihealth.com\/de\/produkt\/mediderma-hylanses-md-cleanser-mousse-foamy-cream\/","url":"https:\/\/kinamihealth.com\/de\/produkt\/mediderma-hylanses-md-cleanser-mousse-foamy-cream\/","name":"MEDIDERMA\u00ae HYLANSES MD CLEANSER MOUSSE 200ml online kaufen","isPartOf":{"@id":"https:\/\/kinamihealth.com\/#website"},"primaryImageOfPage":{"@id":"https:\/\/kinamihealth.com\/de\/produkt\/mediderma-hylanses-md-cleanser-mousse-foamy-cream\/#primaryimage"},"image":{"@id":"https:\/\/kinamihealth.com\/de\/produkt\/mediderma-hylanses-md-cleanser-mousse-foamy-cream\/#primaryimage"},"thumbnailUrl":"https:\/\/kinamihealth.com\/wp-content\/uploads\/2025\/02\/MEDIDERMA-HYLANSES-MD-CLEANSER-MOUSSE-01.jpg","datePublished":"2025-09-15T09:37:10+00:00","dateModified":"2025-10-23T07:07:32+00:00","description":"HYLANSES MD CLEANSER MOUSSE 200 ml online kaufen und diese antibakterielle, sch\u00e4umende Creme f\u00fcr die t\u00e4gliche Gesichtsreinigung verwenden.","breadcrumb":{"@id":"https:\/\/kinamihealth.com\/de\/produkt\/mediderma-hylanses-md-cleanser-mousse-foamy-cream\/#breadcrumb"},"inLanguage":"de","potentialAction":[{"@type":"ReadAction","target":["https:\/\/kinamihealth.com\/de\/produkt\/mediderma-hylanses-md-cleanser-mousse-foamy-cream\/"]}]},{"@type":"ImageObject","inLanguage":"de","@id":"https:\/\/kinamihealth.com\/de\/produkt\/mediderma-hylanses-md-cleanser-mousse-foamy-cream\/#primaryimage","url":"https:\/\/kinamihealth.com\/wp-content\/uploads\/2025\/02\/MEDIDERMA-HYLANSES-MD-CLEANSER-MOUSSE-01.jpg","contentUrl":"https:\/\/kinamihealth.com\/wp-content\/uploads\/2025\/02\/MEDIDERMA-HYLANSES-MD-CLEANSER-MOUSSE-01.jpg","width":800,"height":800},{"@type":"BreadcrumbList","@id":"https:\/\/kinamihealth.com\/de\/produkt\/mediderma-hylanses-md-cleanser-mousse-foamy-cream\/#breadcrumb","itemListElement":[{"@type":"ListItem","position":1,"name":"Startseite","item":"https:\/\/kinamihealth.com\/"},{"@type":"ListItem","position":2,"name":"Shop","item":"https:\/\/kinamihealth.com\/shop\/"},{"@type":"ListItem","position":3,"name":"MEDIDERMA\u00ae HYLANSES MD CLEANSER MOUSSE 200ml"}]},{"@type":"WebSite","@id":"https:\/\/kinamihealth.com\/#website","url":"https:\/\/kinamihealth.com\/","name":"Kinami Health","description":"","publisher":{"@id":"https:\/\/kinamihealth.com\/#organization"},"potentialAction":[{"@type":"SearchAction","target":{"@type":"EntryPoint","urlTemplate":"https:\/\/kinamihealth.com\/?s={search_term_string}"},"query-input":{"@type":"PropertyValueSpecification","valueRequired":true,"valueName":"search_term_string"}}],"inLanguage":"de"},{"@type":"Organization","@id":"https:\/\/kinamihealth.com\/#organization","name":"Kinami Health","url":"https:\/\/kinamihealth.com\/","logo":{"@type":"ImageObject","inLanguage":"de","@id":"https:\/\/kinamihealth.com\/#\/schema\/logo\/image\/","url":"https:\/\/kinamihealth.com\/wp-content\/uploads\/2025\/01\/KH_logo_black_2-1.png","contentUrl":"https:\/\/kinamihealth.com\/wp-content\/uploads\/2025\/01\/KH_logo_black_2-1.png","width":339,"height":34,"caption":"Kinami Health"},"image":{"@id":"https:\/\/kinamihealth.com\/#\/schema\/logo\/image\/"}}]}},"_links":{"self":[{"href":"https:\/\/kinamihealth.com\/de\/wp-json\/wp\/v2\/product\/113914","targetHints":{"allow":["GET"]}}],"collection":[{"href":"https:\/\/kinamihealth.com\/de\/wp-json\/wp\/v2\/product"}],"about":[{"href":"https:\/\/kinamihealth.com\/de\/wp-json\/wp\/v2\/types\/product"}],"replies":[{"embeddable":true,"href":"https:\/\/kinamihealth.com\/de\/wp-json\/wp\/v2\/comments?post=113914"}],"version-history":[{"count":0,"href":"https:\/\/kinamihealth.com\/de\/wp-json\/wp\/v2\/product\/113914\/revisions"}],"wp:featuredmedia":[{"embeddable":true,"href":"https:\/\/kinamihealth.com\/de\/wp-json\/wp\/v2\/media\/101003"}],"wp:attachment":[{"href":"https:\/\/kinamihealth.com\/de\/wp-json\/wp\/v2\/media?parent=113914"}],"wp:term":[{"taxonomy":"product_brand","embeddable":true,"href":"https:\/\/kinamihealth.com\/de\/wp-json\/wp\/v2\/product_brand?post=113914"},{"taxonomy":"product_cat","embeddable":true,"href":"https:\/\/kinamihealth.com\/de\/wp-json\/wp\/v2\/product_cat?post=113914"},{"taxonomy":"product_tag","embeddable":true,"href":"https:\/\/kinamihealth.com\/de\/wp-json\/wp\/v2\/product_tag?post=113914"}],"curies":[{"name":"wp","href":"https:\/\/api.w.org\/{rel}","templated":true}]}}