{"id":113890,"date":"2025-09-15T07:58:09","date_gmt":"2025-09-15T07:58:09","guid":{"rendered":"https:\/\/kinamihealth.com\/?post_type=product&#038;p=113890"},"modified":"2025-09-15T07:58:10","modified_gmt":"2025-09-15T07:58:10","slug":"mediderma-fr-antiox-md-anti-pollution-protect-facial-cream-gel","status":"publish","type":"product","link":"https:\/\/kinamihealth.com\/de\/produkt\/mediderma-fr-antiox-md-anti-pollution-protect-facial-cream-gel\/","title":{"rendered":"FR-ANTIOX MD ANTI-POLLUTION SCH\u00dcTZENDES GESICHTSCREME-GEL 50ml"},"content":{"rendered":"<p><span style=\"font-weight: 400;\">FR-ANTIOX MD Anti-Pollution Protect Facial Cream Gel (50 ml) ist ein hochwirksames Creme-Gel, das mit wertvollen Antioxidantien, Hyalurons\u00e4ure und Vitaminen angereichert ist. Es spendet intensive Feuchtigkeit und bildet zugleich einen wirksamen Schutzschild gegen sch\u00e4dliche Umwelteinfl\u00fcsse. Tragen Sie das Gel morgens und abends auf, um altersbedingten Hautver\u00e4nderungen wie Falten, feinen Linien sowie einem fahlen, m\u00fcden Teint vorzubeugen. FR-ANTIOX MD bek\u00e4mpft die ersten Anzeichen von Hautalterung, die durch \u00e4u\u00dfere Stressfaktoren wie Feinstaub, Abgase, Rauch und UV-Strahlung beg\u00fcnstigt werden.<\/span><\/p>\n<p><span style=\"font-weight: 400;\">Entdecken Sie FR-ANTIOX MD Anti-Pollution Protect Facial Cream Gel (50 ml) exklusiv bei Kinami Health und bieten Sie Ihren Kunden h\u00f6chste Qualit\u00e4t. Bestellen Sie jetzt Premium-Produkte von Mediderma!<\/span><\/p>\n","protected":false},"excerpt":{"rendered":"<p>FR-ANTIOX MD Anti-Pollution Protect Facial Cream Gel (50 ml) ist ein hochwirksames Creme-Gel, das mit wertvollen Antioxidantien, Hyalurons\u00e4ure und Vitaminen angereichert ist. Es spendet intensive Feuchtigkeit und bildet zugleich einen wirksamen Schutzschild gegen sch\u00e4dliche Umwelteinfl\u00fcsse. Tragen Sie das Gel morgens und abends auf, um altersbedingten Hautver\u00e4nderungen wie Falten, feinen Linien sowie einem fahlen, m\u00fcden Teint [&hellip;]<\/p>\n","protected":false},"featured_media":100964,"comment_status":"closed","ping_status":"closed","template":"","meta":{"_acf_changed":false,"inline_featured_image":false},"product_brand":[2161],"product_cat":[2026],"product_tag":[2144],"class_list":{"0":"post-113890","1":"product","2":"type-product","3":"status-publish","4":"has-post-thumbnail","6":"product_brand-mediderma-de","7":"product_cat-hautpflege","8":"product_tag-medical-devices-de","10":"first","11":"instock","12":"taxable","13":"shipping-taxable","14":"purchasable","15":"product-type-simple","16":"add-to-wishlist-before_image"},"acf":[],"yoast_head":"<!-- This site is optimized with the Yoast SEO plugin v27.5 - https:\/\/yoast.com\/product\/yoast-seo-wordpress\/ -->\n<title>FR-ANTIOX MD Anti-Pollution Protect Gesichtscreme-Gel 50 ml kaufen<\/title>\n<meta name=\"description\" content=\"FR-ANTIOX MD Anti-Pollution Protect Gesichtscreme-Gel (50 ml) online kaufen \u2013 sch\u00fctzt vor Umwelteinfl\u00fcssen und spendet intensive Feuchtigkeit dank kraftvoller Antioxidantien.\" \/>\n<meta name=\"robots\" content=\"index, follow, max-snippet:-1, max-image-preview:large, max-video-preview:-1\" \/>\n<link rel=\"canonical\" href=\"https:\/\/kinamihealth.com\/de\/wp-json\/wp\/v2\/product\/113890\" \/>\n<meta property=\"og:locale\" content=\"de_DE\" \/>\n<meta property=\"og:type\" content=\"article\" \/>\n<meta property=\"og:title\" content=\"FR-ANTIOX MD Anti-Pollution Protect Gesichtscreme-Gel 50 ml kaufen\" \/>\n<meta property=\"og:description\" content=\"FR-ANTIOX MD Anti-Pollution Protect Gesichtscreme-Gel (50 ml) online kaufen \u2013 sch\u00fctzt vor Umwelteinfl\u00fcssen und spendet intensive Feuchtigkeit dank kraftvoller Antioxidantien.\" \/>\n<meta property=\"og:url\" content=\"https:\/\/kinamihealth.com\/de\/product\/mediderma-fr-antiox-md-anti-pollution-protect-facial-cream-gel\/\" \/>\n<meta property=\"og:site_name\" content=\"Kinami Health\" \/>\n<meta property=\"article:modified_time\" content=\"2025-09-15T07:58:10+00:00\" \/>\n<meta property=\"og:image\" content=\"https:\/\/kinamihealth.com\/wp-content\/uploads\/2025\/02\/MEDIDERMA-FR-ANTIOX-MD-ANTI-POLLUTION-PROTECT-FACIAL-CREAM-GEL-01.jpg\" \/>\n\t<meta property=\"og:image:width\" content=\"800\" \/>\n\t<meta property=\"og:image:height\" content=\"800\" \/>\n\t<meta property=\"og:image:type\" content=\"image\/jpeg\" \/>\n<meta name=\"twitter:card\" content=\"summary_large_image\" \/>\n<meta name=\"twitter:label1\" content=\"Gesch\u00e4tzte Lesezeit\" \/>\n\t<meta name=\"twitter:data1\" content=\"1\u00a0Minute\" \/>\n<!-- \/ Yoast SEO plugin. -->","yoast_head_json":{"title":"FR-ANTIOX MD Anti-Pollution Protect Gesichtscreme-Gel 50 ml kaufen","description":"FR-ANTIOX MD Anti-Pollution Protect Gesichtscreme-Gel (50 ml) online kaufen \u2013 sch\u00fctzt vor Umwelteinfl\u00fcssen und spendet intensive Feuchtigkeit dank kraftvoller Antioxidantien.","robots":{"index":"index","follow":"follow","max-snippet":"max-snippet:-1","max-image-preview":"max-image-preview:large","max-video-preview":"max-video-preview:-1"},"canonical":"https:\/\/kinamihealth.com\/de\/wp-json\/wp\/v2\/product\/113890","og_locale":"de_DE","og_type":"article","og_title":"FR-ANTIOX MD Anti-Pollution Protect Gesichtscreme-Gel 50 ml kaufen","og_description":"FR-ANTIOX MD Anti-Pollution Protect Gesichtscreme-Gel (50 ml) online kaufen \u2013 sch\u00fctzt vor Umwelteinfl\u00fcssen und spendet intensive Feuchtigkeit dank kraftvoller Antioxidantien.","og_url":"https:\/\/kinamihealth.com\/de\/product\/mediderma-fr-antiox-md-anti-pollution-protect-facial-cream-gel\/","og_site_name":"Kinami Health","article_modified_time":"2025-09-15T07:58:10+00:00","og_image":[{"width":800,"height":800,"url":"https:\/\/kinamihealth.com\/wp-content\/uploads\/2025\/02\/MEDIDERMA-FR-ANTIOX-MD-ANTI-POLLUTION-PROTECT-FACIAL-CREAM-GEL-01.jpg","type":"image\/jpeg"}],"twitter_card":"summary_large_image","twitter_misc":{"Gesch\u00e4tzte Lesezeit":"1\u00a0Minute"},"schema":{"@context":"https:\/\/schema.org","@graph":[{"@type":"WebPage","@id":"https:\/\/kinamihealth.com\/de\/product\/mediderma-fr-antiox-md-anti-pollution-protect-facial-cream-gel\/","url":"https:\/\/kinamihealth.com\/de\/product\/mediderma-fr-antiox-md-anti-pollution-protect-facial-cream-gel\/","name":"FR-ANTIOX MD Anti-Pollution Protect Gesichtscreme-Gel 50 ml kaufen","isPartOf":{"@id":"https:\/\/kinamihealth.com\/#website"},"primaryImageOfPage":{"@id":"https:\/\/kinamihealth.com\/de\/product\/mediderma-fr-antiox-md-anti-pollution-protect-facial-cream-gel\/#primaryimage"},"image":{"@id":"https:\/\/kinamihealth.com\/de\/product\/mediderma-fr-antiox-md-anti-pollution-protect-facial-cream-gel\/#primaryimage"},"thumbnailUrl":"https:\/\/kinamihealth.com\/wp-content\/uploads\/2025\/02\/MEDIDERMA-FR-ANTIOX-MD-ANTI-POLLUTION-PROTECT-FACIAL-CREAM-GEL-01.jpg","datePublished":"2025-09-15T07:58:09+00:00","dateModified":"2025-09-15T07:58:10+00:00","description":"FR-ANTIOX MD Anti-Pollution Protect Gesichtscreme-Gel (50 ml) online kaufen \u2013 sch\u00fctzt vor Umwelteinfl\u00fcssen und spendet intensive Feuchtigkeit dank kraftvoller Antioxidantien.","breadcrumb":{"@id":"https:\/\/kinamihealth.com\/de\/product\/mediderma-fr-antiox-md-anti-pollution-protect-facial-cream-gel\/#breadcrumb"},"inLanguage":"de","potentialAction":[{"@type":"ReadAction","target":["https:\/\/kinamihealth.com\/de\/product\/mediderma-fr-antiox-md-anti-pollution-protect-facial-cream-gel\/"]}]},{"@type":"ImageObject","inLanguage":"de","@id":"https:\/\/kinamihealth.com\/de\/product\/mediderma-fr-antiox-md-anti-pollution-protect-facial-cream-gel\/#primaryimage","url":"https:\/\/kinamihealth.com\/wp-content\/uploads\/2025\/02\/MEDIDERMA-FR-ANTIOX-MD-ANTI-POLLUTION-PROTECT-FACIAL-CREAM-GEL-01.jpg","contentUrl":"https:\/\/kinamihealth.com\/wp-content\/uploads\/2025\/02\/MEDIDERMA-FR-ANTIOX-MD-ANTI-POLLUTION-PROTECT-FACIAL-CREAM-GEL-01.jpg","width":800,"height":800},{"@type":"BreadcrumbList","@id":"https:\/\/kinamihealth.com\/de\/product\/mediderma-fr-antiox-md-anti-pollution-protect-facial-cream-gel\/#breadcrumb","itemListElement":[{"@type":"ListItem","position":1,"name":"Startseite","item":"https:\/\/kinamihealth.com\/"},{"@type":"ListItem","position":2,"name":"Shop","item":"https:\/\/kinamihealth.com\/shop\/"},{"@type":"ListItem","position":3,"name":"FR-ANTIOX MD ANTI-POLLUTION SCH\u00dcTZENDES GESICHTSCREME-GEL 50ml"}]},{"@type":"WebSite","@id":"https:\/\/kinamihealth.com\/#website","url":"https:\/\/kinamihealth.com\/","name":"Kinami Health","description":"","publisher":{"@id":"https:\/\/kinamihealth.com\/#organization"},"potentialAction":[{"@type":"SearchAction","target":{"@type":"EntryPoint","urlTemplate":"https:\/\/kinamihealth.com\/?s={search_term_string}"},"query-input":{"@type":"PropertyValueSpecification","valueRequired":true,"valueName":"search_term_string"}}],"inLanguage":"de"},{"@type":"Organization","@id":"https:\/\/kinamihealth.com\/#organization","name":"Kinami Health","url":"https:\/\/kinamihealth.com\/","logo":{"@type":"ImageObject","inLanguage":"de","@id":"https:\/\/kinamihealth.com\/#\/schema\/logo\/image\/","url":"https:\/\/kinamihealth.com\/wp-content\/uploads\/2025\/01\/KH_logo_black_2-1.png","contentUrl":"https:\/\/kinamihealth.com\/wp-content\/uploads\/2025\/01\/KH_logo_black_2-1.png","width":339,"height":34,"caption":"Kinami Health"},"image":{"@id":"https:\/\/kinamihealth.com\/#\/schema\/logo\/image\/"}}]}},"_links":{"self":[{"href":"https:\/\/kinamihealth.com\/de\/wp-json\/wp\/v2\/product\/113890","targetHints":{"allow":["GET"]}}],"collection":[{"href":"https:\/\/kinamihealth.com\/de\/wp-json\/wp\/v2\/product"}],"about":[{"href":"https:\/\/kinamihealth.com\/de\/wp-json\/wp\/v2\/types\/product"}],"replies":[{"embeddable":true,"href":"https:\/\/kinamihealth.com\/de\/wp-json\/wp\/v2\/comments?post=113890"}],"version-history":[{"count":0,"href":"https:\/\/kinamihealth.com\/de\/wp-json\/wp\/v2\/product\/113890\/revisions"}],"wp:featuredmedia":[{"embeddable":true,"href":"https:\/\/kinamihealth.com\/de\/wp-json\/wp\/v2\/media\/100964"}],"wp:attachment":[{"href":"https:\/\/kinamihealth.com\/de\/wp-json\/wp\/v2\/media?parent=113890"}],"wp:term":[{"taxonomy":"product_brand","embeddable":true,"href":"https:\/\/kinamihealth.com\/de\/wp-json\/wp\/v2\/product_brand?post=113890"},{"taxonomy":"product_cat","embeddable":true,"href":"https:\/\/kinamihealth.com\/de\/wp-json\/wp\/v2\/product_cat?post=113890"},{"taxonomy":"product_tag","embeddable":true,"href":"https:\/\/kinamihealth.com\/de\/wp-json\/wp\/v2\/product_tag?post=113890"}],"curies":[{"name":"wp","href":"https:\/\/api.w.org\/{rel}","templated":true}]}}