{"id":113883,"date":"2025-09-15T07:45:30","date_gmt":"2025-09-15T07:45:30","guid":{"rendered":"https:\/\/kinamihealth.com\/?post_type=product&#038;p=113883"},"modified":"2025-10-23T07:26:38","modified_gmt":"2025-10-23T07:26:38","slug":"mediderma-fr-antiox-md-anti-pollution-concentrate-serum","status":"publish","type":"product","link":"https:\/\/kinamihealth.com\/de\/produkt\/mediderma-fr-antiox-md-anti-pollution-concentrate-serum\/","title":{"rendered":"MEDIDERMA\u00ae FR-ANTIOX MD ANTI-POLLUTION CONCENTRATE SERUM"},"content":{"rendered":"<p><b>MEDIDERMA\u00ae FR-ANTIOX MD ANTI-POLLUTION CONCENTRATE SERUM (30 ml) <\/b><span style=\"font-weight: 400;\">wurde gezielt entwickelt, um Ihre Haut effektiv vor sch\u00e4dlichen Partikeln zu sch\u00fctzen, die sie Tag f\u00fcr Tag angreifen. Gerade in urbanen Metropolen mit hoher Feinstaubbelastung durch Rauch, Abgase und andere Mikropartikel ist dieser Schutz unerl\u00e4sslich.<\/span><\/p>\n","protected":false},"excerpt":{"rendered":"<p>MEDIDERMA\u00ae FR-ANTIOX MD ANTI-POLLUTION CONCENTRATE SERUM (30 ml) wurde gezielt entwickelt, um Ihre Haut effektiv vor sch\u00e4dlichen Partikeln zu sch\u00fctzen, die sie Tag f\u00fcr Tag angreifen. Gerade in urbanen Metropolen mit hoher Feinstaubbelastung durch Rauch, Abgase und andere Mikropartikel ist dieser Schutz unerl\u00e4sslich.<\/p>\n","protected":false},"featured_media":100960,"comment_status":"closed","ping_status":"closed","template":"","meta":{"_acf_changed":false,"inline_featured_image":false},"product_brand":[2161],"product_cat":[2026],"product_tag":[2144],"class_list":{"0":"post-113883","1":"product","2":"type-product","3":"status-publish","4":"has-post-thumbnail","6":"product_brand-mediderma-de","7":"product_cat-hautpflege","8":"product_tag-medical-devices-de","10":"first","11":"instock","12":"taxable","13":"shipping-taxable","14":"purchasable","15":"product-type-simple","16":"add-to-wishlist-before_image"},"acf":[],"yoast_head":"<!-- This site is optimized with the Yoast SEO plugin v27.5 - https:\/\/yoast.com\/product\/yoast-seo-wordpress\/ -->\n<title>MEDIDERMA\u00ae FR-ANTIOX MD ANTI-POLLUTION CONCENTRATE SERUM 30 ml online kaufen<\/title>\n<meta name=\"description\" content=\"R-ANTIOX MD Anti-Pollution Concentrate Serum (30 ml): Sch\u00fctzen Sie Ihre Haut mit diesem hochwirksamen Antioxidans vor Umwelteinfl\u00fcssen. Jetzt online kaufen!\" \/>\n<meta name=\"robots\" content=\"index, follow, max-snippet:-1, max-image-preview:large, max-video-preview:-1\" \/>\n<link rel=\"canonical\" href=\"https:\/\/kinamihealth.com\/de\/wp-json\/wp\/v2\/product\/113883\" \/>\n<meta property=\"og:locale\" content=\"de_DE\" \/>\n<meta property=\"og:type\" content=\"article\" \/>\n<meta property=\"og:title\" content=\"MEDIDERMA\u00ae FR-ANTIOX MD ANTI-POLLUTION CONCENTRATE SERUM 30 ml online kaufen\" \/>\n<meta property=\"og:description\" content=\"R-ANTIOX MD Anti-Pollution Concentrate Serum (30 ml): Sch\u00fctzen Sie Ihre Haut mit diesem hochwirksamen Antioxidans vor Umwelteinfl\u00fcssen. Jetzt online kaufen!\" \/>\n<meta property=\"og:url\" content=\"https:\/\/kinamihealth.com\/de\/produkt\/mediderma-fr-antiox-md-anti-pollution-concentrate-serum\/\" \/>\n<meta property=\"og:site_name\" content=\"Kinami Health\" \/>\n<meta property=\"article:modified_time\" content=\"2025-10-23T07:26:38+00:00\" \/>\n<meta property=\"og:image\" content=\"https:\/\/kinamihealth.com\/wp-content\/uploads\/2025\/02\/FR-ANTIOX-MD-ANTI-POLLUTION-CONCENTRATE-SERUM-MEDIDERMA-30ML-01.jpg\" \/>\n\t<meta property=\"og:image:width\" content=\"800\" \/>\n\t<meta property=\"og:image:height\" content=\"800\" \/>\n\t<meta property=\"og:image:type\" content=\"image\/jpeg\" \/>\n<meta name=\"twitter:card\" content=\"summary_large_image\" \/>\n<meta name=\"twitter:label1\" content=\"Gesch\u00e4tzte Lesezeit\" \/>\n\t<meta name=\"twitter:data1\" content=\"1\u00a0Minute\" \/>\n<!-- \/ Yoast SEO plugin. -->","yoast_head_json":{"title":"MEDIDERMA\u00ae FR-ANTIOX MD ANTI-POLLUTION CONCENTRATE SERUM 30 ml online kaufen","description":"R-ANTIOX MD Anti-Pollution Concentrate Serum (30 ml): Sch\u00fctzen Sie Ihre Haut mit diesem hochwirksamen Antioxidans vor Umwelteinfl\u00fcssen. Jetzt online kaufen!","robots":{"index":"index","follow":"follow","max-snippet":"max-snippet:-1","max-image-preview":"max-image-preview:large","max-video-preview":"max-video-preview:-1"},"canonical":"https:\/\/kinamihealth.com\/de\/wp-json\/wp\/v2\/product\/113883","og_locale":"de_DE","og_type":"article","og_title":"MEDIDERMA\u00ae FR-ANTIOX MD ANTI-POLLUTION CONCENTRATE SERUM 30 ml online kaufen","og_description":"R-ANTIOX MD Anti-Pollution Concentrate Serum (30 ml): Sch\u00fctzen Sie Ihre Haut mit diesem hochwirksamen Antioxidans vor Umwelteinfl\u00fcssen. Jetzt online kaufen!","og_url":"https:\/\/kinamihealth.com\/de\/produkt\/mediderma-fr-antiox-md-anti-pollution-concentrate-serum\/","og_site_name":"Kinami Health","article_modified_time":"2025-10-23T07:26:38+00:00","og_image":[{"width":800,"height":800,"url":"https:\/\/kinamihealth.com\/wp-content\/uploads\/2025\/02\/FR-ANTIOX-MD-ANTI-POLLUTION-CONCENTRATE-SERUM-MEDIDERMA-30ML-01.jpg","type":"image\/jpeg"}],"twitter_card":"summary_large_image","twitter_misc":{"Gesch\u00e4tzte Lesezeit":"1\u00a0Minute"},"schema":{"@context":"https:\/\/schema.org","@graph":[{"@type":"WebPage","@id":"https:\/\/kinamihealth.com\/de\/produkt\/mediderma-fr-antiox-md-anti-pollution-concentrate-serum\/","url":"https:\/\/kinamihealth.com\/de\/produkt\/mediderma-fr-antiox-md-anti-pollution-concentrate-serum\/","name":"MEDIDERMA\u00ae FR-ANTIOX MD ANTI-POLLUTION CONCENTRATE SERUM 30 ml online kaufen","isPartOf":{"@id":"https:\/\/kinamihealth.com\/#website"},"primaryImageOfPage":{"@id":"https:\/\/kinamihealth.com\/de\/produkt\/mediderma-fr-antiox-md-anti-pollution-concentrate-serum\/#primaryimage"},"image":{"@id":"https:\/\/kinamihealth.com\/de\/produkt\/mediderma-fr-antiox-md-anti-pollution-concentrate-serum\/#primaryimage"},"thumbnailUrl":"https:\/\/kinamihealth.com\/wp-content\/uploads\/2025\/02\/FR-ANTIOX-MD-ANTI-POLLUTION-CONCENTRATE-SERUM-MEDIDERMA-30ML-01.jpg","datePublished":"2025-09-15T07:45:30+00:00","dateModified":"2025-10-23T07:26:38+00:00","description":"R-ANTIOX MD Anti-Pollution Concentrate Serum (30 ml): Sch\u00fctzen Sie Ihre Haut mit diesem hochwirksamen Antioxidans vor Umwelteinfl\u00fcssen. Jetzt online kaufen!","breadcrumb":{"@id":"https:\/\/kinamihealth.com\/de\/produkt\/mediderma-fr-antiox-md-anti-pollution-concentrate-serum\/#breadcrumb"},"inLanguage":"de","potentialAction":[{"@type":"ReadAction","target":["https:\/\/kinamihealth.com\/de\/produkt\/mediderma-fr-antiox-md-anti-pollution-concentrate-serum\/"]}]},{"@type":"ImageObject","inLanguage":"de","@id":"https:\/\/kinamihealth.com\/de\/produkt\/mediderma-fr-antiox-md-anti-pollution-concentrate-serum\/#primaryimage","url":"https:\/\/kinamihealth.com\/wp-content\/uploads\/2025\/02\/FR-ANTIOX-MD-ANTI-POLLUTION-CONCENTRATE-SERUM-MEDIDERMA-30ML-01.jpg","contentUrl":"https:\/\/kinamihealth.com\/wp-content\/uploads\/2025\/02\/FR-ANTIOX-MD-ANTI-POLLUTION-CONCENTRATE-SERUM-MEDIDERMA-30ML-01.jpg","width":800,"height":800},{"@type":"BreadcrumbList","@id":"https:\/\/kinamihealth.com\/de\/produkt\/mediderma-fr-antiox-md-anti-pollution-concentrate-serum\/#breadcrumb","itemListElement":[{"@type":"ListItem","position":1,"name":"Startseite","item":"https:\/\/kinamihealth.com\/"},{"@type":"ListItem","position":2,"name":"Shop","item":"https:\/\/kinamihealth.com\/shop\/"},{"@type":"ListItem","position":3,"name":"MEDIDERMA\u00ae FR-ANTIOX MD ANTI-POLLUTION CONCENTRATE SERUM"}]},{"@type":"WebSite","@id":"https:\/\/kinamihealth.com\/#website","url":"https:\/\/kinamihealth.com\/","name":"Kinami Health","description":"","publisher":{"@id":"https:\/\/kinamihealth.com\/#organization"},"potentialAction":[{"@type":"SearchAction","target":{"@type":"EntryPoint","urlTemplate":"https:\/\/kinamihealth.com\/?s={search_term_string}"},"query-input":{"@type":"PropertyValueSpecification","valueRequired":true,"valueName":"search_term_string"}}],"inLanguage":"de"},{"@type":"Organization","@id":"https:\/\/kinamihealth.com\/#organization","name":"Kinami Health","url":"https:\/\/kinamihealth.com\/","logo":{"@type":"ImageObject","inLanguage":"de","@id":"https:\/\/kinamihealth.com\/#\/schema\/logo\/image\/","url":"https:\/\/kinamihealth.com\/wp-content\/uploads\/2025\/01\/KH_logo_black_2-1.png","contentUrl":"https:\/\/kinamihealth.com\/wp-content\/uploads\/2025\/01\/KH_logo_black_2-1.png","width":339,"height":34,"caption":"Kinami Health"},"image":{"@id":"https:\/\/kinamihealth.com\/#\/schema\/logo\/image\/"}}]}},"_links":{"self":[{"href":"https:\/\/kinamihealth.com\/de\/wp-json\/wp\/v2\/product\/113883","targetHints":{"allow":["GET"]}}],"collection":[{"href":"https:\/\/kinamihealth.com\/de\/wp-json\/wp\/v2\/product"}],"about":[{"href":"https:\/\/kinamihealth.com\/de\/wp-json\/wp\/v2\/types\/product"}],"replies":[{"embeddable":true,"href":"https:\/\/kinamihealth.com\/de\/wp-json\/wp\/v2\/comments?post=113883"}],"version-history":[{"count":0,"href":"https:\/\/kinamihealth.com\/de\/wp-json\/wp\/v2\/product\/113883\/revisions"}],"wp:featuredmedia":[{"embeddable":true,"href":"https:\/\/kinamihealth.com\/de\/wp-json\/wp\/v2\/media\/100960"}],"wp:attachment":[{"href":"https:\/\/kinamihealth.com\/de\/wp-json\/wp\/v2\/media?parent=113883"}],"wp:term":[{"taxonomy":"product_brand","embeddable":true,"href":"https:\/\/kinamihealth.com\/de\/wp-json\/wp\/v2\/product_brand?post=113883"},{"taxonomy":"product_cat","embeddable":true,"href":"https:\/\/kinamihealth.com\/de\/wp-json\/wp\/v2\/product_cat?post=113883"},{"taxonomy":"product_tag","embeddable":true,"href":"https:\/\/kinamihealth.com\/de\/wp-json\/wp\/v2\/product_tag?post=113883"}],"curies":[{"name":"wp","href":"https:\/\/api.w.org\/{rel}","templated":true}]}}