{"id":113607,"date":"2025-09-12T15:29:28","date_gmt":"2025-09-12T15:29:28","guid":{"rendered":"https:\/\/kinamihealth.com\/?post_type=product&#038;p=113607"},"modified":"2025-10-23T07:36:09","modified_gmt":"2025-10-23T07:36:09","slug":"mediderma-azelac-m","status":"publish","type":"product","link":"https:\/\/kinamihealth.com\/de\/produkt\/mediderma-azelac-m\/","title":{"rendered":"MEDIDERMA\u00ae AZELAC\u00ae M"},"content":{"rendered":"<p><span style=\"font-weight: 400;\">MEDIDERMA\u00ae AZELAC\u00ae M ist ein professionelles chemisches Peeling, das gezielt bei Akne, Pigmentst\u00f6rungen, R\u00f6tungen und lichtbedingter Hautalterung eingesetzt wird.<\/span><\/p>\n<p><span style=\"font-weight: 400;\">Die effektive Kombination aus Azelains\u00e4ure, Salicyls\u00e4ure und Mandels\u00e4ure unterst\u00fctzt die Zellerneuerung, verfeinert das Hautbild und sorgt f\u00fcr einen ebenm\u00e4\u00dfigeren, klareren Teint \u2013 sicher, wirksam und gut vertr\u00e4glich. Azelac M eignet sich ideal f\u00fcr Patienten, die ein frisches Hautbild und sichtbare Ergebnisse bei gleichzeitig hoher Hautschonung erwarten.<\/span><\/p>\n","protected":false},"excerpt":{"rendered":"<p>MEDIDERMA\u00ae AZELAC\u00ae M ist ein professionelles chemisches Peeling, das gezielt bei Akne, Pigmentst\u00f6rungen, R\u00f6tungen und lichtbedingter Hautalterung eingesetzt wird. Die effektive Kombination aus Azelains\u00e4ure, Salicyls\u00e4ure und Mandels\u00e4ure unterst\u00fctzt die Zellerneuerung, verfeinert das Hautbild und sorgt f\u00fcr einen ebenm\u00e4\u00dfigeren, klareren Teint \u2013 sicher, wirksam und gut vertr\u00e4glich. Azelac M eignet sich ideal f\u00fcr Patienten, die ein [&hellip;]<\/p>\n","protected":false},"featured_media":102121,"comment_status":"closed","ping_status":"closed","template":"","meta":{"_acf_changed":false,"inline_featured_image":false},"product_brand":[2161],"product_cat":[2025],"product_tag":[2144],"class_list":{"0":"post-113607","1":"product","2":"type-product","3":"status-publish","4":"has-post-thumbnail","6":"product_brand-mediderma-de","7":"product_cat-chemische-peelings","8":"product_tag-medical-devices-de","10":"first","11":"instock","12":"taxable","13":"shipping-taxable","14":"purchasable","15":"product-type-simple","16":"add-to-wishlist-before_image"},"acf":[],"yoast_head":"<!-- This site is optimized with the Yoast SEO plugin v27.5 - https:\/\/yoast.com\/product\/yoast-seo-wordpress\/ -->\n<title>MEDIDERMA\u00ae AZELAC\u00ae M online kaufen \u2013 Profi-Peeling gegen Hautprobleme<\/title>\n<meta name=\"description\" content=\"Azelac M online kaufen \u2013 professionelles Peeling gegen Akne, R\u00f6tungen, Pigmentflecken &amp; Lichtalterung. F\u00fcr klare &amp; frische Haut.\" \/>\n<meta name=\"robots\" content=\"index, follow, max-snippet:-1, max-image-preview:large, max-video-preview:-1\" \/>\n<link rel=\"canonical\" href=\"https:\/\/kinamihealth.com\/de\/wp-json\/wp\/v2\/product\/113607\" \/>\n<meta property=\"og:locale\" content=\"de_DE\" \/>\n<meta property=\"og:type\" content=\"article\" \/>\n<meta property=\"og:title\" content=\"MEDIDERMA\u00ae AZELAC\u00ae M online kaufen \u2013 Profi-Peeling gegen Hautprobleme\" \/>\n<meta property=\"og:description\" content=\"Azelac M online kaufen \u2013 professionelles Peeling gegen Akne, R\u00f6tungen, Pigmentflecken &amp; Lichtalterung. F\u00fcr klare &amp; frische Haut.\" \/>\n<meta property=\"og:url\" content=\"https:\/\/kinamihealth.com\/de\/produkt\/mediderma-azelac-m\/\" \/>\n<meta property=\"og:site_name\" content=\"Kinami Health\" \/>\n<meta property=\"article:modified_time\" content=\"2025-10-23T07:36:09+00:00\" \/>\n<meta property=\"og:image\" content=\"https:\/\/kinamihealth.com\/wp-content\/uploads\/2025\/02\/MEDIDERMA-AZELAC-M-01.webp\" \/>\n\t<meta property=\"og:image:width\" content=\"800\" \/>\n\t<meta property=\"og:image:height\" content=\"800\" \/>\n\t<meta property=\"og:image:type\" content=\"image\/webp\" \/>\n<meta name=\"twitter:card\" content=\"summary_large_image\" \/>\n<meta name=\"twitter:label1\" content=\"Gesch\u00e4tzte Lesezeit\" \/>\n\t<meta name=\"twitter:data1\" content=\"1\u00a0Minute\" \/>\n<!-- \/ Yoast SEO plugin. -->","yoast_head_json":{"title":"MEDIDERMA\u00ae AZELAC\u00ae M online kaufen \u2013 Profi-Peeling gegen Hautprobleme","description":"Azelac M online kaufen \u2013 professionelles Peeling gegen Akne, R\u00f6tungen, Pigmentflecken & Lichtalterung. F\u00fcr klare & frische Haut.","robots":{"index":"index","follow":"follow","max-snippet":"max-snippet:-1","max-image-preview":"max-image-preview:large","max-video-preview":"max-video-preview:-1"},"canonical":"https:\/\/kinamihealth.com\/de\/wp-json\/wp\/v2\/product\/113607","og_locale":"de_DE","og_type":"article","og_title":"MEDIDERMA\u00ae AZELAC\u00ae M online kaufen \u2013 Profi-Peeling gegen Hautprobleme","og_description":"Azelac M online kaufen \u2013 professionelles Peeling gegen Akne, R\u00f6tungen, Pigmentflecken & Lichtalterung. F\u00fcr klare & frische Haut.","og_url":"https:\/\/kinamihealth.com\/de\/produkt\/mediderma-azelac-m\/","og_site_name":"Kinami Health","article_modified_time":"2025-10-23T07:36:09+00:00","og_image":[{"width":800,"height":800,"url":"https:\/\/kinamihealth.com\/wp-content\/uploads\/2025\/02\/MEDIDERMA-AZELAC-M-01.webp","type":"image\/webp"}],"twitter_card":"summary_large_image","twitter_misc":{"Gesch\u00e4tzte Lesezeit":"1\u00a0Minute"},"schema":{"@context":"https:\/\/schema.org","@graph":[{"@type":"WebPage","@id":"https:\/\/kinamihealth.com\/de\/produkt\/mediderma-azelac-m\/","url":"https:\/\/kinamihealth.com\/de\/produkt\/mediderma-azelac-m\/","name":"MEDIDERMA\u00ae AZELAC\u00ae M online kaufen \u2013 Profi-Peeling gegen Hautprobleme","isPartOf":{"@id":"https:\/\/kinamihealth.com\/#website"},"primaryImageOfPage":{"@id":"https:\/\/kinamihealth.com\/de\/produkt\/mediderma-azelac-m\/#primaryimage"},"image":{"@id":"https:\/\/kinamihealth.com\/de\/produkt\/mediderma-azelac-m\/#primaryimage"},"thumbnailUrl":"https:\/\/kinamihealth.com\/wp-content\/uploads\/2025\/02\/MEDIDERMA-AZELAC-M-01.webp","datePublished":"2025-09-12T15:29:28+00:00","dateModified":"2025-10-23T07:36:09+00:00","description":"Azelac M online kaufen \u2013 professionelles Peeling gegen Akne, R\u00f6tungen, Pigmentflecken & Lichtalterung. F\u00fcr klare & frische Haut.","breadcrumb":{"@id":"https:\/\/kinamihealth.com\/de\/produkt\/mediderma-azelac-m\/#breadcrumb"},"inLanguage":"de","potentialAction":[{"@type":"ReadAction","target":["https:\/\/kinamihealth.com\/de\/produkt\/mediderma-azelac-m\/"]}]},{"@type":"ImageObject","inLanguage":"de","@id":"https:\/\/kinamihealth.com\/de\/produkt\/mediderma-azelac-m\/#primaryimage","url":"https:\/\/kinamihealth.com\/wp-content\/uploads\/2025\/02\/MEDIDERMA-AZELAC-M-01.webp","contentUrl":"https:\/\/kinamihealth.com\/wp-content\/uploads\/2025\/02\/MEDIDERMA-AZELAC-M-01.webp","width":800,"height":800},{"@type":"BreadcrumbList","@id":"https:\/\/kinamihealth.com\/de\/produkt\/mediderma-azelac-m\/#breadcrumb","itemListElement":[{"@type":"ListItem","position":1,"name":"Startseite","item":"https:\/\/kinamihealth.com\/"},{"@type":"ListItem","position":2,"name":"Shop","item":"https:\/\/kinamihealth.com\/shop\/"},{"@type":"ListItem","position":3,"name":"MEDIDERMA\u00ae AZELAC\u00ae M"}]},{"@type":"WebSite","@id":"https:\/\/kinamihealth.com\/#website","url":"https:\/\/kinamihealth.com\/","name":"Kinami Health","description":"","publisher":{"@id":"https:\/\/kinamihealth.com\/#organization"},"potentialAction":[{"@type":"SearchAction","target":{"@type":"EntryPoint","urlTemplate":"https:\/\/kinamihealth.com\/?s={search_term_string}"},"query-input":{"@type":"PropertyValueSpecification","valueRequired":true,"valueName":"search_term_string"}}],"inLanguage":"de"},{"@type":"Organization","@id":"https:\/\/kinamihealth.com\/#organization","name":"Kinami Health","url":"https:\/\/kinamihealth.com\/","logo":{"@type":"ImageObject","inLanguage":"de","@id":"https:\/\/kinamihealth.com\/#\/schema\/logo\/image\/","url":"https:\/\/kinamihealth.com\/wp-content\/uploads\/2025\/01\/KH_logo_black_2-1.png","contentUrl":"https:\/\/kinamihealth.com\/wp-content\/uploads\/2025\/01\/KH_logo_black_2-1.png","width":339,"height":34,"caption":"Kinami Health"},"image":{"@id":"https:\/\/kinamihealth.com\/#\/schema\/logo\/image\/"}}]}},"_links":{"self":[{"href":"https:\/\/kinamihealth.com\/de\/wp-json\/wp\/v2\/product\/113607","targetHints":{"allow":["GET"]}}],"collection":[{"href":"https:\/\/kinamihealth.com\/de\/wp-json\/wp\/v2\/product"}],"about":[{"href":"https:\/\/kinamihealth.com\/de\/wp-json\/wp\/v2\/types\/product"}],"replies":[{"embeddable":true,"href":"https:\/\/kinamihealth.com\/de\/wp-json\/wp\/v2\/comments?post=113607"}],"version-history":[{"count":0,"href":"https:\/\/kinamihealth.com\/de\/wp-json\/wp\/v2\/product\/113607\/revisions"}],"wp:featuredmedia":[{"embeddable":true,"href":"https:\/\/kinamihealth.com\/de\/wp-json\/wp\/v2\/media\/102121"}],"wp:attachment":[{"href":"https:\/\/kinamihealth.com\/de\/wp-json\/wp\/v2\/media?parent=113607"}],"wp:term":[{"taxonomy":"product_brand","embeddable":true,"href":"https:\/\/kinamihealth.com\/de\/wp-json\/wp\/v2\/product_brand?post=113607"},{"taxonomy":"product_cat","embeddable":true,"href":"https:\/\/kinamihealth.com\/de\/wp-json\/wp\/v2\/product_cat?post=113607"},{"taxonomy":"product_tag","embeddable":true,"href":"https:\/\/kinamihealth.com\/de\/wp-json\/wp\/v2\/product_tag?post=113607"}],"curies":[{"name":"wp","href":"https:\/\/api.w.org\/{rel}","templated":true}]}}