{"id":113602,"date":"2025-09-12T15:23:11","date_gmt":"2025-09-12T15:23:11","guid":{"rendered":"https:\/\/kinamihealth.com\/?post_type=product&#038;p=113602"},"modified":"2025-10-23T07:40:04","modified_gmt":"2025-10-23T07:40:04","slug":"aliaxin-sr","status":"publish","type":"product","link":"https:\/\/kinamihealth.com\/de\/produkt\/aliaxin-sr\/","title":{"rendered":"ALIAXIN\u00ae SR"},"content":{"rendered":"<p><span style=\"font-weight: 400;\">ALIAXIN\u00ae SR Shape &amp; Restore ist ein <\/span><b>spezialisierter Hyaluronfiller<\/b><span style=\"font-weight: 400;\"> zur gezielten Konturierung des Gesichts und nachhaltigen Hautrevitalisierung.\u00a0<\/span><\/p>\n<p><span style=\"font-weight: 400;\">Er basiert <\/span><b>auf modernster Hyalurons\u00e4ure-Technologie<\/b><span style=\"font-weight: 400;\"> und erm\u00f6glicht effektiven Volumenaufbau sowie eine tiefenwirksame Verbesserung von Hautstruktur und Elastizit\u00e4t \u2013 f\u00fcr nat\u00fcrliche, langanhaltende Ergebnisse. Aliaxin SR wurde f\u00fcr den professionellen Einsatz entwickelt und eignet sich besonders <\/span><b>zur sanften Umformung von Gesichtsz\u00fcgen<\/b><span style=\"font-weight: 400;\">, zur Wiederherstellung verlorenen Volumens und zur sichtbaren Verj\u00fcngung des Hautbilds.<\/span><\/p>\n<p><span style=\"font-weight: 400;\">Zugelassene Fachkr\u00e4fte k\u00f6nnen Aliaxin SR Shape &amp; Restore sicher und bequem im<\/span><b> Kinami Health Online-Shop<\/b><span style=\"font-weight: 400;\"> bestellen \u2013 Ihrem zuverl\u00e4ssigen Partner f\u00fcr hochwertige Produkte der \u00e4sthetischen Medizin.<\/span><\/p>\n","protected":false},"excerpt":{"rendered":"<p>ALIAXIN\u00ae SR Shape &amp; Restore ist ein spezialisierter Hyaluronfiller zur gezielten Konturierung des Gesichts und nachhaltigen Hautrevitalisierung.\u00a0 Er basiert auf modernster Hyalurons\u00e4ure-Technologie und erm\u00f6glicht effektiven Volumenaufbau sowie eine tiefenwirksame Verbesserung von Hautstruktur und Elastizit\u00e4t \u2013 f\u00fcr nat\u00fcrliche, langanhaltende Ergebnisse. Aliaxin SR wurde f\u00fcr den professionellen Einsatz entwickelt und eignet sich besonders zur sanften Umformung von [&hellip;]<\/p>\n","protected":false},"featured_media":102090,"comment_status":"closed","ping_status":"closed","template":"","meta":{"_acf_changed":false,"inline_featured_image":false},"product_brand":[2047],"product_cat":[2023],"product_tag":[2144],"class_list":{"0":"post-113602","1":"product","2":"type-product","3":"status-publish","4":"has-post-thumbnail","6":"product_brand-aliaxin","7":"product_cat-filler","8":"product_tag-medical-devices-de","10":"first","11":"instock","12":"taxable","13":"shipping-taxable","14":"purchasable","15":"product-type-simple","16":"add-to-wishlist-before_image"},"acf":[],"yoast_head":"<!-- This site is optimized with the Yoast SEO plugin v27.5 - https:\/\/yoast.com\/product\/yoast-seo-wordpress\/ -->\n<title>ALIAXIN\u00ae SR online kaufen \u2013 Filler f\u00fcr Form &amp; Kontur<\/title>\n<meta name=\"description\" content=\"Aliaxin SR online \u2013 f\u00fcr Gesichtskonturen, Volumenaufbau &amp; verbesserte Elastizit\u00e4t. Jetzt bei Kinami Health verf\u00fcgbar.\" \/>\n<meta name=\"robots\" content=\"index, follow, max-snippet:-1, max-image-preview:large, max-video-preview:-1\" \/>\n<link rel=\"canonical\" href=\"https:\/\/kinamihealth.com\/de\/wp-json\/wp\/v2\/product\/113602\" \/>\n<meta property=\"og:locale\" content=\"de_DE\" \/>\n<meta property=\"og:type\" content=\"article\" \/>\n<meta property=\"og:title\" content=\"ALIAXIN\u00ae SR online kaufen \u2013 Filler f\u00fcr Form &amp; Kontur\" \/>\n<meta property=\"og:description\" content=\"Aliaxin SR online \u2013 f\u00fcr Gesichtskonturen, Volumenaufbau &amp; verbesserte Elastizit\u00e4t. Jetzt bei Kinami Health verf\u00fcgbar.\" \/>\n<meta property=\"og:url\" content=\"https:\/\/kinamihealth.com\/de\/produkt\/aliaxin-sr\/\" \/>\n<meta property=\"og:site_name\" content=\"Kinami Health\" \/>\n<meta property=\"article:modified_time\" content=\"2025-10-23T07:40:04+00:00\" \/>\n<meta property=\"og:image\" content=\"https:\/\/kinamihealth.com\/wp-content\/uploads\/2025\/02\/IBSA-ALIAXIN-SR-04.webp\" \/>\n\t<meta property=\"og:image:width\" content=\"800\" \/>\n\t<meta property=\"og:image:height\" content=\"800\" \/>\n\t<meta property=\"og:image:type\" content=\"image\/webp\" \/>\n<meta name=\"twitter:card\" content=\"summary_large_image\" \/>\n<meta name=\"twitter:label1\" content=\"Gesch\u00e4tzte Lesezeit\" \/>\n\t<meta name=\"twitter:data1\" content=\"1\u00a0Minute\" \/>\n<!-- \/ Yoast SEO plugin. -->","yoast_head_json":{"title":"ALIAXIN\u00ae SR online kaufen \u2013 Filler f\u00fcr Form & Kontur","description":"Aliaxin SR online \u2013 f\u00fcr Gesichtskonturen, Volumenaufbau & verbesserte Elastizit\u00e4t. Jetzt bei Kinami Health verf\u00fcgbar.","robots":{"index":"index","follow":"follow","max-snippet":"max-snippet:-1","max-image-preview":"max-image-preview:large","max-video-preview":"max-video-preview:-1"},"canonical":"https:\/\/kinamihealth.com\/de\/wp-json\/wp\/v2\/product\/113602","og_locale":"de_DE","og_type":"article","og_title":"ALIAXIN\u00ae SR online kaufen \u2013 Filler f\u00fcr Form & Kontur","og_description":"Aliaxin SR online \u2013 f\u00fcr Gesichtskonturen, Volumenaufbau & verbesserte Elastizit\u00e4t. Jetzt bei Kinami Health verf\u00fcgbar.","og_url":"https:\/\/kinamihealth.com\/de\/produkt\/aliaxin-sr\/","og_site_name":"Kinami Health","article_modified_time":"2025-10-23T07:40:04+00:00","og_image":[{"width":800,"height":800,"url":"https:\/\/kinamihealth.com\/wp-content\/uploads\/2025\/02\/IBSA-ALIAXIN-SR-04.webp","type":"image\/webp"}],"twitter_card":"summary_large_image","twitter_misc":{"Gesch\u00e4tzte Lesezeit":"1\u00a0Minute"},"schema":{"@context":"https:\/\/schema.org","@graph":[{"@type":"WebPage","@id":"https:\/\/kinamihealth.com\/de\/produkt\/aliaxin-sr\/","url":"https:\/\/kinamihealth.com\/de\/produkt\/aliaxin-sr\/","name":"ALIAXIN\u00ae SR online kaufen \u2013 Filler f\u00fcr Form & Kontur","isPartOf":{"@id":"https:\/\/kinamihealth.com\/#website"},"primaryImageOfPage":{"@id":"https:\/\/kinamihealth.com\/de\/produkt\/aliaxin-sr\/#primaryimage"},"image":{"@id":"https:\/\/kinamihealth.com\/de\/produkt\/aliaxin-sr\/#primaryimage"},"thumbnailUrl":"https:\/\/kinamihealth.com\/wp-content\/uploads\/2025\/02\/IBSA-ALIAXIN-SR-04.webp","datePublished":"2025-09-12T15:23:11+00:00","dateModified":"2025-10-23T07:40:04+00:00","description":"Aliaxin SR online \u2013 f\u00fcr Gesichtskonturen, Volumenaufbau & verbesserte Elastizit\u00e4t. Jetzt bei Kinami Health verf\u00fcgbar.","breadcrumb":{"@id":"https:\/\/kinamihealth.com\/de\/produkt\/aliaxin-sr\/#breadcrumb"},"inLanguage":"de","potentialAction":[{"@type":"ReadAction","target":["https:\/\/kinamihealth.com\/de\/produkt\/aliaxin-sr\/"]}]},{"@type":"ImageObject","inLanguage":"de","@id":"https:\/\/kinamihealth.com\/de\/produkt\/aliaxin-sr\/#primaryimage","url":"https:\/\/kinamihealth.com\/wp-content\/uploads\/2025\/02\/IBSA-ALIAXIN-SR-04.webp","contentUrl":"https:\/\/kinamihealth.com\/wp-content\/uploads\/2025\/02\/IBSA-ALIAXIN-SR-04.webp","width":800,"height":800},{"@type":"BreadcrumbList","@id":"https:\/\/kinamihealth.com\/de\/produkt\/aliaxin-sr\/#breadcrumb","itemListElement":[{"@type":"ListItem","position":1,"name":"Startseite","item":"https:\/\/kinamihealth.com\/"},{"@type":"ListItem","position":2,"name":"Shop","item":"https:\/\/kinamihealth.com\/shop\/"},{"@type":"ListItem","position":3,"name":"ALIAXIN\u00ae SR"}]},{"@type":"WebSite","@id":"https:\/\/kinamihealth.com\/#website","url":"https:\/\/kinamihealth.com\/","name":"Kinami Health","description":"","publisher":{"@id":"https:\/\/kinamihealth.com\/#organization"},"potentialAction":[{"@type":"SearchAction","target":{"@type":"EntryPoint","urlTemplate":"https:\/\/kinamihealth.com\/?s={search_term_string}"},"query-input":{"@type":"PropertyValueSpecification","valueRequired":true,"valueName":"search_term_string"}}],"inLanguage":"de"},{"@type":"Organization","@id":"https:\/\/kinamihealth.com\/#organization","name":"Kinami Health","url":"https:\/\/kinamihealth.com\/","logo":{"@type":"ImageObject","inLanguage":"de","@id":"https:\/\/kinamihealth.com\/#\/schema\/logo\/image\/","url":"https:\/\/kinamihealth.com\/wp-content\/uploads\/2025\/01\/KH_logo_black_2-1.png","contentUrl":"https:\/\/kinamihealth.com\/wp-content\/uploads\/2025\/01\/KH_logo_black_2-1.png","width":339,"height":34,"caption":"Kinami Health"},"image":{"@id":"https:\/\/kinamihealth.com\/#\/schema\/logo\/image\/"}}]}},"_links":{"self":[{"href":"https:\/\/kinamihealth.com\/de\/wp-json\/wp\/v2\/product\/113602","targetHints":{"allow":["GET"]}}],"collection":[{"href":"https:\/\/kinamihealth.com\/de\/wp-json\/wp\/v2\/product"}],"about":[{"href":"https:\/\/kinamihealth.com\/de\/wp-json\/wp\/v2\/types\/product"}],"replies":[{"embeddable":true,"href":"https:\/\/kinamihealth.com\/de\/wp-json\/wp\/v2\/comments?post=113602"}],"version-history":[{"count":0,"href":"https:\/\/kinamihealth.com\/de\/wp-json\/wp\/v2\/product\/113602\/revisions"}],"wp:featuredmedia":[{"embeddable":true,"href":"https:\/\/kinamihealth.com\/de\/wp-json\/wp\/v2\/media\/102090"}],"wp:attachment":[{"href":"https:\/\/kinamihealth.com\/de\/wp-json\/wp\/v2\/media?parent=113602"}],"wp:term":[{"taxonomy":"product_brand","embeddable":true,"href":"https:\/\/kinamihealth.com\/de\/wp-json\/wp\/v2\/product_brand?post=113602"},{"taxonomy":"product_cat","embeddable":true,"href":"https:\/\/kinamihealth.com\/de\/wp-json\/wp\/v2\/product_cat?post=113602"},{"taxonomy":"product_tag","embeddable":true,"href":"https:\/\/kinamihealth.com\/de\/wp-json\/wp\/v2\/product_tag?post=113602"}],"curies":[{"name":"wp","href":"https:\/\/api.w.org\/{rel}","templated":true}]}}