{"id":113599,"date":"2025-09-12T15:20:16","date_gmt":"2025-09-12T15:20:16","guid":{"rendered":"https:\/\/kinamihealth.com\/?post_type=product&#038;p=113599"},"modified":"2025-10-23T07:41:07","modified_gmt":"2025-10-23T07:41:07","slug":"aliaxin-lv","status":"publish","type":"product","link":"https:\/\/kinamihealth.com\/de\/produkt\/aliaxin-lv\/","title":{"rendered":"ALIAXIN\u00ae LV"},"content":{"rendered":"<p><span style=\"font-weight: 400;\">ALIAXIN\u00ae LV (Lips Volume) ist ein <\/span><b>hochwertiger Hyalurons\u00e4ure-Filler<\/b><span style=\"font-weight: 400;\">, der speziell zur <\/span><b>Volumensteigerung und Konturverbesserung der Lippen<\/b><span style=\"font-weight: 400;\"> entwickelt wurde. Er \u00fcberzeugt durch<\/span><b> nat\u00fcrlich wirkende Ergebnisse<\/b><span style=\"font-weight: 400;\"> und eine ausgezeichnete Haltbarkeit \u2013 hergestellt nach h\u00f6chsten Qualit\u00e4tsstandards.<\/span><\/p>\n<p><span style=\"font-weight: 400;\">Im <\/span><b>Kinami Health Shop<\/b><span style=\"font-weight: 400;\"> k\u00f6nnen medizinische Fachkr\u00e4fte Aliaxin LV sicher und zu Top-Konditionen online bestellen. Jetzt kaufen und Behandlungsergebnisse auf h\u00f6chstem Niveau erzielen!<\/span><\/p>\n","protected":false},"excerpt":{"rendered":"<p>ALIAXIN\u00ae LV (Lips Volume) ist ein hochwertiger Hyalurons\u00e4ure-Filler, der speziell zur Volumensteigerung und Konturverbesserung der Lippen entwickelt wurde. Er \u00fcberzeugt durch nat\u00fcrlich wirkende Ergebnisse und eine ausgezeichnete Haltbarkeit \u2013 hergestellt nach h\u00f6chsten Qualit\u00e4tsstandards. Im Kinami Health Shop k\u00f6nnen medizinische Fachkr\u00e4fte Aliaxin LV sicher und zu Top-Konditionen online bestellen. Jetzt kaufen und Behandlungsergebnisse auf h\u00f6chstem Niveau [&hellip;]<\/p>\n","protected":false},"featured_media":102109,"comment_status":"closed","ping_status":"closed","template":"","meta":{"_acf_changed":false,"inline_featured_image":false},"product_brand":[2047],"product_cat":[2023],"product_tag":[2144],"class_list":{"0":"post-113599","1":"product","2":"type-product","3":"status-publish","4":"has-post-thumbnail","6":"product_brand-aliaxin","7":"product_cat-filler","8":"product_tag-medical-devices-de","10":"first","11":"instock","12":"taxable","13":"shipping-taxable","14":"purchasable","15":"product-type-simple","16":"add-to-wishlist-before_image"},"acf":[],"yoast_head":"<!-- This site is optimized with the Yoast SEO plugin v27.5 - https:\/\/yoast.com\/product\/yoast-seo-wordpress\/ -->\n<title>ALIAXIN\u00ae LV Lips Volume online kaufen \u2013 HA-Lippenfiller<\/title>\n<meta name=\"description\" content=\"Kaufen Sie Aliaxin LV Lips Volume online f\u00fcr eine erstklassige Lippenvergr\u00f6\u00dferung und -konturierung. Dieser Hyalurons\u00e4ure-Filler sorgt f\u00fcr lang anhaltende, nat\u00fcrlich aussehende Ergebnisse. Jetzt bestellen!\" \/>\n<meta name=\"robots\" content=\"index, follow, max-snippet:-1, max-image-preview:large, max-video-preview:-1\" \/>\n<link rel=\"canonical\" href=\"https:\/\/kinamihealth.com\/de\/wp-json\/wp\/v2\/product\/113599\" \/>\n<meta property=\"og:locale\" content=\"de_DE\" \/>\n<meta property=\"og:type\" content=\"article\" \/>\n<meta property=\"og:title\" content=\"ALIAXIN\u00ae LV Lips Volume online kaufen \u2013 HA-Lippenfiller\" \/>\n<meta property=\"og:description\" content=\"Kaufen Sie Aliaxin LV Lips Volume online f\u00fcr eine erstklassige Lippenvergr\u00f6\u00dferung und -konturierung. Dieser Hyalurons\u00e4ure-Filler sorgt f\u00fcr lang anhaltende, nat\u00fcrlich aussehende Ergebnisse. Jetzt bestellen!\" \/>\n<meta property=\"og:url\" content=\"https:\/\/kinamihealth.com\/de\/produkt\/aliaxin-lv\/\" \/>\n<meta property=\"og:site_name\" content=\"Kinami Health\" \/>\n<meta property=\"article:modified_time\" content=\"2025-10-23T07:41:07+00:00\" \/>\n<meta property=\"og:image\" content=\"https:\/\/kinamihealth.com\/wp-content\/uploads\/2025\/02\/ALIAXIN-LV-LIPSVOLUME-03.webp\" \/>\n\t<meta property=\"og:image:width\" content=\"800\" \/>\n\t<meta property=\"og:image:height\" content=\"800\" \/>\n\t<meta property=\"og:image:type\" content=\"image\/webp\" \/>\n<meta name=\"twitter:card\" content=\"summary_large_image\" \/>\n<meta name=\"twitter:label1\" content=\"Gesch\u00e4tzte Lesezeit\" \/>\n\t<meta name=\"twitter:data1\" content=\"1\u00a0Minute\" \/>\n<!-- \/ Yoast SEO plugin. -->","yoast_head_json":{"title":"ALIAXIN\u00ae LV Lips Volume online kaufen \u2013 HA-Lippenfiller","description":"Kaufen Sie Aliaxin LV Lips Volume online f\u00fcr eine erstklassige Lippenvergr\u00f6\u00dferung und -konturierung. Dieser Hyalurons\u00e4ure-Filler sorgt f\u00fcr lang anhaltende, nat\u00fcrlich aussehende Ergebnisse. Jetzt bestellen!","robots":{"index":"index","follow":"follow","max-snippet":"max-snippet:-1","max-image-preview":"max-image-preview:large","max-video-preview":"max-video-preview:-1"},"canonical":"https:\/\/kinamihealth.com\/de\/wp-json\/wp\/v2\/product\/113599","og_locale":"de_DE","og_type":"article","og_title":"ALIAXIN\u00ae LV Lips Volume online kaufen \u2013 HA-Lippenfiller","og_description":"Kaufen Sie Aliaxin LV Lips Volume online f\u00fcr eine erstklassige Lippenvergr\u00f6\u00dferung und -konturierung. Dieser Hyalurons\u00e4ure-Filler sorgt f\u00fcr lang anhaltende, nat\u00fcrlich aussehende Ergebnisse. Jetzt bestellen!","og_url":"https:\/\/kinamihealth.com\/de\/produkt\/aliaxin-lv\/","og_site_name":"Kinami Health","article_modified_time":"2025-10-23T07:41:07+00:00","og_image":[{"width":800,"height":800,"url":"https:\/\/kinamihealth.com\/wp-content\/uploads\/2025\/02\/ALIAXIN-LV-LIPSVOLUME-03.webp","type":"image\/webp"}],"twitter_card":"summary_large_image","twitter_misc":{"Gesch\u00e4tzte Lesezeit":"1\u00a0Minute"},"schema":{"@context":"https:\/\/schema.org","@graph":[{"@type":"WebPage","@id":"https:\/\/kinamihealth.com\/de\/produkt\/aliaxin-lv\/","url":"https:\/\/kinamihealth.com\/de\/produkt\/aliaxin-lv\/","name":"ALIAXIN\u00ae LV Lips Volume online kaufen \u2013 HA-Lippenfiller","isPartOf":{"@id":"https:\/\/kinamihealth.com\/#website"},"primaryImageOfPage":{"@id":"https:\/\/kinamihealth.com\/de\/produkt\/aliaxin-lv\/#primaryimage"},"image":{"@id":"https:\/\/kinamihealth.com\/de\/produkt\/aliaxin-lv\/#primaryimage"},"thumbnailUrl":"https:\/\/kinamihealth.com\/wp-content\/uploads\/2025\/02\/ALIAXIN-LV-LIPSVOLUME-03.webp","datePublished":"2025-09-12T15:20:16+00:00","dateModified":"2025-10-23T07:41:07+00:00","description":"Kaufen Sie Aliaxin LV Lips Volume online f\u00fcr eine erstklassige Lippenvergr\u00f6\u00dferung und -konturierung. Dieser Hyalurons\u00e4ure-Filler sorgt f\u00fcr lang anhaltende, nat\u00fcrlich aussehende Ergebnisse. Jetzt bestellen!","breadcrumb":{"@id":"https:\/\/kinamihealth.com\/de\/produkt\/aliaxin-lv\/#breadcrumb"},"inLanguage":"de","potentialAction":[{"@type":"ReadAction","target":["https:\/\/kinamihealth.com\/de\/produkt\/aliaxin-lv\/"]}]},{"@type":"ImageObject","inLanguage":"de","@id":"https:\/\/kinamihealth.com\/de\/produkt\/aliaxin-lv\/#primaryimage","url":"https:\/\/kinamihealth.com\/wp-content\/uploads\/2025\/02\/ALIAXIN-LV-LIPSVOLUME-03.webp","contentUrl":"https:\/\/kinamihealth.com\/wp-content\/uploads\/2025\/02\/ALIAXIN-LV-LIPSVOLUME-03.webp","width":800,"height":800},{"@type":"BreadcrumbList","@id":"https:\/\/kinamihealth.com\/de\/produkt\/aliaxin-lv\/#breadcrumb","itemListElement":[{"@type":"ListItem","position":1,"name":"Startseite","item":"https:\/\/kinamihealth.com\/"},{"@type":"ListItem","position":2,"name":"Shop","item":"https:\/\/kinamihealth.com\/shop\/"},{"@type":"ListItem","position":3,"name":"ALIAXIN\u00ae LV"}]},{"@type":"WebSite","@id":"https:\/\/kinamihealth.com\/#website","url":"https:\/\/kinamihealth.com\/","name":"Kinami Health","description":"","publisher":{"@id":"https:\/\/kinamihealth.com\/#organization"},"potentialAction":[{"@type":"SearchAction","target":{"@type":"EntryPoint","urlTemplate":"https:\/\/kinamihealth.com\/?s={search_term_string}"},"query-input":{"@type":"PropertyValueSpecification","valueRequired":true,"valueName":"search_term_string"}}],"inLanguage":"de"},{"@type":"Organization","@id":"https:\/\/kinamihealth.com\/#organization","name":"Kinami Health","url":"https:\/\/kinamihealth.com\/","logo":{"@type":"ImageObject","inLanguage":"de","@id":"https:\/\/kinamihealth.com\/#\/schema\/logo\/image\/","url":"https:\/\/kinamihealth.com\/wp-content\/uploads\/2025\/01\/KH_logo_black_2-1.png","contentUrl":"https:\/\/kinamihealth.com\/wp-content\/uploads\/2025\/01\/KH_logo_black_2-1.png","width":339,"height":34,"caption":"Kinami Health"},"image":{"@id":"https:\/\/kinamihealth.com\/#\/schema\/logo\/image\/"}}]}},"_links":{"self":[{"href":"https:\/\/kinamihealth.com\/de\/wp-json\/wp\/v2\/product\/113599","targetHints":{"allow":["GET"]}}],"collection":[{"href":"https:\/\/kinamihealth.com\/de\/wp-json\/wp\/v2\/product"}],"about":[{"href":"https:\/\/kinamihealth.com\/de\/wp-json\/wp\/v2\/types\/product"}],"replies":[{"embeddable":true,"href":"https:\/\/kinamihealth.com\/de\/wp-json\/wp\/v2\/comments?post=113599"}],"version-history":[{"count":0,"href":"https:\/\/kinamihealth.com\/de\/wp-json\/wp\/v2\/product\/113599\/revisions"}],"wp:featuredmedia":[{"embeddable":true,"href":"https:\/\/kinamihealth.com\/de\/wp-json\/wp\/v2\/media\/102109"}],"wp:attachment":[{"href":"https:\/\/kinamihealth.com\/de\/wp-json\/wp\/v2\/media?parent=113599"}],"wp:term":[{"taxonomy":"product_brand","embeddable":true,"href":"https:\/\/kinamihealth.com\/de\/wp-json\/wp\/v2\/product_brand?post=113599"},{"taxonomy":"product_cat","embeddable":true,"href":"https:\/\/kinamihealth.com\/de\/wp-json\/wp\/v2\/product_cat?post=113599"},{"taxonomy":"product_tag","embeddable":true,"href":"https:\/\/kinamihealth.com\/de\/wp-json\/wp\/v2\/product_tag?post=113599"}],"curies":[{"name":"wp","href":"https:\/\/api.w.org\/{rel}","templated":true}]}}