{"id":113597,"date":"2025-09-12T15:18:26","date_gmt":"2025-09-12T15:18:26","guid":{"rendered":"https:\/\/kinamihealth.com\/?post_type=product&#038;p=113597"},"modified":"2025-10-23T07:41:50","modified_gmt":"2025-10-23T07:41:50","slug":"fillmed-m-ha-18","status":"publish","type":"product","link":"https:\/\/kinamihealth.com\/de\/produkt\/fillmed-m-ha-18\/","title":{"rendered":"FILLMED\u00ae M-HA 18"},"content":{"rendered":"<p><span style=\"font-weight: 400;\">FILLMED\u00ae M-HA 18 ist ein<\/span><b> wirksamer Dermal-Filler<\/b><span style=\"font-weight: 400;\">, der langanhaltende Ergebnisse liefert und Ausstrahlung, Volumen sowie Hauttextur sichtbar verbessert. Mit seinen hochwertigen Inhaltsstoffen ist Fillmed M-HA 18 eine fantastische L\u00f6sung f\u00fcr Anwender, die den Zeichen der Hautalterung entgegenwirken m\u00f6chten.<\/span><\/p>\n","protected":false},"excerpt":{"rendered":"<p>FILLMED\u00ae M-HA 18 ist ein wirksamer Dermal-Filler, der langanhaltende Ergebnisse liefert und Ausstrahlung, Volumen sowie Hauttextur sichtbar verbessert. Mit seinen hochwertigen Inhaltsstoffen ist Fillmed M-HA 18 eine fantastische L\u00f6sung f\u00fcr Anwender, die den Zeichen der Hautalterung entgegenwirken m\u00f6chten.<\/p>\n","protected":false},"featured_media":100843,"comment_status":"closed","ping_status":"closed","template":"","meta":{"_acf_changed":false,"inline_featured_image":false},"product_brand":[2063],"product_cat":[2023],"product_tag":[2144],"class_list":{"0":"post-113597","1":"product","2":"type-product","3":"status-publish","4":"has-post-thumbnail","6":"product_brand-fillmed","7":"product_cat-filler","8":"product_tag-medical-devices-de","10":"first","11":"instock","12":"taxable","13":"shipping-taxable","14":"purchasable","15":"product-type-simple","16":"add-to-wishlist-before_image"},"acf":[],"yoast_head":"<!-- This site is optimized with the Yoast SEO plugin v27.5 - https:\/\/yoast.com\/product\/yoast-seo-wordpress\/ -->\n<title>FILLMED\u00ae M-HA 18 online kaufen<\/title>\n<meta name=\"description\" content=\"Bestellen Sie FILLMED M-HA 18 online \u2013 ein hochwertiger Anti-Aging-Filler zur effektiven Reduktion feiner Linien und Falten.\" \/>\n<meta name=\"robots\" content=\"index, follow, max-snippet:-1, max-image-preview:large, max-video-preview:-1\" \/>\n<link rel=\"canonical\" href=\"https:\/\/kinamihealth.com\/de\/wp-json\/wp\/v2\/product\/113597\" \/>\n<meta property=\"og:locale\" content=\"de_DE\" \/>\n<meta property=\"og:type\" content=\"article\" \/>\n<meta property=\"og:title\" content=\"FILLMED\u00ae M-HA 18 online kaufen\" \/>\n<meta property=\"og:description\" content=\"Bestellen Sie FILLMED M-HA 18 online \u2013 ein hochwertiger Anti-Aging-Filler zur effektiven Reduktion feiner Linien und Falten.\" \/>\n<meta property=\"og:url\" content=\"https:\/\/kinamihealth.com\/de\/produkt\/fillmed-m-ha-18\/\" \/>\n<meta property=\"og:site_name\" content=\"Kinami Health\" \/>\n<meta property=\"article:modified_time\" content=\"2025-10-23T07:41:50+00:00\" \/>\n<meta property=\"og:image\" content=\"https:\/\/kinamihealth.com\/wp-content\/uploads\/2025\/02\/FILLMED-MHA18-01.jpg\" \/>\n\t<meta property=\"og:image:width\" content=\"800\" \/>\n\t<meta property=\"og:image:height\" content=\"800\" \/>\n\t<meta property=\"og:image:type\" content=\"image\/jpeg\" \/>\n<meta name=\"twitter:card\" content=\"summary_large_image\" \/>\n<meta name=\"twitter:label1\" content=\"Gesch\u00e4tzte Lesezeit\" \/>\n\t<meta name=\"twitter:data1\" content=\"1\u00a0Minute\" \/>\n<!-- \/ Yoast SEO plugin. -->","yoast_head_json":{"title":"FILLMED\u00ae M-HA 18 online kaufen","description":"Bestellen Sie FILLMED M-HA 18 online \u2013 ein hochwertiger Anti-Aging-Filler zur effektiven Reduktion feiner Linien und Falten.","robots":{"index":"index","follow":"follow","max-snippet":"max-snippet:-1","max-image-preview":"max-image-preview:large","max-video-preview":"max-video-preview:-1"},"canonical":"https:\/\/kinamihealth.com\/de\/wp-json\/wp\/v2\/product\/113597","og_locale":"de_DE","og_type":"article","og_title":"FILLMED\u00ae M-HA 18 online kaufen","og_description":"Bestellen Sie FILLMED M-HA 18 online \u2013 ein hochwertiger Anti-Aging-Filler zur effektiven Reduktion feiner Linien und Falten.","og_url":"https:\/\/kinamihealth.com\/de\/produkt\/fillmed-m-ha-18\/","og_site_name":"Kinami Health","article_modified_time":"2025-10-23T07:41:50+00:00","og_image":[{"width":800,"height":800,"url":"https:\/\/kinamihealth.com\/wp-content\/uploads\/2025\/02\/FILLMED-MHA18-01.jpg","type":"image\/jpeg"}],"twitter_card":"summary_large_image","twitter_misc":{"Gesch\u00e4tzte Lesezeit":"1\u00a0Minute"},"schema":{"@context":"https:\/\/schema.org","@graph":[{"@type":"WebPage","@id":"https:\/\/kinamihealth.com\/de\/produkt\/fillmed-m-ha-18\/","url":"https:\/\/kinamihealth.com\/de\/produkt\/fillmed-m-ha-18\/","name":"FILLMED\u00ae M-HA 18 online kaufen","isPartOf":{"@id":"https:\/\/kinamihealth.com\/#website"},"primaryImageOfPage":{"@id":"https:\/\/kinamihealth.com\/de\/produkt\/fillmed-m-ha-18\/#primaryimage"},"image":{"@id":"https:\/\/kinamihealth.com\/de\/produkt\/fillmed-m-ha-18\/#primaryimage"},"thumbnailUrl":"https:\/\/kinamihealth.com\/wp-content\/uploads\/2025\/02\/FILLMED-MHA18-01.jpg","datePublished":"2025-09-12T15:18:26+00:00","dateModified":"2025-10-23T07:41:50+00:00","description":"Bestellen Sie FILLMED M-HA 18 online \u2013 ein hochwertiger Anti-Aging-Filler zur effektiven Reduktion feiner Linien und Falten.","breadcrumb":{"@id":"https:\/\/kinamihealth.com\/de\/produkt\/fillmed-m-ha-18\/#breadcrumb"},"inLanguage":"de","potentialAction":[{"@type":"ReadAction","target":["https:\/\/kinamihealth.com\/de\/produkt\/fillmed-m-ha-18\/"]}]},{"@type":"ImageObject","inLanguage":"de","@id":"https:\/\/kinamihealth.com\/de\/produkt\/fillmed-m-ha-18\/#primaryimage","url":"https:\/\/kinamihealth.com\/wp-content\/uploads\/2025\/02\/FILLMED-MHA18-01.jpg","contentUrl":"https:\/\/kinamihealth.com\/wp-content\/uploads\/2025\/02\/FILLMED-MHA18-01.jpg","width":800,"height":800},{"@type":"BreadcrumbList","@id":"https:\/\/kinamihealth.com\/de\/produkt\/fillmed-m-ha-18\/#breadcrumb","itemListElement":[{"@type":"ListItem","position":1,"name":"Startseite","item":"https:\/\/kinamihealth.com\/"},{"@type":"ListItem","position":2,"name":"Shop","item":"https:\/\/kinamihealth.com\/shop\/"},{"@type":"ListItem","position":3,"name":"FILLMED\u00ae M-HA 18"}]},{"@type":"WebSite","@id":"https:\/\/kinamihealth.com\/#website","url":"https:\/\/kinamihealth.com\/","name":"Kinami Health","description":"","publisher":{"@id":"https:\/\/kinamihealth.com\/#organization"},"potentialAction":[{"@type":"SearchAction","target":{"@type":"EntryPoint","urlTemplate":"https:\/\/kinamihealth.com\/?s={search_term_string}"},"query-input":{"@type":"PropertyValueSpecification","valueRequired":true,"valueName":"search_term_string"}}],"inLanguage":"de"},{"@type":"Organization","@id":"https:\/\/kinamihealth.com\/#organization","name":"Kinami Health","url":"https:\/\/kinamihealth.com\/","logo":{"@type":"ImageObject","inLanguage":"de","@id":"https:\/\/kinamihealth.com\/#\/schema\/logo\/image\/","url":"https:\/\/kinamihealth.com\/wp-content\/uploads\/2025\/01\/KH_logo_black_2-1.png","contentUrl":"https:\/\/kinamihealth.com\/wp-content\/uploads\/2025\/01\/KH_logo_black_2-1.png","width":339,"height":34,"caption":"Kinami Health"},"image":{"@id":"https:\/\/kinamihealth.com\/#\/schema\/logo\/image\/"}}]}},"_links":{"self":[{"href":"https:\/\/kinamihealth.com\/de\/wp-json\/wp\/v2\/product\/113597","targetHints":{"allow":["GET"]}}],"collection":[{"href":"https:\/\/kinamihealth.com\/de\/wp-json\/wp\/v2\/product"}],"about":[{"href":"https:\/\/kinamihealth.com\/de\/wp-json\/wp\/v2\/types\/product"}],"replies":[{"embeddable":true,"href":"https:\/\/kinamihealth.com\/de\/wp-json\/wp\/v2\/comments?post=113597"}],"version-history":[{"count":0,"href":"https:\/\/kinamihealth.com\/de\/wp-json\/wp\/v2\/product\/113597\/revisions"}],"wp:featuredmedia":[{"embeddable":true,"href":"https:\/\/kinamihealth.com\/de\/wp-json\/wp\/v2\/media\/100843"}],"wp:attachment":[{"href":"https:\/\/kinamihealth.com\/de\/wp-json\/wp\/v2\/media?parent=113597"}],"wp:term":[{"taxonomy":"product_brand","embeddable":true,"href":"https:\/\/kinamihealth.com\/de\/wp-json\/wp\/v2\/product_brand?post=113597"},{"taxonomy":"product_cat","embeddable":true,"href":"https:\/\/kinamihealth.com\/de\/wp-json\/wp\/v2\/product_cat?post=113597"},{"taxonomy":"product_tag","embeddable":true,"href":"https:\/\/kinamihealth.com\/de\/wp-json\/wp\/v2\/product_tag?post=113597"}],"curies":[{"name":"wp","href":"https:\/\/api.w.org\/{rel}","templated":true}]}}