{"id":113545,"date":"2025-09-12T12:48:23","date_gmt":"2025-09-12T12:48:23","guid":{"rendered":"https:\/\/kinamihealth.com\/?post_type=product&#038;p=113545"},"modified":"2025-11-04T20:54:29","modified_gmt":"2025-11-04T20:54:29","slug":"durolane","status":"publish","type":"product","link":"https:\/\/kinamihealth.com\/de\/produkt\/durolane\/","title":{"rendered":"DUROLANE"},"content":{"rendered":"<p><b>Durolane-Injektion <\/b><span style=\"font-weight: 400;\">ist ein <\/span><b>orthop\u00e4disches\u00a0Medizinprodukt <\/b><span style=\"font-weight: 400;\">zur gezielten<\/span><b> Behandlung von Arthrose-bedingten Gelenkschmerzen<\/b>, das gel basiert ist. <span style=\"font-weight: 400;\">Injizieren Sie dieses Gel in die Gelenke und <\/span><b>ersetzen Sie <\/b><span style=\"font-weight: 400;\">den ersch\u00f6pften <\/span><b>Knorpel <\/b><span style=\"font-weight: 400;\">und die <\/span><b>Synovialfl\u00fcssigkeit <\/b><span style=\"font-weight: 400;\">durch die <\/span><b>Gelk\u00fcgelchenstruktur <\/b><span style=\"font-weight: 400;\">aus <\/span><b>nicht-tierischer stabilisierter Hyalurons\u00e4ure (NASHA). <\/b><span style=\"font-weight: 400;\"><br \/>\n<\/span><b>Bestellen Sie Durolane Fertigspritzen<\/b><span style=\"font-weight: 400;\">\u00a0bequem bei Kinami Health \u2013 f\u00fcr mehr Mobilit\u00e4t bei aktiven Kunden.\u00a0<\/span><\/p>\n","protected":false},"excerpt":{"rendered":"<p>Durolane-Injektion ist ein orthop\u00e4disches\u00a0Medizinprodukt zur gezielten Behandlung von Arthrose-bedingten Gelenkschmerzen, das gel basiert ist. Injizieren Sie dieses Gel in die Gelenke und ersetzen Sie den ersch\u00f6pften Knorpel und die Synovialfl\u00fcssigkeit durch die Gelk\u00fcgelchenstruktur aus nicht-tierischer stabilisierter Hyalurons\u00e4ure (NASHA). Bestellen Sie Durolane Fertigspritzen\u00a0bequem bei Kinami Health \u2013 f\u00fcr mehr Mobilit\u00e4t bei aktiven Kunden.\u00a0<\/p>\n","protected":false},"featured_media":103230,"comment_status":"closed","ping_status":"closed","template":"","meta":{"_acf_changed":false,"inline_featured_image":false},"product_brand":[2056],"product_cat":[2031],"product_tag":[2144],"class_list":{"0":"post-113545","1":"product","2":"type-product","3":"status-publish","4":"has-post-thumbnail","6":"product_brand-durolane","7":"product_cat-orthopaedische-injektionen","8":"product_tag-medical-devices-de","10":"first","11":"instock","12":"featured","13":"taxable","14":"shipping-taxable","15":"purchasable","16":"product-type-simple","17":"add-to-wishlist-before_image"},"acf":[],"yoast_head":"<!-- This site is optimized with the Yoast SEO plugin v27.5 - https:\/\/yoast.com\/product\/yoast-seo-wordpress\/ -->\n<title>Durolane-Injektion online kaufen \u2013 Gelenkschmerzen lindern &amp; Beweglichkeit steigern<\/title>\n<meta name=\"description\" content=\"Durolane-Injektion online kaufen und diese orthop\u00e4dische Injektion verwenden, um verbrauchte Gelenkfl\u00fcssigkeit und Knorpel durch Hyalurons\u00e4ure zu ersetzen.\" \/>\n<meta name=\"robots\" content=\"index, follow, max-snippet:-1, max-image-preview:large, max-video-preview:-1\" \/>\n<link rel=\"canonical\" href=\"https:\/\/kinamihealth.com\/de\/wp-json\/wp\/v2\/product\/113545\" \/>\n<meta property=\"og:locale\" content=\"de_DE\" \/>\n<meta property=\"og:type\" content=\"article\" \/>\n<meta property=\"og:title\" content=\"Durolane-Injektion online kaufen \u2013 Gelenkschmerzen lindern &amp; Beweglichkeit steigern\" \/>\n<meta property=\"og:description\" content=\"Durolane-Injektion online kaufen und diese orthop\u00e4dische Injektion verwenden, um verbrauchte Gelenkfl\u00fcssigkeit und Knorpel durch Hyalurons\u00e4ure zu ersetzen.\" \/>\n<meta property=\"og:url\" content=\"https:\/\/kinamihealth.com\/de\/produkt\/durolane\/\" \/>\n<meta property=\"og:site_name\" content=\"Kinami Health\" \/>\n<meta property=\"article:modified_time\" content=\"2025-11-04T20:54:29+00:00\" \/>\n<meta property=\"og:image\" content=\"https:\/\/kinamihealth.com\/wp-content\/uploads\/2025\/03\/BIOVENTUS-DUROLANE-60MG-01.webp\" \/>\n\t<meta property=\"og:image:width\" content=\"800\" \/>\n\t<meta property=\"og:image:height\" content=\"800\" \/>\n\t<meta property=\"og:image:type\" content=\"image\/webp\" \/>\n<meta name=\"twitter:card\" content=\"summary_large_image\" \/>\n<meta name=\"twitter:label1\" content=\"Gesch\u00e4tzte Lesezeit\" \/>\n\t<meta name=\"twitter:data1\" content=\"1\u00a0Minute\" \/>\n<!-- \/ Yoast SEO plugin. -->","yoast_head_json":{"title":"Durolane-Injektion online kaufen \u2013 Gelenkschmerzen lindern & Beweglichkeit steigern","description":"Durolane-Injektion online kaufen und diese orthop\u00e4dische Injektion verwenden, um verbrauchte Gelenkfl\u00fcssigkeit und Knorpel durch Hyalurons\u00e4ure zu ersetzen.","robots":{"index":"index","follow":"follow","max-snippet":"max-snippet:-1","max-image-preview":"max-image-preview:large","max-video-preview":"max-video-preview:-1"},"canonical":"https:\/\/kinamihealth.com\/de\/wp-json\/wp\/v2\/product\/113545","og_locale":"de_DE","og_type":"article","og_title":"Durolane-Injektion online kaufen \u2013 Gelenkschmerzen lindern & Beweglichkeit steigern","og_description":"Durolane-Injektion online kaufen und diese orthop\u00e4dische Injektion verwenden, um verbrauchte Gelenkfl\u00fcssigkeit und Knorpel durch Hyalurons\u00e4ure zu ersetzen.","og_url":"https:\/\/kinamihealth.com\/de\/produkt\/durolane\/","og_site_name":"Kinami Health","article_modified_time":"2025-11-04T20:54:29+00:00","og_image":[{"width":800,"height":800,"url":"https:\/\/kinamihealth.com\/wp-content\/uploads\/2025\/03\/BIOVENTUS-DUROLANE-60MG-01.webp","type":"image\/webp"}],"twitter_card":"summary_large_image","twitter_misc":{"Gesch\u00e4tzte Lesezeit":"1\u00a0Minute"},"schema":{"@context":"https:\/\/schema.org","@graph":[{"@type":"WebPage","@id":"https:\/\/kinamihealth.com\/de\/produkt\/durolane\/","url":"https:\/\/kinamihealth.com\/de\/produkt\/durolane\/","name":"Durolane-Injektion online kaufen \u2013 Gelenkschmerzen lindern & Beweglichkeit steigern","isPartOf":{"@id":"https:\/\/kinamihealth.com\/#website"},"primaryImageOfPage":{"@id":"https:\/\/kinamihealth.com\/de\/produkt\/durolane\/#primaryimage"},"image":{"@id":"https:\/\/kinamihealth.com\/de\/produkt\/durolane\/#primaryimage"},"thumbnailUrl":"https:\/\/kinamihealth.com\/wp-content\/uploads\/2025\/03\/BIOVENTUS-DUROLANE-60MG-01.webp","datePublished":"2025-09-12T12:48:23+00:00","dateModified":"2025-11-04T20:54:29+00:00","description":"Durolane-Injektion online kaufen und diese orthop\u00e4dische Injektion verwenden, um verbrauchte Gelenkfl\u00fcssigkeit und Knorpel durch Hyalurons\u00e4ure zu ersetzen.","breadcrumb":{"@id":"https:\/\/kinamihealth.com\/de\/produkt\/durolane\/#breadcrumb"},"inLanguage":"de","potentialAction":[{"@type":"ReadAction","target":["https:\/\/kinamihealth.com\/de\/produkt\/durolane\/"]}]},{"@type":"ImageObject","inLanguage":"de","@id":"https:\/\/kinamihealth.com\/de\/produkt\/durolane\/#primaryimage","url":"https:\/\/kinamihealth.com\/wp-content\/uploads\/2025\/03\/BIOVENTUS-DUROLANE-60MG-01.webp","contentUrl":"https:\/\/kinamihealth.com\/wp-content\/uploads\/2025\/03\/BIOVENTUS-DUROLANE-60MG-01.webp","width":800,"height":800},{"@type":"BreadcrumbList","@id":"https:\/\/kinamihealth.com\/de\/produkt\/durolane\/#breadcrumb","itemListElement":[{"@type":"ListItem","position":1,"name":"Startseite","item":"https:\/\/kinamihealth.com\/"},{"@type":"ListItem","position":2,"name":"Shop","item":"https:\/\/kinamihealth.com\/shop\/"},{"@type":"ListItem","position":3,"name":"DUROLANE"}]},{"@type":"WebSite","@id":"https:\/\/kinamihealth.com\/#website","url":"https:\/\/kinamihealth.com\/","name":"Kinami Health","description":"","publisher":{"@id":"https:\/\/kinamihealth.com\/#organization"},"potentialAction":[{"@type":"SearchAction","target":{"@type":"EntryPoint","urlTemplate":"https:\/\/kinamihealth.com\/?s={search_term_string}"},"query-input":{"@type":"PropertyValueSpecification","valueRequired":true,"valueName":"search_term_string"}}],"inLanguage":"de"},{"@type":"Organization","@id":"https:\/\/kinamihealth.com\/#organization","name":"Kinami Health","url":"https:\/\/kinamihealth.com\/","logo":{"@type":"ImageObject","inLanguage":"de","@id":"https:\/\/kinamihealth.com\/#\/schema\/logo\/image\/","url":"https:\/\/kinamihealth.com\/wp-content\/uploads\/2025\/01\/KH_logo_black_2-1.png","contentUrl":"https:\/\/kinamihealth.com\/wp-content\/uploads\/2025\/01\/KH_logo_black_2-1.png","width":339,"height":34,"caption":"Kinami Health"},"image":{"@id":"https:\/\/kinamihealth.com\/#\/schema\/logo\/image\/"}}]}},"_links":{"self":[{"href":"https:\/\/kinamihealth.com\/de\/wp-json\/wp\/v2\/product\/113545","targetHints":{"allow":["GET"]}}],"collection":[{"href":"https:\/\/kinamihealth.com\/de\/wp-json\/wp\/v2\/product"}],"about":[{"href":"https:\/\/kinamihealth.com\/de\/wp-json\/wp\/v2\/types\/product"}],"replies":[{"embeddable":true,"href":"https:\/\/kinamihealth.com\/de\/wp-json\/wp\/v2\/comments?post=113545"}],"version-history":[{"count":0,"href":"https:\/\/kinamihealth.com\/de\/wp-json\/wp\/v2\/product\/113545\/revisions"}],"wp:featuredmedia":[{"embeddable":true,"href":"https:\/\/kinamihealth.com\/de\/wp-json\/wp\/v2\/media\/103230"}],"wp:attachment":[{"href":"https:\/\/kinamihealth.com\/de\/wp-json\/wp\/v2\/media?parent=113545"}],"wp:term":[{"taxonomy":"product_brand","embeddable":true,"href":"https:\/\/kinamihealth.com\/de\/wp-json\/wp\/v2\/product_brand?post=113545"},{"taxonomy":"product_cat","embeddable":true,"href":"https:\/\/kinamihealth.com\/de\/wp-json\/wp\/v2\/product_cat?post=113545"},{"taxonomy":"product_tag","embeddable":true,"href":"https:\/\/kinamihealth.com\/de\/wp-json\/wp\/v2\/product_tag?post=113545"}],"curies":[{"name":"wp","href":"https:\/\/api.w.org\/{rel}","templated":true}]}}