{"id":113540,"date":"2025-09-12T12:44:44","date_gmt":"2025-09-12T12:44:44","guid":{"rendered":"https:\/\/kinamihealth.com\/?post_type=product&#038;p=113540"},"modified":"2025-11-03T21:20:17","modified_gmt":"2025-11-03T21:20:17","slug":"dr-cyj-hair-filler-2ml","status":"publish","type":"product","link":"https:\/\/kinamihealth.com\/de\/produkt\/dr-cyj-hair-filler-2ml\/","title":{"rendered":"DR. CYJ\u00ae HAIR FILLER 2ml"},"content":{"rendered":"<p><b>DR. CYJ Hair Filler 2x1ml <\/b><span style=\"font-weight: 400;\">ist ein <\/span><b>dermaler Filler<\/b><span style=\"font-weight: 400;\">, der speziell entwickelt wurde, um den <\/span><b>Ursachen <\/b><span style=\"font-weight: 400;\">von <\/span><b>Haarausfall <\/b><span style=\"font-weight: 400;\">entgegenzuwirken und den <\/span><b>Zustand <\/b><span style=\"font-weight: 400;\">und die <\/span><b>Gesundheit <\/b><span style=\"font-weight: 400;\">der <\/span><b>Kopfhaut <\/b><span style=\"font-weight: 400;\">zu verbessern, um <\/span><b>das Haarwachstum zu f\u00f6rdern<\/b><span style=\"font-weight: 400;\">. Dieser Filler enth\u00e4lt die <\/span><b>feuchtigkeitsspendenden Eigenschaften <\/b><span style=\"font-weight: 400;\">der <\/span><b>Hyalurons\u00e4ure <\/b><span style=\"font-weight: 400;\">und die <\/span><b>regenerativen Vorteile <\/b><span style=\"font-weight: 400;\">von <\/span><b>sieben Peptiden<\/b><span style=\"font-weight: 400;\">, um die <\/span><b>Haarfollikel <\/b><span style=\"font-weight: 400;\">und die <\/span><b>Kollagenproduktion<\/b><span style=\"font-weight: 400;\"> zu stimulieren. Behebt Probleme, die zu Haarausfall beitragen, wie<\/span><b> Schuppen, R\u00f6tungen, Trockenheit und k\u00f6rperliche Verletzungen. Kaufen Sie DR. CYJ Hair Filler 2x1ml <\/b><span style=\"font-weight: 400;\">bei <strong>Kinami Health<\/strong><\/span><b>\u00a0<\/b><span style=\"font-weight: 400;\">und <\/span><b><i>erwerben Sie hochwertige<\/i><\/b> <b><i>Caregen-Produkte.<\/i><\/b><\/p>\n","protected":false},"excerpt":{"rendered":"<p>DR. CYJ Hair Filler 2x1ml ist ein dermaler Filler, der speziell entwickelt wurde, um den Ursachen von Haarausfall entgegenzuwirken und den Zustand und die Gesundheit der Kopfhaut zu verbessern, um das Haarwachstum zu f\u00f6rdern. Dieser Filler enth\u00e4lt die feuchtigkeitsspendenden Eigenschaften der Hyalurons\u00e4ure und die regenerativen Vorteile von sieben Peptiden, um die Haarfollikel und die Kollagenproduktion [&hellip;]<\/p>\n","protected":false},"featured_media":101773,"comment_status":"closed","ping_status":"closed","template":"","meta":{"_acf_changed":false,"inline_featured_image":false},"product_brand":[2051],"product_cat":[2023],"product_tag":[2144],"class_list":{"0":"post-113540","1":"product","2":"type-product","3":"status-publish","4":"has-post-thumbnail","6":"product_brand-caregen","7":"product_cat-filler","8":"product_tag-medical-devices-de","10":"first","11":"instock","12":"taxable","13":"shipping-taxable","14":"purchasable","15":"product-type-simple","16":"add-to-wishlist-before_image"},"acf":[],"yoast_head":"<!-- This site is optimized with the Yoast SEO plugin v27.5 - https:\/\/yoast.com\/product\/yoast-seo-wordpress\/ -->\n<title>DR. CYJ\u00ae Hair Filler 2ml online kaufen \u2013 Haarwachstum anregen<\/title>\n<meta name=\"description\" content=\"Jetzt DR. CYJ Hair Filler 2ml online kaufen \u2013 der innovative Unisex-Filler zur F\u00f6rderung von Kollagen, Feuchtigkeit und Haarwachstum an der Kopfhaut.\" \/>\n<meta name=\"robots\" content=\"index, follow, max-snippet:-1, max-image-preview:large, max-video-preview:-1\" \/>\n<link rel=\"canonical\" href=\"https:\/\/kinamihealth.com\/de\/wp-json\/wp\/v2\/product\/113540\" \/>\n<meta property=\"og:locale\" content=\"de_DE\" \/>\n<meta property=\"og:type\" content=\"article\" \/>\n<meta property=\"og:title\" content=\"DR. CYJ\u00ae Hair Filler 2ml online kaufen \u2013 Haarwachstum anregen\" \/>\n<meta property=\"og:description\" content=\"Jetzt DR. CYJ Hair Filler 2ml online kaufen \u2013 der innovative Unisex-Filler zur F\u00f6rderung von Kollagen, Feuchtigkeit und Haarwachstum an der Kopfhaut.\" \/>\n<meta property=\"og:url\" content=\"https:\/\/kinamihealth.com\/de\/produkt\/dr-cyj-hair-filler-2ml\/\" \/>\n<meta property=\"og:site_name\" content=\"Kinami Health\" \/>\n<meta property=\"article:modified_time\" content=\"2025-11-03T21:20:17+00:00\" \/>\n<meta property=\"og:image\" content=\"https:\/\/kinamihealth.com\/wp-content\/uploads\/2025\/02\/DRCYJ-HAIRFILLER-01-1.jpg\" \/>\n\t<meta property=\"og:image:width\" content=\"800\" \/>\n\t<meta property=\"og:image:height\" content=\"800\" \/>\n\t<meta property=\"og:image:type\" content=\"image\/jpeg\" \/>\n<meta name=\"twitter:card\" content=\"summary_large_image\" \/>\n<meta name=\"twitter:label1\" content=\"Gesch\u00e4tzte Lesezeit\" \/>\n\t<meta name=\"twitter:data1\" content=\"1\u00a0Minute\" \/>\n<!-- \/ Yoast SEO plugin. -->","yoast_head_json":{"title":"DR. CYJ\u00ae Hair Filler 2ml online kaufen \u2013 Haarwachstum anregen","description":"Jetzt DR. CYJ Hair Filler 2ml online kaufen \u2013 der innovative Unisex-Filler zur F\u00f6rderung von Kollagen, Feuchtigkeit und Haarwachstum an der Kopfhaut.","robots":{"index":"index","follow":"follow","max-snippet":"max-snippet:-1","max-image-preview":"max-image-preview:large","max-video-preview":"max-video-preview:-1"},"canonical":"https:\/\/kinamihealth.com\/de\/wp-json\/wp\/v2\/product\/113540","og_locale":"de_DE","og_type":"article","og_title":"DR. CYJ\u00ae Hair Filler 2ml online kaufen \u2013 Haarwachstum anregen","og_description":"Jetzt DR. CYJ Hair Filler 2ml online kaufen \u2013 der innovative Unisex-Filler zur F\u00f6rderung von Kollagen, Feuchtigkeit und Haarwachstum an der Kopfhaut.","og_url":"https:\/\/kinamihealth.com\/de\/produkt\/dr-cyj-hair-filler-2ml\/","og_site_name":"Kinami Health","article_modified_time":"2025-11-03T21:20:17+00:00","og_image":[{"width":800,"height":800,"url":"https:\/\/kinamihealth.com\/wp-content\/uploads\/2025\/02\/DRCYJ-HAIRFILLER-01-1.jpg","type":"image\/jpeg"}],"twitter_card":"summary_large_image","twitter_misc":{"Gesch\u00e4tzte Lesezeit":"1\u00a0Minute"},"schema":{"@context":"https:\/\/schema.org","@graph":[{"@type":"WebPage","@id":"https:\/\/kinamihealth.com\/de\/produkt\/dr-cyj-hair-filler-2ml\/","url":"https:\/\/kinamihealth.com\/de\/produkt\/dr-cyj-hair-filler-2ml\/","name":"DR. CYJ\u00ae Hair Filler 2ml online kaufen \u2013 Haarwachstum anregen","isPartOf":{"@id":"https:\/\/kinamihealth.com\/#website"},"primaryImageOfPage":{"@id":"https:\/\/kinamihealth.com\/de\/produkt\/dr-cyj-hair-filler-2ml\/#primaryimage"},"image":{"@id":"https:\/\/kinamihealth.com\/de\/produkt\/dr-cyj-hair-filler-2ml\/#primaryimage"},"thumbnailUrl":"https:\/\/kinamihealth.com\/wp-content\/uploads\/2025\/02\/DRCYJ-HAIRFILLER-01-1.jpg","datePublished":"2025-09-12T12:44:44+00:00","dateModified":"2025-11-03T21:20:17+00:00","description":"Jetzt DR. CYJ Hair Filler 2ml online kaufen \u2013 der innovative Unisex-Filler zur F\u00f6rderung von Kollagen, Feuchtigkeit und Haarwachstum an der Kopfhaut.","breadcrumb":{"@id":"https:\/\/kinamihealth.com\/de\/produkt\/dr-cyj-hair-filler-2ml\/#breadcrumb"},"inLanguage":"de","potentialAction":[{"@type":"ReadAction","target":["https:\/\/kinamihealth.com\/de\/produkt\/dr-cyj-hair-filler-2ml\/"]}]},{"@type":"ImageObject","inLanguage":"de","@id":"https:\/\/kinamihealth.com\/de\/produkt\/dr-cyj-hair-filler-2ml\/#primaryimage","url":"https:\/\/kinamihealth.com\/wp-content\/uploads\/2025\/02\/DRCYJ-HAIRFILLER-01-1.jpg","contentUrl":"https:\/\/kinamihealth.com\/wp-content\/uploads\/2025\/02\/DRCYJ-HAIRFILLER-01-1.jpg","width":800,"height":800},{"@type":"BreadcrumbList","@id":"https:\/\/kinamihealth.com\/de\/produkt\/dr-cyj-hair-filler-2ml\/#breadcrumb","itemListElement":[{"@type":"ListItem","position":1,"name":"Startseite","item":"https:\/\/kinamihealth.com\/"},{"@type":"ListItem","position":2,"name":"Shop","item":"https:\/\/kinamihealth.com\/shop\/"},{"@type":"ListItem","position":3,"name":"DR. CYJ\u00ae HAIR FILLER 2ml"}]},{"@type":"WebSite","@id":"https:\/\/kinamihealth.com\/#website","url":"https:\/\/kinamihealth.com\/","name":"Kinami Health","description":"","publisher":{"@id":"https:\/\/kinamihealth.com\/#organization"},"potentialAction":[{"@type":"SearchAction","target":{"@type":"EntryPoint","urlTemplate":"https:\/\/kinamihealth.com\/?s={search_term_string}"},"query-input":{"@type":"PropertyValueSpecification","valueRequired":true,"valueName":"search_term_string"}}],"inLanguage":"de"},{"@type":"Organization","@id":"https:\/\/kinamihealth.com\/#organization","name":"Kinami Health","url":"https:\/\/kinamihealth.com\/","logo":{"@type":"ImageObject","inLanguage":"de","@id":"https:\/\/kinamihealth.com\/#\/schema\/logo\/image\/","url":"https:\/\/kinamihealth.com\/wp-content\/uploads\/2025\/01\/KH_logo_black_2-1.png","contentUrl":"https:\/\/kinamihealth.com\/wp-content\/uploads\/2025\/01\/KH_logo_black_2-1.png","width":339,"height":34,"caption":"Kinami Health"},"image":{"@id":"https:\/\/kinamihealth.com\/#\/schema\/logo\/image\/"}}]}},"_links":{"self":[{"href":"https:\/\/kinamihealth.com\/de\/wp-json\/wp\/v2\/product\/113540","targetHints":{"allow":["GET"]}}],"collection":[{"href":"https:\/\/kinamihealth.com\/de\/wp-json\/wp\/v2\/product"}],"about":[{"href":"https:\/\/kinamihealth.com\/de\/wp-json\/wp\/v2\/types\/product"}],"replies":[{"embeddable":true,"href":"https:\/\/kinamihealth.com\/de\/wp-json\/wp\/v2\/comments?post=113540"}],"version-history":[{"count":0,"href":"https:\/\/kinamihealth.com\/de\/wp-json\/wp\/v2\/product\/113540\/revisions"}],"wp:featuredmedia":[{"embeddable":true,"href":"https:\/\/kinamihealth.com\/de\/wp-json\/wp\/v2\/media\/101773"}],"wp:attachment":[{"href":"https:\/\/kinamihealth.com\/de\/wp-json\/wp\/v2\/media?parent=113540"}],"wp:term":[{"taxonomy":"product_brand","embeddable":true,"href":"https:\/\/kinamihealth.com\/de\/wp-json\/wp\/v2\/product_brand?post=113540"},{"taxonomy":"product_cat","embeddable":true,"href":"https:\/\/kinamihealth.com\/de\/wp-json\/wp\/v2\/product_cat?post=113540"},{"taxonomy":"product_tag","embeddable":true,"href":"https:\/\/kinamihealth.com\/de\/wp-json\/wp\/v2\/product_tag?post=113540"}],"curies":[{"name":"wp","href":"https:\/\/api.w.org\/{rel}","templated":true}]}}