{"id":113513,"date":"2025-09-12T12:02:48","date_gmt":"2025-09-12T12:02:48","guid":{"rendered":"https:\/\/kinamihealth.com\/?post_type=product&#038;p=113513"},"modified":"2025-11-03T19:27:42","modified_gmt":"2025-11-03T19:27:42","slug":"cytocare-532","status":"publish","type":"product","link":"https:\/\/kinamihealth.com\/de\/produkt\/cytocare-532\/","title":{"rendered":"CYTOCARE\u00ae 532"},"content":{"rendered":"<p><b>CYTOCARE 532<\/b><span style=\"font-weight: 400;\"> ist ein <\/span><b>leistungsstarker Skinbooster<\/b><span style=\"font-weight: 400;\"> mit hochdosierter, <\/span><b>nicht vernetzter Hyalurons\u00e4ure<\/b><span style=\"font-weight: 400;\"> und einem Komplex aus gesunden Wirkstoffen. Diese Kombination wurde speziell entwickelt, um Alterserscheinungen im <\/span><b>Gesicht<\/b><span style=\"font-weight: 400;\">, am <\/span><b>Hals <\/b><span style=\"font-weight: 400;\">und an den <\/span><b>H\u00e4nden <\/b><span style=\"font-weight: 400;\">sichtbar <\/span><b>zu korrigieren und deren Entstehung zu verz\u00f6gern<\/b><span style=\"font-weight: 400;\">.<\/span><\/p>\n<p><span style=\"font-weight: 400;\">Entfesseln Sie die <\/span><b>Kraft von 50 Inhaltsstoffen<\/b><span style=\"font-weight: 400;\">, die in einem <\/span><b>verj\u00fcngenden Cocktail<\/b><span style=\"font-weight: 400;\"> kombiniert sind, und nutzen Sie den <\/span><b>CT50-Komplex<\/b><span style=\"font-weight: 400;\">, um die Haut zu verbessern und vor Sch\u00e4den durch<\/span><b> freie Radikale<\/b><span style=\"font-weight: 400;\"> zu sch\u00fctzen. <\/span><b>Kaufen Sie CYTOCARE 532 <\/b><span style=\"font-weight: 400;\">bei <strong>Kinami Health <\/strong><\/span><span style=\"font-weight: 400;\">und <\/span><b><i>bestellen Sie CYTOCARE-Markenprodukte<\/i><\/b><span style=\"font-weight: 400;\">, die am besten zum Lebensstil, Alter und den Gewohnheiten Ihrer Kunden passen.<\/span><\/p>\n","protected":false},"excerpt":{"rendered":"<p>CYTOCARE 532 ist ein leistungsstarker Skinbooster mit hochdosierter, nicht vernetzter Hyalurons\u00e4ure und einem Komplex aus gesunden Wirkstoffen. Diese Kombination wurde speziell entwickelt, um Alterserscheinungen im Gesicht, am Hals und an den H\u00e4nden sichtbar zu korrigieren und deren Entstehung zu verz\u00f6gern. Entfesseln Sie die Kraft von 50 Inhaltsstoffen, die in einem verj\u00fcngenden Cocktail kombiniert sind, und [&hellip;]<\/p>\n","protected":false},"featured_media":100718,"comment_status":"closed","ping_status":"closed","template":"","meta":{"_acf_changed":false,"inline_featured_image":false},"product_brand":[2054],"product_cat":[2023],"product_tag":[2144],"class_list":{"0":"post-113513","1":"product","2":"type-product","3":"status-publish","4":"has-post-thumbnail","6":"product_brand-cytocare","7":"product_cat-filler","8":"product_tag-medical-devices-de","10":"first","11":"instock","12":"taxable","13":"shipping-taxable","14":"purchasable","15":"product-type-simple","16":"add-to-wishlist-before_image"},"acf":[],"yoast_head":"<!-- This site is optimized with the Yoast SEO plugin v27.5 - https:\/\/yoast.com\/product\/yoast-seo-wordpress\/ -->\n<title>CYTOCARE\u00ae 532 online kaufen \u2013 f\u00fcr reife Kunden<\/title>\n<meta name=\"description\" content=\"Jetzt CYTOCARE 532 online kaufen \u2013 ideal f\u00fcr reife Haut mit sichtbaren Altersanzeichen im Gesicht, an Hals und H\u00e4nden.\" \/>\n<meta name=\"robots\" content=\"index, follow, max-snippet:-1, max-image-preview:large, max-video-preview:-1\" \/>\n<link rel=\"canonical\" href=\"https:\/\/kinamihealth.com\/de\/wp-json\/wp\/v2\/product\/113513\" \/>\n<meta property=\"og:locale\" content=\"de_DE\" \/>\n<meta property=\"og:type\" content=\"article\" \/>\n<meta property=\"og:title\" content=\"CYTOCARE\u00ae 532 online kaufen \u2013 f\u00fcr reife Kunden\" \/>\n<meta property=\"og:description\" content=\"Jetzt CYTOCARE 532 online kaufen \u2013 ideal f\u00fcr reife Haut mit sichtbaren Altersanzeichen im Gesicht, an Hals und H\u00e4nden.\" \/>\n<meta property=\"og:url\" content=\"https:\/\/kinamihealth.com\/de\/produkt\/cytocare-532\/\" \/>\n<meta property=\"og:site_name\" content=\"Kinami Health\" \/>\n<meta property=\"article:modified_time\" content=\"2025-11-03T19:27:42+00:00\" \/>\n<meta property=\"og:image\" content=\"https:\/\/kinamihealth.com\/wp-content\/uploads\/2025\/02\/REVITACARE-CYTOCARE-532-01.jpg\" \/>\n\t<meta property=\"og:image:width\" content=\"800\" \/>\n\t<meta property=\"og:image:height\" content=\"800\" \/>\n\t<meta property=\"og:image:type\" content=\"image\/jpeg\" \/>\n<meta name=\"twitter:card\" content=\"summary_large_image\" \/>\n<meta name=\"twitter:label1\" content=\"Gesch\u00e4tzte Lesezeit\" \/>\n\t<meta name=\"twitter:data1\" content=\"1\u00a0Minute\" \/>\n<!-- \/ Yoast SEO plugin. -->","yoast_head_json":{"title":"CYTOCARE\u00ae 532 online kaufen \u2013 f\u00fcr reife Kunden","description":"Jetzt CYTOCARE 532 online kaufen \u2013 ideal f\u00fcr reife Haut mit sichtbaren Altersanzeichen im Gesicht, an Hals und H\u00e4nden.","robots":{"index":"index","follow":"follow","max-snippet":"max-snippet:-1","max-image-preview":"max-image-preview:large","max-video-preview":"max-video-preview:-1"},"canonical":"https:\/\/kinamihealth.com\/de\/wp-json\/wp\/v2\/product\/113513","og_locale":"de_DE","og_type":"article","og_title":"CYTOCARE\u00ae 532 online kaufen \u2013 f\u00fcr reife Kunden","og_description":"Jetzt CYTOCARE 532 online kaufen \u2013 ideal f\u00fcr reife Haut mit sichtbaren Altersanzeichen im Gesicht, an Hals und H\u00e4nden.","og_url":"https:\/\/kinamihealth.com\/de\/produkt\/cytocare-532\/","og_site_name":"Kinami Health","article_modified_time":"2025-11-03T19:27:42+00:00","og_image":[{"width":800,"height":800,"url":"https:\/\/kinamihealth.com\/wp-content\/uploads\/2025\/02\/REVITACARE-CYTOCARE-532-01.jpg","type":"image\/jpeg"}],"twitter_card":"summary_large_image","twitter_misc":{"Gesch\u00e4tzte Lesezeit":"1\u00a0Minute"},"schema":{"@context":"https:\/\/schema.org","@graph":[{"@type":"WebPage","@id":"https:\/\/kinamihealth.com\/de\/produkt\/cytocare-532\/","url":"https:\/\/kinamihealth.com\/de\/produkt\/cytocare-532\/","name":"CYTOCARE\u00ae 532 online kaufen \u2013 f\u00fcr reife Kunden","isPartOf":{"@id":"https:\/\/kinamihealth.com\/#website"},"primaryImageOfPage":{"@id":"https:\/\/kinamihealth.com\/de\/produkt\/cytocare-532\/#primaryimage"},"image":{"@id":"https:\/\/kinamihealth.com\/de\/produkt\/cytocare-532\/#primaryimage"},"thumbnailUrl":"https:\/\/kinamihealth.com\/wp-content\/uploads\/2025\/02\/REVITACARE-CYTOCARE-532-01.jpg","datePublished":"2025-09-12T12:02:48+00:00","dateModified":"2025-11-03T19:27:42+00:00","description":"Jetzt CYTOCARE 532 online kaufen \u2013 ideal f\u00fcr reife Haut mit sichtbaren Altersanzeichen im Gesicht, an Hals und H\u00e4nden.","breadcrumb":{"@id":"https:\/\/kinamihealth.com\/de\/produkt\/cytocare-532\/#breadcrumb"},"inLanguage":"de","potentialAction":[{"@type":"ReadAction","target":["https:\/\/kinamihealth.com\/de\/produkt\/cytocare-532\/"]}]},{"@type":"ImageObject","inLanguage":"de","@id":"https:\/\/kinamihealth.com\/de\/produkt\/cytocare-532\/#primaryimage","url":"https:\/\/kinamihealth.com\/wp-content\/uploads\/2025\/02\/REVITACARE-CYTOCARE-532-01.jpg","contentUrl":"https:\/\/kinamihealth.com\/wp-content\/uploads\/2025\/02\/REVITACARE-CYTOCARE-532-01.jpg","width":800,"height":800},{"@type":"BreadcrumbList","@id":"https:\/\/kinamihealth.com\/de\/produkt\/cytocare-532\/#breadcrumb","itemListElement":[{"@type":"ListItem","position":1,"name":"Startseite","item":"https:\/\/kinamihealth.com\/"},{"@type":"ListItem","position":2,"name":"Shop","item":"https:\/\/kinamihealth.com\/shop\/"},{"@type":"ListItem","position":3,"name":"CYTOCARE\u00ae 532"}]},{"@type":"WebSite","@id":"https:\/\/kinamihealth.com\/#website","url":"https:\/\/kinamihealth.com\/","name":"Kinami Health","description":"","publisher":{"@id":"https:\/\/kinamihealth.com\/#organization"},"potentialAction":[{"@type":"SearchAction","target":{"@type":"EntryPoint","urlTemplate":"https:\/\/kinamihealth.com\/?s={search_term_string}"},"query-input":{"@type":"PropertyValueSpecification","valueRequired":true,"valueName":"search_term_string"}}],"inLanguage":"de"},{"@type":"Organization","@id":"https:\/\/kinamihealth.com\/#organization","name":"Kinami Health","url":"https:\/\/kinamihealth.com\/","logo":{"@type":"ImageObject","inLanguage":"de","@id":"https:\/\/kinamihealth.com\/#\/schema\/logo\/image\/","url":"https:\/\/kinamihealth.com\/wp-content\/uploads\/2025\/01\/KH_logo_black_2-1.png","contentUrl":"https:\/\/kinamihealth.com\/wp-content\/uploads\/2025\/01\/KH_logo_black_2-1.png","width":339,"height":34,"caption":"Kinami Health"},"image":{"@id":"https:\/\/kinamihealth.com\/#\/schema\/logo\/image\/"}}]}},"_links":{"self":[{"href":"https:\/\/kinamihealth.com\/de\/wp-json\/wp\/v2\/product\/113513","targetHints":{"allow":["GET"]}}],"collection":[{"href":"https:\/\/kinamihealth.com\/de\/wp-json\/wp\/v2\/product"}],"about":[{"href":"https:\/\/kinamihealth.com\/de\/wp-json\/wp\/v2\/types\/product"}],"replies":[{"embeddable":true,"href":"https:\/\/kinamihealth.com\/de\/wp-json\/wp\/v2\/comments?post=113513"}],"version-history":[{"count":0,"href":"https:\/\/kinamihealth.com\/de\/wp-json\/wp\/v2\/product\/113513\/revisions"}],"wp:featuredmedia":[{"embeddable":true,"href":"https:\/\/kinamihealth.com\/de\/wp-json\/wp\/v2\/media\/100718"}],"wp:attachment":[{"href":"https:\/\/kinamihealth.com\/de\/wp-json\/wp\/v2\/media?parent=113513"}],"wp:term":[{"taxonomy":"product_brand","embeddable":true,"href":"https:\/\/kinamihealth.com\/de\/wp-json\/wp\/v2\/product_brand?post=113513"},{"taxonomy":"product_cat","embeddable":true,"href":"https:\/\/kinamihealth.com\/de\/wp-json\/wp\/v2\/product_cat?post=113513"},{"taxonomy":"product_tag","embeddable":true,"href":"https:\/\/kinamihealth.com\/de\/wp-json\/wp\/v2\/product_tag?post=113513"}],"curies":[{"name":"wp","href":"https:\/\/api.w.org\/{rel}","templated":true}]}}