{"id":113507,"date":"2025-09-12T11:53:46","date_gmt":"2025-09-12T11:53:46","guid":{"rendered":"https:\/\/kinamihealth.com\/?post_type=product&#038;p=113507"},"modified":"2025-09-12T14:41:41","modified_gmt":"2025-09-12T14:41:41","slug":"cytocare-502","status":"publish","type":"product","link":"https:\/\/kinamihealth.com\/de\/produkt\/cytocare-502\/","title":{"rendered":"CYTOCARE 502"},"content":{"rendered":"<p><b>CYTOCARE 502 <\/b><span style=\"font-weight: 400;\">ist ein sorgf\u00e4ltig formulierter <\/span><b>dermaler Filler<\/b><span style=\"font-weight: 400;\">, der das <\/span><b>jugendliche Aussehen <\/b><span style=\"font-weight: 400;\">von Kunden, die erste Anzeichen von Hautalterung wie <\/span><b>Falten <\/b><span style=\"font-weight: 400;\">und <\/span><b>feine Linien<\/b><span style=\"font-weight: 400;\"> aufweisen, <\/span><b>verl\u00e4ngern soll<\/b><span style=\"font-weight: 400;\">. Tragen Sie es auf <\/span><b>Gesicht<\/b><span style=\"font-weight: 400;\">, <\/span><b>Hals<\/b><span style=\"font-weight: 400;\"> und <\/span><b>H\u00e4nde<\/b><span style=\"font-weight: 400;\"> auf, um die <\/span><b>Feuchtigkeit zu erh\u00f6hen <\/b><span style=\"font-weight: 400;\">und den Abbau des Bindegewebes der Haut durch <\/span><b>freie Radikale<\/b><span style=\"font-weight: 400;\"> zu verhindern. Die Konzentration der <\/span><b>nicht vernetzten Hyalurons\u00e4ure <\/b><span style=\"font-weight: 400;\">ist genau auf die Bed\u00fcrfnisse von Kunden <\/span><b>im Alter von 25 bis 35 Jahren<\/b><span style=\"font-weight: 400;\"> abgestimmt. <\/span><b>Kaufen Sie CYTOCARE 502 <\/b><span style=\"font-weight: 400;\">im Online-Shop von Kinami Health <\/span><span style=\"font-weight: 400;\">und sichern Sie sich das beste Angebot, wenn Sie <\/span><b><i>Produkte der Marke CYTOCARE<\/i><\/b><b> kaufen.<\/b><\/p>\n","protected":false},"excerpt":{"rendered":"<p>CYTOCARE 502 ist ein sorgf\u00e4ltig formulierter dermaler Filler, der das jugendliche Aussehen von Kunden, die erste Anzeichen von Hautalterung wie Falten und feine Linien aufweisen, verl\u00e4ngern soll. Tragen Sie es auf Gesicht, Hals und H\u00e4nde auf, um die Feuchtigkeit zu erh\u00f6hen und den Abbau des Bindegewebes der Haut durch freie Radikale zu verhindern. Die Konzentration [&hellip;]<\/p>\n","protected":false},"featured_media":100710,"comment_status":"closed","ping_status":"closed","template":"","meta":{"_acf_changed":false,"inline_featured_image":false},"product_brand":[2054],"product_cat":[2023],"product_tag":[2144],"class_list":{"0":"post-113507","1":"product","2":"type-product","3":"status-publish","4":"has-post-thumbnail","6":"product_brand-cytocare","7":"product_cat-filler","8":"product_tag-medical-devices-de","10":"first","11":"instock","12":"taxable","13":"shipping-taxable","14":"purchasable","15":"product-type-simple","16":"add-to-wishlist-before_image"},"acf":[],"yoast_head":"<!-- This site is optimized with the Yoast SEO plugin v27.5 - https:\/\/yoast.com\/product\/yoast-seo-wordpress\/ -->\n<title>CYTOCARE 502 online kaufen \u2013 F\u00fcr ein sichtbar j\u00fcngeres Hautbild<\/title>\n<meta name=\"description\" content=\"CYTOCARE 502 online kaufen und den Filler gezielt auf Gesicht, Hals und H\u00e4nden anwenden, um Alterserscheinungen wie feine Linien und Falten vorzubeugen.\" \/>\n<meta name=\"robots\" content=\"index, follow, max-snippet:-1, max-image-preview:large, max-video-preview:-1\" \/>\n<link rel=\"canonical\" href=\"https:\/\/kinamihealth.com\/de\/wp-json\/wp\/v2\/product\/113507\" \/>\n<meta property=\"og:locale\" content=\"de_DE\" \/>\n<meta property=\"og:type\" content=\"article\" \/>\n<meta property=\"og:title\" content=\"CYTOCARE 502 online kaufen \u2013 F\u00fcr ein sichtbar j\u00fcngeres Hautbild\" \/>\n<meta property=\"og:description\" content=\"CYTOCARE 502 online kaufen und den Filler gezielt auf Gesicht, Hals und H\u00e4nden anwenden, um Alterserscheinungen wie feine Linien und Falten vorzubeugen.\" \/>\n<meta property=\"og:url\" content=\"https:\/\/kinamihealth.com\/de\/product\/cytocare-502\/\" \/>\n<meta property=\"og:site_name\" content=\"Kinami Health\" \/>\n<meta property=\"article:modified_time\" content=\"2025-09-12T14:41:41+00:00\" \/>\n<meta property=\"og:image\" content=\"https:\/\/kinamihealth.com\/wp-content\/uploads\/2025\/02\/REVITACARE-CYTOCARE-502-01.jpg\" \/>\n\t<meta property=\"og:image:width\" content=\"800\" \/>\n\t<meta property=\"og:image:height\" content=\"800\" \/>\n\t<meta property=\"og:image:type\" content=\"image\/jpeg\" \/>\n<meta name=\"twitter:card\" content=\"summary_large_image\" \/>\n<meta name=\"twitter:label1\" content=\"Gesch\u00e4tzte Lesezeit\" \/>\n\t<meta name=\"twitter:data1\" content=\"1\u00a0Minute\" \/>\n<!-- \/ Yoast SEO plugin. -->","yoast_head_json":{"title":"CYTOCARE 502 online kaufen \u2013 F\u00fcr ein sichtbar j\u00fcngeres Hautbild","description":"CYTOCARE 502 online kaufen und den Filler gezielt auf Gesicht, Hals und H\u00e4nden anwenden, um Alterserscheinungen wie feine Linien und Falten vorzubeugen.","robots":{"index":"index","follow":"follow","max-snippet":"max-snippet:-1","max-image-preview":"max-image-preview:large","max-video-preview":"max-video-preview:-1"},"canonical":"https:\/\/kinamihealth.com\/de\/wp-json\/wp\/v2\/product\/113507","og_locale":"de_DE","og_type":"article","og_title":"CYTOCARE 502 online kaufen \u2013 F\u00fcr ein sichtbar j\u00fcngeres Hautbild","og_description":"CYTOCARE 502 online kaufen und den Filler gezielt auf Gesicht, Hals und H\u00e4nden anwenden, um Alterserscheinungen wie feine Linien und Falten vorzubeugen.","og_url":"https:\/\/kinamihealth.com\/de\/product\/cytocare-502\/","og_site_name":"Kinami Health","article_modified_time":"2025-09-12T14:41:41+00:00","og_image":[{"width":800,"height":800,"url":"https:\/\/kinamihealth.com\/wp-content\/uploads\/2025\/02\/REVITACARE-CYTOCARE-502-01.jpg","type":"image\/jpeg"}],"twitter_card":"summary_large_image","twitter_misc":{"Gesch\u00e4tzte Lesezeit":"1\u00a0Minute"},"schema":{"@context":"https:\/\/schema.org","@graph":[{"@type":"WebPage","@id":"https:\/\/kinamihealth.com\/de\/product\/cytocare-502\/","url":"https:\/\/kinamihealth.com\/de\/product\/cytocare-502\/","name":"CYTOCARE 502 online kaufen \u2013 F\u00fcr ein sichtbar j\u00fcngeres Hautbild","isPartOf":{"@id":"https:\/\/kinamihealth.com\/#website"},"primaryImageOfPage":{"@id":"https:\/\/kinamihealth.com\/de\/product\/cytocare-502\/#primaryimage"},"image":{"@id":"https:\/\/kinamihealth.com\/de\/product\/cytocare-502\/#primaryimage"},"thumbnailUrl":"https:\/\/kinamihealth.com\/wp-content\/uploads\/2025\/02\/REVITACARE-CYTOCARE-502-01.jpg","datePublished":"2025-09-12T11:53:46+00:00","dateModified":"2025-09-12T14:41:41+00:00","description":"CYTOCARE 502 online kaufen und den Filler gezielt auf Gesicht, Hals und H\u00e4nden anwenden, um Alterserscheinungen wie feine Linien und Falten vorzubeugen.","breadcrumb":{"@id":"https:\/\/kinamihealth.com\/de\/product\/cytocare-502\/#breadcrumb"},"inLanguage":"de","potentialAction":[{"@type":"ReadAction","target":["https:\/\/kinamihealth.com\/de\/product\/cytocare-502\/"]}]},{"@type":"ImageObject","inLanguage":"de","@id":"https:\/\/kinamihealth.com\/de\/product\/cytocare-502\/#primaryimage","url":"https:\/\/kinamihealth.com\/wp-content\/uploads\/2025\/02\/REVITACARE-CYTOCARE-502-01.jpg","contentUrl":"https:\/\/kinamihealth.com\/wp-content\/uploads\/2025\/02\/REVITACARE-CYTOCARE-502-01.jpg","width":800,"height":800},{"@type":"BreadcrumbList","@id":"https:\/\/kinamihealth.com\/de\/product\/cytocare-502\/#breadcrumb","itemListElement":[{"@type":"ListItem","position":1,"name":"Startseite","item":"https:\/\/kinamihealth.com\/"},{"@type":"ListItem","position":2,"name":"Shop","item":"https:\/\/kinamihealth.com\/shop\/"},{"@type":"ListItem","position":3,"name":"CYTOCARE 502"}]},{"@type":"WebSite","@id":"https:\/\/kinamihealth.com\/#website","url":"https:\/\/kinamihealth.com\/","name":"Kinami Health","description":"","publisher":{"@id":"https:\/\/kinamihealth.com\/#organization"},"potentialAction":[{"@type":"SearchAction","target":{"@type":"EntryPoint","urlTemplate":"https:\/\/kinamihealth.com\/?s={search_term_string}"},"query-input":{"@type":"PropertyValueSpecification","valueRequired":true,"valueName":"search_term_string"}}],"inLanguage":"de"},{"@type":"Organization","@id":"https:\/\/kinamihealth.com\/#organization","name":"Kinami Health","url":"https:\/\/kinamihealth.com\/","logo":{"@type":"ImageObject","inLanguage":"de","@id":"https:\/\/kinamihealth.com\/#\/schema\/logo\/image\/","url":"https:\/\/kinamihealth.com\/wp-content\/uploads\/2025\/01\/KH_logo_black_2-1.png","contentUrl":"https:\/\/kinamihealth.com\/wp-content\/uploads\/2025\/01\/KH_logo_black_2-1.png","width":339,"height":34,"caption":"Kinami Health"},"image":{"@id":"https:\/\/kinamihealth.com\/#\/schema\/logo\/image\/"}}]}},"_links":{"self":[{"href":"https:\/\/kinamihealth.com\/de\/wp-json\/wp\/v2\/product\/113507","targetHints":{"allow":["GET"]}}],"collection":[{"href":"https:\/\/kinamihealth.com\/de\/wp-json\/wp\/v2\/product"}],"about":[{"href":"https:\/\/kinamihealth.com\/de\/wp-json\/wp\/v2\/types\/product"}],"replies":[{"embeddable":true,"href":"https:\/\/kinamihealth.com\/de\/wp-json\/wp\/v2\/comments?post=113507"}],"version-history":[{"count":0,"href":"https:\/\/kinamihealth.com\/de\/wp-json\/wp\/v2\/product\/113507\/revisions"}],"wp:featuredmedia":[{"embeddable":true,"href":"https:\/\/kinamihealth.com\/de\/wp-json\/wp\/v2\/media\/100710"}],"wp:attachment":[{"href":"https:\/\/kinamihealth.com\/de\/wp-json\/wp\/v2\/media?parent=113507"}],"wp:term":[{"taxonomy":"product_brand","embeddable":true,"href":"https:\/\/kinamihealth.com\/de\/wp-json\/wp\/v2\/product_brand?post=113507"},{"taxonomy":"product_cat","embeddable":true,"href":"https:\/\/kinamihealth.com\/de\/wp-json\/wp\/v2\/product_cat?post=113507"},{"taxonomy":"product_tag","embeddable":true,"href":"https:\/\/kinamihealth.com\/de\/wp-json\/wp\/v2\/product_tag?post=113507"}],"curies":[{"name":"wp","href":"https:\/\/api.w.org\/{rel}","templated":true}]}}