{"id":113493,"date":"2025-09-12T11:15:07","date_gmt":"2025-09-12T11:15:07","guid":{"rendered":"https:\/\/kinamihealth.com\/?post_type=product&#038;p=113493"},"modified":"2025-09-12T14:50:03","modified_gmt":"2025-09-12T14:50:03","slug":"mediderma-c-defence-md-cskin-concentrate-serum","status":"publish","type":"product","link":"https:\/\/kinamihealth.com\/de\/produkt\/mediderma-c-defence-md-cskin-concentrate-serum\/","title":{"rendered":"MEDIDERMA\u00ae C-DEFENCE MD C+SKIN Concentrate Serum"},"content":{"rendered":"<p><span style=\"font-weight: 400;\">C-Defence MD C+Skin Concentrate Serum 30ml ist ein <\/span><b>hochwertiges Hautpflegeprodukt<\/b><span style=\"font-weight: 400;\">, das die Haut verj\u00fcngt und sch\u00fctzt.<\/span><\/p>\n<p><span style=\"font-weight: 400;\">Es ist mit <\/span><b>leistungsstarken Wirkstoffen<\/b><span style=\"font-weight: 400;\"> wie Vitamin C und Hyalurons\u00e4ure angereichert und bietet antioxidativen Schutz und Feuchtigkeit. Dieses Serum wurde speziell f\u00fcr den <\/span><b>professionellen Einsatz<\/b><span style=\"font-weight: 400;\"> entwickelt und ist ideal f\u00fcr Kliniken und \u00e4sthetische Praxen, die professionelle, <\/span><b>sichtbare Ergebnisse <\/b><span style=\"font-weight: 400;\">erzielen m\u00f6chten. <\/span><b>Entdecken Sie das Hautpflege-Sortiment von Kinami Health<\/b>\u00a0<span style=\"font-weight: 400;\">und kaufen Sie C-Defence MD C+Skin Concentrate Serum 30ml f\u00fcr Ihre Praxis zu Gro\u00dfhandelspreisen.<\/span><\/p>\n","protected":false},"excerpt":{"rendered":"<p>C-Defence MD C+Skin Concentrate Serum 30ml ist ein hochwertiges Hautpflegeprodukt, das die Haut verj\u00fcngt und sch\u00fctzt. Es ist mit leistungsstarken Wirkstoffen wie Vitamin C und Hyalurons\u00e4ure angereichert und bietet antioxidativen Schutz und Feuchtigkeit. Dieses Serum wurde speziell f\u00fcr den professionellen Einsatz entwickelt und ist ideal f\u00fcr Kliniken und \u00e4sthetische Praxen, die professionelle, sichtbare Ergebnisse erzielen [&hellip;]<\/p>\n","protected":false},"featured_media":100669,"comment_status":"closed","ping_status":"closed","template":"","meta":{"_acf_changed":false,"inline_featured_image":false},"product_brand":[2161],"product_cat":[2026],"product_tag":[2144],"class_list":{"0":"post-113493","1":"product","2":"type-product","3":"status-publish","4":"has-post-thumbnail","6":"product_brand-mediderma-de","7":"product_cat-hautpflege","8":"product_tag-medical-devices-de","10":"first","11":"instock","12":"taxable","13":"shipping-taxable","14":"purchasable","15":"product-type-simple","16":"add-to-wishlist-before_image"},"acf":[],"yoast_head":"<!-- This site is optimized with the Yoast SEO plugin v27.5 - https:\/\/yoast.com\/product\/yoast-seo-wordpress\/ -->\n<title>C-Defence MD C+Skin Concentrate Serum 30ml online kaufen<\/title>\n<meta name=\"description\" content=\"Kaufen Sie C-Defence MD C+Skin Concentrate Serum 30ml online, um gezielt gegen Hautalterung und Pigmentflecken vorzugehen. Bestellen Sie noch heute bei Kinami Health.\" \/>\n<meta name=\"robots\" content=\"index, follow, max-snippet:-1, max-image-preview:large, max-video-preview:-1\" \/>\n<link rel=\"canonical\" href=\"https:\/\/kinamihealth.com\/de\/wp-json\/wp\/v2\/product\/113493\" \/>\n<meta property=\"og:locale\" content=\"de_DE\" \/>\n<meta property=\"og:type\" content=\"article\" \/>\n<meta property=\"og:title\" content=\"C-Defence MD C+Skin Concentrate Serum 30ml online kaufen\" \/>\n<meta property=\"og:description\" content=\"Kaufen Sie C-Defence MD C+Skin Concentrate Serum 30ml online, um gezielt gegen Hautalterung und Pigmentflecken vorzugehen. Bestellen Sie noch heute bei Kinami Health.\" \/>\n<meta property=\"og:url\" content=\"https:\/\/kinamihealth.com\/de\/product\/mediderma-c-defence-md-cskin-concentrate-serum\/\" \/>\n<meta property=\"og:site_name\" content=\"Kinami Health\" \/>\n<meta property=\"article:modified_time\" content=\"2025-09-12T14:50:03+00:00\" \/>\n<meta property=\"og:image\" content=\"https:\/\/kinamihealth.com\/wp-content\/uploads\/2025\/02\/C-DEFENCEMD-CSKIN-SERUM-30ML-01.jpg\" \/>\n\t<meta property=\"og:image:width\" content=\"800\" \/>\n\t<meta property=\"og:image:height\" content=\"800\" \/>\n\t<meta property=\"og:image:type\" content=\"image\/jpeg\" \/>\n<meta name=\"twitter:card\" content=\"summary_large_image\" \/>\n<meta name=\"twitter:label1\" content=\"Gesch\u00e4tzte Lesezeit\" \/>\n\t<meta name=\"twitter:data1\" content=\"1\u00a0Minute\" \/>\n<!-- \/ Yoast SEO plugin. -->","yoast_head_json":{"title":"C-Defence MD C+Skin Concentrate Serum 30ml online kaufen","description":"Kaufen Sie C-Defence MD C+Skin Concentrate Serum 30ml online, um gezielt gegen Hautalterung und Pigmentflecken vorzugehen. Bestellen Sie noch heute bei Kinami Health.","robots":{"index":"index","follow":"follow","max-snippet":"max-snippet:-1","max-image-preview":"max-image-preview:large","max-video-preview":"max-video-preview:-1"},"canonical":"https:\/\/kinamihealth.com\/de\/wp-json\/wp\/v2\/product\/113493","og_locale":"de_DE","og_type":"article","og_title":"C-Defence MD C+Skin Concentrate Serum 30ml online kaufen","og_description":"Kaufen Sie C-Defence MD C+Skin Concentrate Serum 30ml online, um gezielt gegen Hautalterung und Pigmentflecken vorzugehen. Bestellen Sie noch heute bei Kinami Health.","og_url":"https:\/\/kinamihealth.com\/de\/product\/mediderma-c-defence-md-cskin-concentrate-serum\/","og_site_name":"Kinami Health","article_modified_time":"2025-09-12T14:50:03+00:00","og_image":[{"width":800,"height":800,"url":"https:\/\/kinamihealth.com\/wp-content\/uploads\/2025\/02\/C-DEFENCEMD-CSKIN-SERUM-30ML-01.jpg","type":"image\/jpeg"}],"twitter_card":"summary_large_image","twitter_misc":{"Gesch\u00e4tzte Lesezeit":"1\u00a0Minute"},"schema":{"@context":"https:\/\/schema.org","@graph":[{"@type":"WebPage","@id":"https:\/\/kinamihealth.com\/de\/product\/mediderma-c-defence-md-cskin-concentrate-serum\/","url":"https:\/\/kinamihealth.com\/de\/product\/mediderma-c-defence-md-cskin-concentrate-serum\/","name":"C-Defence MD C+Skin Concentrate Serum 30ml online kaufen","isPartOf":{"@id":"https:\/\/kinamihealth.com\/#website"},"primaryImageOfPage":{"@id":"https:\/\/kinamihealth.com\/de\/product\/mediderma-c-defence-md-cskin-concentrate-serum\/#primaryimage"},"image":{"@id":"https:\/\/kinamihealth.com\/de\/product\/mediderma-c-defence-md-cskin-concentrate-serum\/#primaryimage"},"thumbnailUrl":"https:\/\/kinamihealth.com\/wp-content\/uploads\/2025\/02\/C-DEFENCEMD-CSKIN-SERUM-30ML-01.jpg","datePublished":"2025-09-12T11:15:07+00:00","dateModified":"2025-09-12T14:50:03+00:00","description":"Kaufen Sie C-Defence MD C+Skin Concentrate Serum 30ml online, um gezielt gegen Hautalterung und Pigmentflecken vorzugehen. Bestellen Sie noch heute bei Kinami Health.","breadcrumb":{"@id":"https:\/\/kinamihealth.com\/de\/product\/mediderma-c-defence-md-cskin-concentrate-serum\/#breadcrumb"},"inLanguage":"de","potentialAction":[{"@type":"ReadAction","target":["https:\/\/kinamihealth.com\/de\/product\/mediderma-c-defence-md-cskin-concentrate-serum\/"]}]},{"@type":"ImageObject","inLanguage":"de","@id":"https:\/\/kinamihealth.com\/de\/product\/mediderma-c-defence-md-cskin-concentrate-serum\/#primaryimage","url":"https:\/\/kinamihealth.com\/wp-content\/uploads\/2025\/02\/C-DEFENCEMD-CSKIN-SERUM-30ML-01.jpg","contentUrl":"https:\/\/kinamihealth.com\/wp-content\/uploads\/2025\/02\/C-DEFENCEMD-CSKIN-SERUM-30ML-01.jpg","width":800,"height":800},{"@type":"BreadcrumbList","@id":"https:\/\/kinamihealth.com\/de\/product\/mediderma-c-defence-md-cskin-concentrate-serum\/#breadcrumb","itemListElement":[{"@type":"ListItem","position":1,"name":"Startseite","item":"https:\/\/kinamihealth.com\/"},{"@type":"ListItem","position":2,"name":"Shop","item":"https:\/\/kinamihealth.com\/shop\/"},{"@type":"ListItem","position":3,"name":"MEDIDERMA\u00ae C-DEFENCE MD C+SKIN Concentrate Serum"}]},{"@type":"WebSite","@id":"https:\/\/kinamihealth.com\/#website","url":"https:\/\/kinamihealth.com\/","name":"Kinami Health","description":"","publisher":{"@id":"https:\/\/kinamihealth.com\/#organization"},"potentialAction":[{"@type":"SearchAction","target":{"@type":"EntryPoint","urlTemplate":"https:\/\/kinamihealth.com\/?s={search_term_string}"},"query-input":{"@type":"PropertyValueSpecification","valueRequired":true,"valueName":"search_term_string"}}],"inLanguage":"de"},{"@type":"Organization","@id":"https:\/\/kinamihealth.com\/#organization","name":"Kinami Health","url":"https:\/\/kinamihealth.com\/","logo":{"@type":"ImageObject","inLanguage":"de","@id":"https:\/\/kinamihealth.com\/#\/schema\/logo\/image\/","url":"https:\/\/kinamihealth.com\/wp-content\/uploads\/2025\/01\/KH_logo_black_2-1.png","contentUrl":"https:\/\/kinamihealth.com\/wp-content\/uploads\/2025\/01\/KH_logo_black_2-1.png","width":339,"height":34,"caption":"Kinami Health"},"image":{"@id":"https:\/\/kinamihealth.com\/#\/schema\/logo\/image\/"}}]}},"_links":{"self":[{"href":"https:\/\/kinamihealth.com\/de\/wp-json\/wp\/v2\/product\/113493","targetHints":{"allow":["GET"]}}],"collection":[{"href":"https:\/\/kinamihealth.com\/de\/wp-json\/wp\/v2\/product"}],"about":[{"href":"https:\/\/kinamihealth.com\/de\/wp-json\/wp\/v2\/types\/product"}],"replies":[{"embeddable":true,"href":"https:\/\/kinamihealth.com\/de\/wp-json\/wp\/v2\/comments?post=113493"}],"version-history":[{"count":0,"href":"https:\/\/kinamihealth.com\/de\/wp-json\/wp\/v2\/product\/113493\/revisions"}],"wp:featuredmedia":[{"embeddable":true,"href":"https:\/\/kinamihealth.com\/de\/wp-json\/wp\/v2\/media\/100669"}],"wp:attachment":[{"href":"https:\/\/kinamihealth.com\/de\/wp-json\/wp\/v2\/media?parent=113493"}],"wp:term":[{"taxonomy":"product_brand","embeddable":true,"href":"https:\/\/kinamihealth.com\/de\/wp-json\/wp\/v2\/product_brand?post=113493"},{"taxonomy":"product_cat","embeddable":true,"href":"https:\/\/kinamihealth.com\/de\/wp-json\/wp\/v2\/product_cat?post=113493"},{"taxonomy":"product_tag","embeddable":true,"href":"https:\/\/kinamihealth.com\/de\/wp-json\/wp\/v2\/product_tag?post=113493"}],"curies":[{"name":"wp","href":"https:\/\/api.w.org\/{rel}","templated":true}]}}