{"id":113488,"date":"2025-09-12T11:05:02","date_gmt":"2025-09-12T11:05:02","guid":{"rendered":"https:\/\/kinamihealth.com\/?post_type=product&#038;p=113488"},"modified":"2025-09-12T14:50:46","modified_gmt":"2025-09-12T14:50:46","slug":"mediderma-c-defence-md-cskin-bright-moisturizing","status":"publish","type":"product","link":"https:\/\/kinamihealth.com\/de\/produkt\/mediderma-c-defence-md-cskin-bright-moisturizing\/","title":{"rendered":"MEDIDERMA\u00ae C-DEFENCE MD C+SKIN Bright Moisturizing"},"content":{"rendered":"<p><span style=\"font-weight: 400;\">C-Defence MD C+Skin Bright Moisturizing Facial Fluid 50ml ist ein <\/span><b><i>hochwirksames Hautpflegeprodukt<\/i><\/b><span style=\"font-weight: 400;\">, das entwickelt wurde, um die Helligkeit und Feuchtigkeit der Haut zu verbessern.<\/span><\/p>\n<p><span style=\"font-weight: 400;\">Dieses leichte Fluid <\/span><b>enth\u00e4lt innovative Wirkstoffe<\/b><span style=\"font-weight: 400;\">, die die Hautverj\u00fcngung f\u00f6rdern, das Auftreten feiner Linien reduzieren und einen strahlenden Teint wiederherstellen. Dieses Gesichtsfluid wurde f\u00fcr den professionellen Einsatz entwickelt und ist ideal f\u00fcr <\/span><b>Kliniken, Spas und dermatologische Praxen<\/b><span style=\"font-weight: 400;\">.<\/span><\/p>\n<p><span style=\"font-weight: 400;\">Kaufen Sie C-Defence MD C+Skin Bright Moisturizing Facial Fluid 50 ml im <em><strong>Kinami Health<\/strong><\/em><\/span><b><i>\u00a0Shop<\/i><\/b><span style=\"font-weight: 400;\"> und erfahren Sie, weshalb Fachleute auf dieses Produkt setzen.<\/span><\/p>\n","protected":false},"excerpt":{"rendered":"<p>C-Defence MD C+Skin Bright Moisturizing Facial Fluid 50ml ist ein hochwirksames Hautpflegeprodukt, das entwickelt wurde, um die Helligkeit und Feuchtigkeit der Haut zu verbessern. Dieses leichte Fluid enth\u00e4lt innovative Wirkstoffe, die die Hautverj\u00fcngung f\u00f6rdern, das Auftreten feiner Linien reduzieren und einen strahlenden Teint wiederherstellen. Dieses Gesichtsfluid wurde f\u00fcr den professionellen Einsatz entwickelt und ist ideal [&hellip;]<\/p>\n","protected":false},"featured_media":100679,"comment_status":"closed","ping_status":"closed","template":"","meta":{"_acf_changed":false,"inline_featured_image":false},"product_brand":[2161],"product_cat":[2026],"product_tag":[2144],"class_list":{"0":"post-113488","1":"product","2":"type-product","3":"status-publish","4":"has-post-thumbnail","6":"product_brand-mediderma-de","7":"product_cat-hautpflege","8":"product_tag-medical-devices-de","10":"first","11":"instock","12":"taxable","13":"shipping-taxable","14":"purchasable","15":"product-type-simple","16":"add-to-wishlist-before_image"},"acf":[],"yoast_head":"<!-- This site is optimized with the Yoast SEO plugin v27.5 - https:\/\/yoast.com\/product\/yoast-seo-wordpress\/ -->\n<title>C-Defence MD C+Skin Bright Moisturizing Facial Fluid 50ml online kaufen<\/title>\n<meta name=\"description\" content=\"Kaufen Sie C-Defence MD C+Skin Bright Moisturizing Facial Fluid 50ml online bei Kinami Health Shop. Verbessern Sie noch heute die Helligkeit und Feuchtigkeit der Haut Ihrer Patienten.\" \/>\n<meta name=\"robots\" content=\"index, follow, max-snippet:-1, max-image-preview:large, max-video-preview:-1\" \/>\n<link rel=\"canonical\" href=\"https:\/\/kinamihealth.com\/de\/wp-json\/wp\/v2\/product\/113488\" \/>\n<meta property=\"og:locale\" content=\"de_DE\" \/>\n<meta property=\"og:type\" content=\"article\" \/>\n<meta property=\"og:title\" content=\"C-Defence MD C+Skin Bright Moisturizing Facial Fluid 50ml online kaufen\" \/>\n<meta property=\"og:description\" content=\"Kaufen Sie C-Defence MD C+Skin Bright Moisturizing Facial Fluid 50ml online bei Kinami Health Shop. Verbessern Sie noch heute die Helligkeit und Feuchtigkeit der Haut Ihrer Patienten.\" \/>\n<meta property=\"og:url\" content=\"https:\/\/kinamihealth.com\/de\/product\/mediderma-c-defence-md-cskin-bright-moisturizing\/\" \/>\n<meta property=\"og:site_name\" content=\"Kinami Health\" \/>\n<meta property=\"article:modified_time\" content=\"2025-09-12T14:50:46+00:00\" \/>\n<meta property=\"og:image\" content=\"https:\/\/kinamihealth.com\/wp-content\/uploads\/2025\/02\/MEDIDERMA-C-DEFENCE-MD-C-SKIN-BRIGHT-MOISTURIZING-FLUID-01.jpg\" \/>\n\t<meta property=\"og:image:width\" content=\"800\" \/>\n\t<meta property=\"og:image:height\" content=\"800\" \/>\n\t<meta property=\"og:image:type\" content=\"image\/jpeg\" \/>\n<meta name=\"twitter:card\" content=\"summary_large_image\" \/>\n<meta name=\"twitter:label1\" content=\"Gesch\u00e4tzte Lesezeit\" \/>\n\t<meta name=\"twitter:data1\" content=\"1\u00a0Minute\" \/>\n<!-- \/ Yoast SEO plugin. -->","yoast_head_json":{"title":"C-Defence MD C+Skin Bright Moisturizing Facial Fluid 50ml online kaufen","description":"Kaufen Sie C-Defence MD C+Skin Bright Moisturizing Facial Fluid 50ml online bei Kinami Health Shop. Verbessern Sie noch heute die Helligkeit und Feuchtigkeit der Haut Ihrer Patienten.","robots":{"index":"index","follow":"follow","max-snippet":"max-snippet:-1","max-image-preview":"max-image-preview:large","max-video-preview":"max-video-preview:-1"},"canonical":"https:\/\/kinamihealth.com\/de\/wp-json\/wp\/v2\/product\/113488","og_locale":"de_DE","og_type":"article","og_title":"C-Defence MD C+Skin Bright Moisturizing Facial Fluid 50ml online kaufen","og_description":"Kaufen Sie C-Defence MD C+Skin Bright Moisturizing Facial Fluid 50ml online bei Kinami Health Shop. Verbessern Sie noch heute die Helligkeit und Feuchtigkeit der Haut Ihrer Patienten.","og_url":"https:\/\/kinamihealth.com\/de\/product\/mediderma-c-defence-md-cskin-bright-moisturizing\/","og_site_name":"Kinami Health","article_modified_time":"2025-09-12T14:50:46+00:00","og_image":[{"width":800,"height":800,"url":"https:\/\/kinamihealth.com\/wp-content\/uploads\/2025\/02\/MEDIDERMA-C-DEFENCE-MD-C-SKIN-BRIGHT-MOISTURIZING-FLUID-01.jpg","type":"image\/jpeg"}],"twitter_card":"summary_large_image","twitter_misc":{"Gesch\u00e4tzte Lesezeit":"1\u00a0Minute"},"schema":{"@context":"https:\/\/schema.org","@graph":[{"@type":"WebPage","@id":"https:\/\/kinamihealth.com\/de\/product\/mediderma-c-defence-md-cskin-bright-moisturizing\/","url":"https:\/\/kinamihealth.com\/de\/product\/mediderma-c-defence-md-cskin-bright-moisturizing\/","name":"C-Defence MD C+Skin Bright Moisturizing Facial Fluid 50ml online kaufen","isPartOf":{"@id":"https:\/\/kinamihealth.com\/#website"},"primaryImageOfPage":{"@id":"https:\/\/kinamihealth.com\/de\/product\/mediderma-c-defence-md-cskin-bright-moisturizing\/#primaryimage"},"image":{"@id":"https:\/\/kinamihealth.com\/de\/product\/mediderma-c-defence-md-cskin-bright-moisturizing\/#primaryimage"},"thumbnailUrl":"https:\/\/kinamihealth.com\/wp-content\/uploads\/2025\/02\/MEDIDERMA-C-DEFENCE-MD-C-SKIN-BRIGHT-MOISTURIZING-FLUID-01.jpg","datePublished":"2025-09-12T11:05:02+00:00","dateModified":"2025-09-12T14:50:46+00:00","description":"Kaufen Sie C-Defence MD C+Skin Bright Moisturizing Facial Fluid 50ml online bei Kinami Health Shop. Verbessern Sie noch heute die Helligkeit und Feuchtigkeit der Haut Ihrer Patienten.","breadcrumb":{"@id":"https:\/\/kinamihealth.com\/de\/product\/mediderma-c-defence-md-cskin-bright-moisturizing\/#breadcrumb"},"inLanguage":"de","potentialAction":[{"@type":"ReadAction","target":["https:\/\/kinamihealth.com\/de\/product\/mediderma-c-defence-md-cskin-bright-moisturizing\/"]}]},{"@type":"ImageObject","inLanguage":"de","@id":"https:\/\/kinamihealth.com\/de\/product\/mediderma-c-defence-md-cskin-bright-moisturizing\/#primaryimage","url":"https:\/\/kinamihealth.com\/wp-content\/uploads\/2025\/02\/MEDIDERMA-C-DEFENCE-MD-C-SKIN-BRIGHT-MOISTURIZING-FLUID-01.jpg","contentUrl":"https:\/\/kinamihealth.com\/wp-content\/uploads\/2025\/02\/MEDIDERMA-C-DEFENCE-MD-C-SKIN-BRIGHT-MOISTURIZING-FLUID-01.jpg","width":800,"height":800},{"@type":"BreadcrumbList","@id":"https:\/\/kinamihealth.com\/de\/product\/mediderma-c-defence-md-cskin-bright-moisturizing\/#breadcrumb","itemListElement":[{"@type":"ListItem","position":1,"name":"Startseite","item":"https:\/\/kinamihealth.com\/"},{"@type":"ListItem","position":2,"name":"Shop","item":"https:\/\/kinamihealth.com\/shop\/"},{"@type":"ListItem","position":3,"name":"MEDIDERMA\u00ae C-DEFENCE MD C+SKIN Bright Moisturizing"}]},{"@type":"WebSite","@id":"https:\/\/kinamihealth.com\/#website","url":"https:\/\/kinamihealth.com\/","name":"Kinami Health","description":"","publisher":{"@id":"https:\/\/kinamihealth.com\/#organization"},"potentialAction":[{"@type":"SearchAction","target":{"@type":"EntryPoint","urlTemplate":"https:\/\/kinamihealth.com\/?s={search_term_string}"},"query-input":{"@type":"PropertyValueSpecification","valueRequired":true,"valueName":"search_term_string"}}],"inLanguage":"de"},{"@type":"Organization","@id":"https:\/\/kinamihealth.com\/#organization","name":"Kinami Health","url":"https:\/\/kinamihealth.com\/","logo":{"@type":"ImageObject","inLanguage":"de","@id":"https:\/\/kinamihealth.com\/#\/schema\/logo\/image\/","url":"https:\/\/kinamihealth.com\/wp-content\/uploads\/2025\/01\/KH_logo_black_2-1.png","contentUrl":"https:\/\/kinamihealth.com\/wp-content\/uploads\/2025\/01\/KH_logo_black_2-1.png","width":339,"height":34,"caption":"Kinami Health"},"image":{"@id":"https:\/\/kinamihealth.com\/#\/schema\/logo\/image\/"}}]}},"_links":{"self":[{"href":"https:\/\/kinamihealth.com\/de\/wp-json\/wp\/v2\/product\/113488","targetHints":{"allow":["GET"]}}],"collection":[{"href":"https:\/\/kinamihealth.com\/de\/wp-json\/wp\/v2\/product"}],"about":[{"href":"https:\/\/kinamihealth.com\/de\/wp-json\/wp\/v2\/types\/product"}],"replies":[{"embeddable":true,"href":"https:\/\/kinamihealth.com\/de\/wp-json\/wp\/v2\/comments?post=113488"}],"version-history":[{"count":0,"href":"https:\/\/kinamihealth.com\/de\/wp-json\/wp\/v2\/product\/113488\/revisions"}],"wp:featuredmedia":[{"embeddable":true,"href":"https:\/\/kinamihealth.com\/de\/wp-json\/wp\/v2\/media\/100679"}],"wp:attachment":[{"href":"https:\/\/kinamihealth.com\/de\/wp-json\/wp\/v2\/media?parent=113488"}],"wp:term":[{"taxonomy":"product_brand","embeddable":true,"href":"https:\/\/kinamihealth.com\/de\/wp-json\/wp\/v2\/product_brand?post=113488"},{"taxonomy":"product_cat","embeddable":true,"href":"https:\/\/kinamihealth.com\/de\/wp-json\/wp\/v2\/product_cat?post=113488"},{"taxonomy":"product_tag","embeddable":true,"href":"https:\/\/kinamihealth.com\/de\/wp-json\/wp\/v2\/product_tag?post=113488"}],"curies":[{"name":"wp","href":"https:\/\/api.w.org\/{rel}","templated":true}]}}