{"id":113460,"date":"2025-09-12T09:54:01","date_gmt":"2025-09-12T09:54:01","guid":{"rendered":"https:\/\/kinamihealth.com\/?post_type=product&#038;p=113460"},"modified":"2025-09-12T14:35:14","modified_gmt":"2025-09-12T14:35:14","slug":"mediderma-azelac-ru","status":"publish","type":"product","link":"https:\/\/kinamihealth.com\/de\/produkt\/mediderma-azelac-ru\/","title":{"rendered":"MEDIDERMA\u00ae AZELAC\u00ae RU"},"content":{"rendered":"<p><span style=\"font-weight: 400;\">Azelac RU 60\u202fml ist ein <\/span><b>hochwirksames chemisches Peeling<\/b><span style=\"font-weight: 400;\"> zur gezielten Behandlung von Hyperpigmentierungen. Die <\/span><b>spezialisierte Wirkstoffkombination hemmt die Melaninbildung, reduziert dunkle Flecken sichtbar und tr\u00e4gt zu einem ebenm\u00e4\u00dfigeren, strahlenden Teint bei<\/b><span style=\"font-weight: 400;\">.\u00a0<\/span><\/p>\n<p><span style=\"font-weight: 400;\">Das Produkt wurde f\u00fcr die <\/span><b>professionelle Anwendung<\/b><span style=\"font-weight: 400;\"> entwickelt und stellt eine bew\u00e4hrte Methode zur effektiven Reduktion von Pigmentst\u00f6rungen dar. Zugelassene Fachanwender k\u00f6nnen Azelac RU 60\u202fml \u00fcber d<\/span><b>en autorisierten Kinami Health Online-Shop<\/b><span style=\"font-weight: 400;\"> beziehen \u2013 eine vertrauensw\u00fcrdige Bezugsquelle f\u00fcr hochwertige Produkte im Bereich professioneller Pigmentbehandlungen.<\/span><\/p>\n","protected":false},"excerpt":{"rendered":"<p>Azelac RU 60\u202fml ist ein hochwirksames chemisches Peeling zur gezielten Behandlung von Hyperpigmentierungen. Die spezialisierte Wirkstoffkombination hemmt die Melaninbildung, reduziert dunkle Flecken sichtbar und tr\u00e4gt zu einem ebenm\u00e4\u00dfigeren, strahlenden Teint bei.\u00a0 Das Produkt wurde f\u00fcr die professionelle Anwendung entwickelt und stellt eine bew\u00e4hrte Methode zur effektiven Reduktion von Pigmentst\u00f6rungen dar. Zugelassene Fachanwender k\u00f6nnen Azelac RU [&hellip;]<\/p>\n","protected":false},"featured_media":102127,"comment_status":"closed","ping_status":"closed","template":"","meta":{"_acf_changed":false,"inline_featured_image":false},"product_brand":[2161],"product_cat":[2025],"product_tag":[2144],"class_list":{"0":"post-113460","1":"product","2":"type-product","3":"status-publish","4":"has-post-thumbnail","6":"product_brand-mediderma-de","7":"product_cat-chemische-peelings","8":"product_tag-medical-devices-de","10":"first","11":"instock","12":"taxable","13":"shipping-taxable","14":"purchasable","15":"product-type-simple","16":"add-to-wishlist-before_image"},"acf":[],"yoast_head":"<!-- This site is optimized with the Yoast SEO plugin v27.5 - https:\/\/yoast.com\/product\/yoast-seo-wordpress\/ -->\n<title>Azelac RU 60ml online kaufen \u2013 Hilfe bei Pigmentflecken<\/title>\n<meta name=\"description\" content=\"Azelac RU 60ml online \u2013 professionelle L\u00f6sung gegen Pigmentflecken, Melasma &amp; ungleichm\u00e4\u00dfigen Hautton. Jetzt bestellen!\" \/>\n<meta name=\"robots\" content=\"index, follow, max-snippet:-1, max-image-preview:large, max-video-preview:-1\" \/>\n<link rel=\"canonical\" href=\"https:\/\/kinamihealth.com\/de\/wp-json\/wp\/v2\/product\/113460\" \/>\n<meta property=\"og:locale\" content=\"de_DE\" \/>\n<meta property=\"og:type\" content=\"article\" \/>\n<meta property=\"og:title\" content=\"Azelac RU 60ml online kaufen \u2013 Hilfe bei Pigmentflecken\" \/>\n<meta property=\"og:description\" content=\"Azelac RU 60ml online \u2013 professionelle L\u00f6sung gegen Pigmentflecken, Melasma &amp; ungleichm\u00e4\u00dfigen Hautton. Jetzt bestellen!\" \/>\n<meta property=\"og:url\" content=\"https:\/\/kinamihealth.com\/de\/product\/mediderma-azelac-ru\/\" \/>\n<meta property=\"og:site_name\" content=\"Kinami Health\" \/>\n<meta property=\"article:modified_time\" content=\"2025-09-12T14:35:14+00:00\" \/>\n<meta property=\"og:image\" content=\"https:\/\/kinamihealth.com\/wp-content\/uploads\/2025\/02\/MEDIDERMA-AZELAC-RU-60ML-01.webp\" \/>\n\t<meta property=\"og:image:width\" content=\"800\" \/>\n\t<meta property=\"og:image:height\" content=\"800\" \/>\n\t<meta property=\"og:image:type\" content=\"image\/webp\" \/>\n<meta name=\"twitter:card\" content=\"summary_large_image\" \/>\n<meta name=\"twitter:label1\" content=\"Gesch\u00e4tzte Lesezeit\" \/>\n\t<meta name=\"twitter:data1\" content=\"1\u00a0Minute\" \/>\n<!-- \/ Yoast SEO plugin. -->","yoast_head_json":{"title":"Azelac RU 60ml online kaufen \u2013 Hilfe bei Pigmentflecken","description":"Azelac RU 60ml online \u2013 professionelle L\u00f6sung gegen Pigmentflecken, Melasma & ungleichm\u00e4\u00dfigen Hautton. Jetzt bestellen!","robots":{"index":"index","follow":"follow","max-snippet":"max-snippet:-1","max-image-preview":"max-image-preview:large","max-video-preview":"max-video-preview:-1"},"canonical":"https:\/\/kinamihealth.com\/de\/wp-json\/wp\/v2\/product\/113460","og_locale":"de_DE","og_type":"article","og_title":"Azelac RU 60ml online kaufen \u2013 Hilfe bei Pigmentflecken","og_description":"Azelac RU 60ml online \u2013 professionelle L\u00f6sung gegen Pigmentflecken, Melasma & ungleichm\u00e4\u00dfigen Hautton. Jetzt bestellen!","og_url":"https:\/\/kinamihealth.com\/de\/product\/mediderma-azelac-ru\/","og_site_name":"Kinami Health","article_modified_time":"2025-09-12T14:35:14+00:00","og_image":[{"width":800,"height":800,"url":"https:\/\/kinamihealth.com\/wp-content\/uploads\/2025\/02\/MEDIDERMA-AZELAC-RU-60ML-01.webp","type":"image\/webp"}],"twitter_card":"summary_large_image","twitter_misc":{"Gesch\u00e4tzte Lesezeit":"1\u00a0Minute"},"schema":{"@context":"https:\/\/schema.org","@graph":[{"@type":"WebPage","@id":"https:\/\/kinamihealth.com\/de\/product\/mediderma-azelac-ru\/","url":"https:\/\/kinamihealth.com\/de\/product\/mediderma-azelac-ru\/","name":"Azelac RU 60ml online kaufen \u2013 Hilfe bei Pigmentflecken","isPartOf":{"@id":"https:\/\/kinamihealth.com\/#website"},"primaryImageOfPage":{"@id":"https:\/\/kinamihealth.com\/de\/product\/mediderma-azelac-ru\/#primaryimage"},"image":{"@id":"https:\/\/kinamihealth.com\/de\/product\/mediderma-azelac-ru\/#primaryimage"},"thumbnailUrl":"https:\/\/kinamihealth.com\/wp-content\/uploads\/2025\/02\/MEDIDERMA-AZELAC-RU-60ML-01.webp","datePublished":"2025-09-12T09:54:01+00:00","dateModified":"2025-09-12T14:35:14+00:00","description":"Azelac RU 60ml online \u2013 professionelle L\u00f6sung gegen Pigmentflecken, Melasma & ungleichm\u00e4\u00dfigen Hautton. Jetzt bestellen!","breadcrumb":{"@id":"https:\/\/kinamihealth.com\/de\/product\/mediderma-azelac-ru\/#breadcrumb"},"inLanguage":"de","potentialAction":[{"@type":"ReadAction","target":["https:\/\/kinamihealth.com\/de\/product\/mediderma-azelac-ru\/"]}]},{"@type":"ImageObject","inLanguage":"de","@id":"https:\/\/kinamihealth.com\/de\/product\/mediderma-azelac-ru\/#primaryimage","url":"https:\/\/kinamihealth.com\/wp-content\/uploads\/2025\/02\/MEDIDERMA-AZELAC-RU-60ML-01.webp","contentUrl":"https:\/\/kinamihealth.com\/wp-content\/uploads\/2025\/02\/MEDIDERMA-AZELAC-RU-60ML-01.webp","width":800,"height":800},{"@type":"BreadcrumbList","@id":"https:\/\/kinamihealth.com\/de\/product\/mediderma-azelac-ru\/#breadcrumb","itemListElement":[{"@type":"ListItem","position":1,"name":"Startseite","item":"https:\/\/kinamihealth.com\/"},{"@type":"ListItem","position":2,"name":"Shop","item":"https:\/\/kinamihealth.com\/shop\/"},{"@type":"ListItem","position":3,"name":"MEDIDERMA\u00ae AZELAC\u00ae RU"}]},{"@type":"WebSite","@id":"https:\/\/kinamihealth.com\/#website","url":"https:\/\/kinamihealth.com\/","name":"Kinami Health","description":"","publisher":{"@id":"https:\/\/kinamihealth.com\/#organization"},"potentialAction":[{"@type":"SearchAction","target":{"@type":"EntryPoint","urlTemplate":"https:\/\/kinamihealth.com\/?s={search_term_string}"},"query-input":{"@type":"PropertyValueSpecification","valueRequired":true,"valueName":"search_term_string"}}],"inLanguage":"de"},{"@type":"Organization","@id":"https:\/\/kinamihealth.com\/#organization","name":"Kinami Health","url":"https:\/\/kinamihealth.com\/","logo":{"@type":"ImageObject","inLanguage":"de","@id":"https:\/\/kinamihealth.com\/#\/schema\/logo\/image\/","url":"https:\/\/kinamihealth.com\/wp-content\/uploads\/2025\/01\/KH_logo_black_2-1.png","contentUrl":"https:\/\/kinamihealth.com\/wp-content\/uploads\/2025\/01\/KH_logo_black_2-1.png","width":339,"height":34,"caption":"Kinami Health"},"image":{"@id":"https:\/\/kinamihealth.com\/#\/schema\/logo\/image\/"}}]}},"_links":{"self":[{"href":"https:\/\/kinamihealth.com\/de\/wp-json\/wp\/v2\/product\/113460","targetHints":{"allow":["GET"]}}],"collection":[{"href":"https:\/\/kinamihealth.com\/de\/wp-json\/wp\/v2\/product"}],"about":[{"href":"https:\/\/kinamihealth.com\/de\/wp-json\/wp\/v2\/types\/product"}],"replies":[{"embeddable":true,"href":"https:\/\/kinamihealth.com\/de\/wp-json\/wp\/v2\/comments?post=113460"}],"version-history":[{"count":0,"href":"https:\/\/kinamihealth.com\/de\/wp-json\/wp\/v2\/product\/113460\/revisions"}],"wp:featuredmedia":[{"embeddable":true,"href":"https:\/\/kinamihealth.com\/de\/wp-json\/wp\/v2\/media\/102127"}],"wp:attachment":[{"href":"https:\/\/kinamihealth.com\/de\/wp-json\/wp\/v2\/media?parent=113460"}],"wp:term":[{"taxonomy":"product_brand","embeddable":true,"href":"https:\/\/kinamihealth.com\/de\/wp-json\/wp\/v2\/product_brand?post=113460"},{"taxonomy":"product_cat","embeddable":true,"href":"https:\/\/kinamihealth.com\/de\/wp-json\/wp\/v2\/product_cat?post=113460"},{"taxonomy":"product_tag","embeddable":true,"href":"https:\/\/kinamihealth.com\/de\/wp-json\/wp\/v2\/product_tag?post=113460"}],"curies":[{"name":"wp","href":"https:\/\/api.w.org\/{rel}","templated":true}]}}